{"id":6841,"date":"2024-11-11T22:02:42","date_gmt":"2024-11-11T21:02:42","guid":{"rendered":"https:\/\/www.ngdcare.nl\/product\/uncategorized\/protacal-tinte-ealaine\/"},"modified":"2026-01-02T12:51:55","modified_gmt":"2026-01-02T11:51:55","slug":"protacal-tinte-ealaine","status":"publish","type":"product","link":"https:\/\/www.ngdcare.nl\/ga\/veterinary-health\/protacail\/protacal-tinte-ealaine\/protacal-tinte-ealaine\/","title":{"rendered":"Pr\u00f3tacal tinte eala\u00edne"},"content":{"rendered":"<p>Cuid\u00edonn pr\u00f3tacal tinte eala\u00edne NGD Care le hainmhithe a bhfuil eagla orthu roimh tinte eala\u00edne ar leibh\u00e9al moth\u00fach\u00e1nach agus fisiceach. Chomh maith le heagla tinte eala\u00edne, is f\u00e9idir an pr\u00f3tacal seo a \u00fas\u00e1id i stoirmeacha toirn\u00ed agus i gc\u00e1sanna struis agus scaoll at\u00e1 \u00edogair \u00f3 thaobh torainn de.<\/p>\n<p style=\"font-weight: 400;\">T\u00e1 <strong>leigheasanna bl\u00e1thanna<\/strong> agus <strong>sprae\u00e1la cumhartheiripe<\/strong> sa <strong>phac\u00e1iste beag<\/strong> agus t\u00e1 s\u00e9 oiri\u00fanach le haghaidh imn\u00ed \u00e9adrom. Laghda\u00edonn na bl\u00e1thanna an leibh\u00e9al struis, sol\u00e1thra\u00edonn siad bun\u00fas agus laghda\u00edonn siad imn\u00ed agus scaoll ar leibh\u00e9al moth\u00fach\u00e1nach. T\u00e9ann an teaglaim ola riachtanach leibh\u00e9al amh\u00e1in n\u00edos doimhne agus cinnt\u00edonn s\u00e9 freisin talamh agus laghd\u00fa strus agus imn\u00ed. Is \u00ed an chomhairle n\u00e1 t\u00fas a chur leis seo ag t\u00fas mh\u00ed na Nollag.   <\/p>\n<p style=\"font-weight: 400;\">Cuims\u00edonn an <strong>pac\u00e1iste cuimsitheach<\/strong> <strong>ashwagandha \/ rhodiola liposomail,<\/strong> <strong>measc\u00e1n muisiri\u00fan 2<\/strong> , agus <strong>ola CBD<\/strong>, a thaca\u00edonn leis an n\u00e9arch\u00f3ras, rial\u00e1il struis, agus an c\u00f3ras imdh\u00edonachta. D\u00e9anann an teaglaim seo an t-ainmh\u00ed n\u00edos frithsheasmha\u00ed in aghaidh spreagtha\u00ed strusmhara cos\u00fail le torann tinte eala\u00edne. Is \u00ed an chomhairle n\u00e1 t\u00fas a chur leis seo 2 mh\u00ed roimh r\u00e9.  <\/p>\n<p style=\"font-weight: 400;\">I gc\u00e1s imn\u00ed tromch\u00faiseach, molaimid an pr\u00f3tacal bput\u00f3g agus an teiripe iompra\u00edochta a thos\u00fa 4 mh\u00ed roimh r\u00e9.<\/p>\n","protected":false},"excerpt":{"rendered":"<p style=\"font-weight: 400;\">Forbra\u00edodh Pr\u00f3tacal Tinte eala\u00edne C\u00faraim NGD go speisialta chun tac\u00fa le hainmhithe le tinte eala\u00edne, imn\u00ed agus c\u00e1sanna scaoll tr\u00e1macha eile. Sol\u00e1thra\u00edonn an pac\u00e1iste beag cothroma\u00edocht mhoth\u00fach\u00e1nach le essences bl\u00e1thanna agus bl\u00e1thola\u00ed. Taca\u00edonn an pac\u00e1iste m\u00f3r leis an gc\u00f3ras fisiceach freisin le adaptogens agus ola CBD.  <\/p>\n","protected":false},"featured_media":9641,"comment_status":"open","ping_status":"closed","template":"","meta":{"wds_primary_product_brand":0,"wds_primary_product_cat":22,"wds_primary_merken":0},"product_brand":[],"product_cat":[2128,2881],"product_tag":[3127,2482,1894,3130,3124,3126,1892,3122,2895,3123,3129,2137,3131,3128,3125],"merken":[],"class_list":{"0":"post-6841","1":"product","2":"type-product","3":"status-publish","4":"has-post-thumbnail","6":"product_cat-iompar","7":"product_cat-protacail","8":"product_tag-bang-ga","9":"product_tag-caitheamh-aimsire","10":"product_tag-cat-ga","11":"product_tag-cumhartheiripe","12":"product_tag-eagla","13":"product_tag-fuaimeanna-tinte-ealaine","14":"product_tag-madra","15":"product_tag-ola-cbd","16":"product_tag-protacal-curaim-ngd","17":"product_tag-protacal-tinte-ealaine","18":"product_tag-scaoll","19":"product_tag-strus","20":"product_tag-teiripe-blathanna","21":"product_tag-tinte-ealaine","22":"product_tag-truailliu-torainn","23":"infinite-scroll-item","24":"sales-flash-overlay","25":"woocommerce-text-align-center","26":"woocommerce-image-align-center","27":"do-quantity-buttons","29":"first","30":"instock","31":"sale","32":"taxable","33":"shipping-taxable","34":"purchasable","35":"product-type-variable"},"_links":{"self":[{"href":"https:\/\/www.ngdcare.nl\/ga\/wp-json\/wp\/v2\/product\/6841","targetHints":{"allow":["GET"]}}],"collection":[{"href":"https:\/\/www.ngdcare.nl\/ga\/wp-json\/wp\/v2\/product"}],"about":[{"href":"https:\/\/www.ngdcare.nl\/ga\/wp-json\/wp\/v2\/types\/product"}],"replies":[{"embeddable":true,"href":"https:\/\/www.ngdcare.nl\/ga\/wp-json\/wp\/v2\/comments?post=6841"}],"wp:featuredmedia":[{"embeddable":true,"href":"https:\/\/www.ngdcare.nl\/ga\/wp-json\/wp\/v2\/media\/9641"}],"wp:attachment":[{"href":"https:\/\/www.ngdcare.nl\/ga\/wp-json\/wp\/v2\/media?parent=6841"}],"wp:term":[{"taxonomy":"product_brand","embeddable":true,"href":"https:\/\/www.ngdcare.nl\/ga\/wp-json\/wp\/v2\/product_brand?post=6841"},{"taxonomy":"product_cat","embeddable":true,"href":"https:\/\/www.ngdcare.nl\/ga\/wp-json\/wp\/v2\/product_cat?post=6841"},{"taxonomy":"product_tag","embeddable":true,"href":"https:\/\/www.ngdcare.nl\/ga\/wp-json\/wp\/v2\/product_tag?post=6841"},{"taxonomy":"merken","embeddable":true,"href":"https:\/\/www.ngdcare.nl\/ga\/wp-json\/wp\/v2\/merken?post=6841"}],"curies":[{"name":"wp","href":"https:\/\/api.w.org\/{rel}","templated":true}]}}