{"id":6859,"date":"2024-01-25T10:04:17","date_gmt":"2024-01-25T10:04:17","guid":{"rendered":"https:\/\/www.ngdcare.nl\/product\/uncategorized\/tacaiocht-beal-aroma\/"},"modified":"2024-01-25T10:04:17","modified_gmt":"2024-01-25T09:04:17","slug":"tacaiocht-beal-aroma","status":"publish","type":"product","link":"https:\/\/www.ngdcare.nl\/ga\/product\/veterinary-health\/cumhartheiripe\/tacaiocht-beal-aroma\/","title":{"rendered":"Taca\u00edocht B\u00e9al Aroma"},"content":{"rendered":"<p class=\"p1\">Is foirmle cumhartheiripe n\u00e1d\u00fartha \u00e9 <span class=\"s1\"><br \/>\n  <b>NGD Care \u2013 Mouth Support<\/b><br \/>\n<\/span> do fhiacla agus guma\u00ed madra\u00ed agus cait. Comhdh\u00e9anta de bl\u00e1thola\u00ed le hair\u00edonna <span class=\"s1\"><br \/>\n  <b>antibacterial<\/b><br \/>\n<\/span>, <span class=\"s1\"><br \/>\n  <b>frith-athlastacha<\/b><br \/>\n<\/span> agus <span class=\"s1\"><br \/>\n  <b>athnuachana<\/b><br \/>\n<\/span>, d\u00e9antar an sprae\u00e1la b\u00e9il seo a thuaslagadh in uisce driogtha le h\u00fas\u00e1id go s\u00e1bh\u00e1ilte sa bh\u00e9al. <\/p>\n<p class=\"p1\">Cuid\u00edonn an sprae\u00e1la le:<\/p>\n<ul>\n<li>\n<p class=\"p1\"><b>Droch-an\u00e1il (halitosis)<\/b><b><\/b><\/p>\n<\/li>\n<li>\n<p class=\"p1\"><b>Gingivitis<\/b><b><\/b><\/p>\n<\/li>\n<li>\n<p class=\"p1\"><b>Taca\u00edocht Miocribhith\u00f3im B\u00e9il<\/b><b><\/b><\/p>\n<\/li>\n<li>\n<p class=\"p1\"><b>Cosc a chur ar phlaic\/tartar<\/b><\/p>\n<\/li>\n<\/ul>\n<p class=\"p4\"><b>Ola\u00ed gn\u00edomhacha:<\/b><b><\/b><\/p>\n<ul>\n<li>\n<p class=\"p1\"><span class=\"s1\"><br \/>\n  <b>Super mint agus fin\u00e9al<\/b><br \/>\n<\/span> \u2013 le haghaidh boladh \u00far agus \u00e9ifeacht antibacterial \u00e9adrom<\/p>\n<\/li>\n<li>\n<p class=\"p1\"><span class=\"s1\"><br \/>\n  <b>Coriander &amp; copaiba<\/b><br \/>\n<\/span> \u2013 cuidigh le guma\u00ed a choinne\u00e1il sl\u00e1inti\u00fail tr\u00ed \u00e9ifeachta\u00ed antibacterial agus frith-athlastacha<\/p>\n<\/li>\n<li>\n<p class=\"p1\"><span class=\"s1\"><br \/>\n  <b>Myrrh &amp; Rosemary<\/b><br \/>\n<\/span> \u2013 a \u00fas\u00e1idtear go traidisi\u00fanta le haghaidh galar guma<\/p>\n<\/li>\n<li>\n<p class=\"p1\"><span class=\"s1\"><br \/>\n  <b>Lavender<\/b><br \/>\n<\/span> \u2013 suaimhneach agus soothing ar seicn\u00ed m\u00facasacha<\/p>\n<\/li>\n<\/ul>\n<p class=\"p1\">T\u00e1 an sprae\u00e1la an-oiri\u00fanach le haghaidh taca\u00edochta chomh maith le fiacla a scuabadh n\u00f3 uachtar \u00f3z\u00f3in a chur i bhfeidhm.<\/p>\n","protected":false},"excerpt":{"rendered":"<p class=\"p1\">Is sprae\u00e1la b\u00e9il n\u00e1d\u00fartha \u00e9 NGD Care Mouth Support at\u00e1 bunaithe ar bl\u00e1thola\u00ed, chun tac\u00fa le sl\u00e1inte b\u00e9il madra\u00ed agus cait. Freshens an an\u00e1il agus taca\u00edonn s\u00e9 le guma\u00ed agus fiacla. <\/p>\n","protected":false},"featured_media":12615,"comment_status":"open","ping_status":"closed","template":"","meta":{"wds_primary_product_brand":0,"wds_primary_product_cat":19,"wds_primary_merken":0},"product_brand":[],"product_cat":[1810,3210],"product_tag":[],"merken":[],"class_list":{"0":"post-6859","1":"product","2":"type-product","3":"status-publish","4":"has-post-thumbnail","6":"product_cat-cumhartheiripe","7":"product_cat-fiacla","8":"infinite-scroll-item","9":"sales-flash-overlay","10":"woocommerce-text-align-center","11":"woocommerce-image-align-center","12":"do-quantity-buttons","14":"first","15":"instock","16":"taxable","17":"shipping-taxable","18":"purchasable","19":"product-type-simple"},"_links":{"self":[{"href":"https:\/\/www.ngdcare.nl\/ga\/wp-json\/wp\/v2\/product\/6859","targetHints":{"allow":["GET"]}}],"collection":[{"href":"https:\/\/www.ngdcare.nl\/ga\/wp-json\/wp\/v2\/product"}],"about":[{"href":"https:\/\/www.ngdcare.nl\/ga\/wp-json\/wp\/v2\/types\/product"}],"replies":[{"embeddable":true,"href":"https:\/\/www.ngdcare.nl\/ga\/wp-json\/wp\/v2\/comments?post=6859"}],"wp:featuredmedia":[{"embeddable":true,"href":"https:\/\/www.ngdcare.nl\/ga\/wp-json\/wp\/v2\/media\/12615"}],"wp:attachment":[{"href":"https:\/\/www.ngdcare.nl\/ga\/wp-json\/wp\/v2\/media?parent=6859"}],"wp:term":[{"taxonomy":"product_brand","embeddable":true,"href":"https:\/\/www.ngdcare.nl\/ga\/wp-json\/wp\/v2\/product_brand?post=6859"},{"taxonomy":"product_cat","embeddable":true,"href":"https:\/\/www.ngdcare.nl\/ga\/wp-json\/wp\/v2\/product_cat?post=6859"},{"taxonomy":"product_tag","embeddable":true,"href":"https:\/\/www.ngdcare.nl\/ga\/wp-json\/wp\/v2\/product_tag?post=6859"},{"taxonomy":"merken","embeddable":true,"href":"https:\/\/www.ngdcare.nl\/ga\/wp-json\/wp\/v2\/merken?post=6859"}],"curies":[{"name":"wp","href":"https:\/\/api.w.org\/{rel}","templated":true}]}}