{"id":6891,"date":"2025-09-27T21:51:08","date_gmt":"2025-09-27T19:51:08","guid":{"rendered":"https:\/\/www.ngdcare.nl\/product\/uncategorized\/tacaiocht-mainliachta\/"},"modified":"2025-09-27T21:51:08","modified_gmt":"2025-09-27T19:51:08","slug":"tacaiocht-mainliachta","status":"publish","type":"product","link":"https:\/\/www.ngdcare.nl\/ga\/product\/leigheasanna-blathanna\/tacaiocht-mainliachta\/","title":{"rendered":"Taca\u00edocht m\u00e1inliachta"},"content":{"rendered":"<p>\u00c1r dTreoir <strong><br \/>\n  <span style=\"font-size: inherit;\">um Ch\u00fanamh<\/span><br \/>\n<\/strong> <span style=\"font-size: inherit;\">C\u00faraim NGD <\/span><strong style=\"font-weight: 400; font-size: inherit;\">\u2013 Taca\u00edocht M\u00e1inliachta<\/strong><span style=\"font-weight: 400; font-size: inherit;\">  Is leigheas bl\u00e1thanna cumtha go c\u00faramach \u00e9 do dhaoine agus d&#8217;ainmhithe, at\u00e1 d\u00edrithe ar thaca\u00edocht le linn agus tar \u00e9is oibr\u00edochta\u00ed, ain\u00e9ist\u00e9ise n\u00f3 n\u00f3sanna imeachta fisici\u00fala eile. Oibr\u00edonn an cro\u00edl\u00e1r seo ar leibh\u00e9al domhain fuinni\u00fail: cabhra\u00edonn s\u00e9 leis an gcorp a athch\u00f3na\u00ed, cosna\u00edonn s\u00e9 i gcoinne ionradh fuinni\u00fail agus cuireann s\u00e9 sc\u00edth, muin\u00edn agus t\u00e9arnamh chun cinn. <\/span><\/p>\n<p style=\"font-weight: 400;\">T\u00e1 an measc\u00e1n de bl\u00e1thanna na hAstr\u00e1ile agus Star Remedies d\u00edrithe ar <strong>bhun\u00fa, pr\u00f3ise\u00e1il tr\u00e1ma, t\u00e9arnamh fuinni\u00fail<\/strong> agus <strong>cosaint mhoth\u00fach\u00e1nach<\/strong>. T\u00e1 an leigheas seo oiri\u00fanach do: <\/p>\n<ul style=\"font-weight: 400;\">\n<li>T\u00e9arnamh tar \u00e9is ain\u00e9ist\u00e9ise<\/li>\n<li>f\u00edoch\u00e1n scar n\u00f3 &#8216;sceitheadh&#8217; fuinni\u00fail<\/li>\n<li>turraing, eagla n\u00f3 moth\u00fa tr\u00e9igthe<\/li>\n<li>m\u00edshuaimhneas domhain le linn an phr\u00f3isis cneasaithe<\/li>\n<\/ul>\n<p style=\"font-weight: 400;\">Is f\u00e9idir \u00e9 a \u00fas\u00e1id chun tac\u00fa le cneasaithe cr\u00e9achta, t\u00e9arnamh tar \u00e9is breoiteachta, agus strus fisici\u00fail n\u00f3 moth\u00fach\u00e1nach in ainmhithe agus daoine. B&#8217;fhearr a chomhcheangal le c\u00faram milis, sc\u00edth a ligean agus timpeallacht sh\u00e1bh\u00e1ilte. <\/p>\n<p style=\"font-weight: 400;\"><strong>Comhdh\u00e9anamh agus \u00e9ifeacht<\/strong><\/p>\n<ul style=\"font-weight: 400;\">\n<li><strong>Terra<\/strong> \u2013 Aisghabh\u00e1il, talamh agus m\u00fascailt tar \u00e9is ain\u00e9ist\u00e9ise.<\/li>\n<li><strong>Angelsword<\/strong> \u2013 Cosaint i gcoinne ionradh spiorad\u00e1lta \/ fuinni\u00fail (mar shampla gearradh n\u00f3 sedation).<\/li>\n<li><strong>Violet Fringed<\/strong> \u2013 Athch\u00f3ir\u00edonn aura agus corp etheric.<\/li>\n<li><strong>Rhodolite Garnet<\/strong> \u2013 Cuid\u00edonn s\u00e9 le comhlacht a athch\u00f3na\u00ed; Aisghabh\u00e1il an ghr\u00e9as\u00e1in fuinni\u00fail.<\/li>\n<li><strong>AnimalCare<\/strong> \u2013 Garchabhair le haghaidh turraing, tr\u00e1ma n\u00f3 tr\u00e9igean.<\/li>\n<li><strong>Gr\u00e1 &amp; D\u00f3chas<\/strong> \u2013 Compord, gr\u00e1, s\u00e9imh agus muin\u00edn.<\/li>\n<li><strong>Star of Bethlehem<\/strong> \u2013 Glant\u00f3ir tr\u00e1ma ag leibh\u00e9al na ceallacha agus an anama.<\/li>\n<li><strong>Poppy<\/strong> \u2013 Taca\u00edonn s\u00e9 le g\u00e9illeadh, pr\u00f3ise\u00e1il agus sc\u00edth le linn codlata n\u00f3 sedation.<\/li>\n<li><strong>Bl\u00e1th masc<\/strong> \u2013 Lig eagla dul, moth\u00fa sl\u00e1nd\u00e1la a mh\u00e9ad\u00fa.<\/li>\n<li><strong>Luibh Grace (Scutellaria)<\/strong> \u2013 Calms n\u00e9arch\u00f3ras, cuireann s\u00e9 t\u00e9arnamh fisiceach chun cinn.<\/li>\n<\/ul>\n<p>Le haghaidh treoir ioml\u00e1n, molaimid duit an pac\u00e1iste iar-op a cheannach. Chomh maith leis na bl\u00e1thanna, t\u00e1 \u00e1r curcumin liposomal agus chlorella, spirulina agus alfalfa ann freisin. <\/p>\n","protected":false},"excerpt":{"rendered":"<p>Taca\u00edonn an fhoirmle bl\u00e1thanna cumhachtach seo le hainmhithe agus le daoine roimh, le linn agus tar \u00e9is oibr\u00edochta\u00ed. Cuid\u00edonn s\u00e9 le talamh, aisghabh\u00e1il tr\u00e1ma, cosaint agus aisghabh\u00e1il an chomhlachta fuinni\u00fail. Oiri\u00fanach le haghaidh ain\u00e9ist\u00e9ise, cneasaithe cr\u00e9achta, turraing agus br\u00fa moth\u00fach\u00e1nach.  <\/p>\n","protected":false},"featured_media":5488,"comment_status":"open","ping_status":"closed","template":"","meta":{"wds_primary_product_brand":0,"wds_primary_product_cat":0,"wds_primary_merken":0},"product_brand":[],"product_cat":[3275],"product_tag":[3300,3296,3302,3297,3298,3295,3293,3294],"merken":[],"class_list":{"0":"post-6891","1":"product","2":"type-product","3":"status-publish","4":"has-post-thumbnail","6":"product_cat-leigheasanna-blathanna","7":"product_tag-aisghabhail-aura","8":"product_tag-blathanna-cneasaithe-trama","9":"product_tag-blathanna-curam-ngd","10":"product_tag-blathanna-dainmhithe","11":"product_tag-blossom-le-linn-aineisteise","12":"product_tag-mainliacht-leigheas-blathanna","13":"product_tag-tearnamh-fuinniuil","14":"product_tag-tearnamh-iar-obraide","15":"infinite-scroll-item","16":"sales-flash-overlay","17":"woocommerce-text-align-center","18":"woocommerce-image-align-center","19":"do-quantity-buttons","21":"first","22":"instock","23":"taxable","24":"shipping-taxable","25":"purchasable","26":"product-type-simple"},"_links":{"self":[{"href":"https:\/\/www.ngdcare.nl\/ga\/wp-json\/wp\/v2\/product\/6891","targetHints":{"allow":["GET"]}}],"collection":[{"href":"https:\/\/www.ngdcare.nl\/ga\/wp-json\/wp\/v2\/product"}],"about":[{"href":"https:\/\/www.ngdcare.nl\/ga\/wp-json\/wp\/v2\/types\/product"}],"replies":[{"embeddable":true,"href":"https:\/\/www.ngdcare.nl\/ga\/wp-json\/wp\/v2\/comments?post=6891"}],"wp:featuredmedia":[{"embeddable":true,"href":"https:\/\/www.ngdcare.nl\/ga\/wp-json\/wp\/v2\/media\/5488"}],"wp:attachment":[{"href":"https:\/\/www.ngdcare.nl\/ga\/wp-json\/wp\/v2\/media?parent=6891"}],"wp:term":[{"taxonomy":"product_brand","embeddable":true,"href":"https:\/\/www.ngdcare.nl\/ga\/wp-json\/wp\/v2\/product_brand?post=6891"},{"taxonomy":"product_cat","embeddable":true,"href":"https:\/\/www.ngdcare.nl\/ga\/wp-json\/wp\/v2\/product_cat?post=6891"},{"taxonomy":"product_tag","embeddable":true,"href":"https:\/\/www.ngdcare.nl\/ga\/wp-json\/wp\/v2\/product_tag?post=6891"},{"taxonomy":"merken","embeddable":true,"href":"https:\/\/www.ngdcare.nl\/ga\/wp-json\/wp\/v2\/merken?post=6891"}],"curies":[{"name":"wp","href":"https:\/\/api.w.org\/{rel}","templated":true}]}}