{"id":6902,"date":"2025-06-19T22:51:27","date_gmt":"2025-06-19T20:51:27","guid":{"rendered":"https:\/\/www.ngdcare.nl\/product\/uncategorized\/copar-colloideach\/"},"modified":"2025-10-07T13:23:56","modified_gmt":"2025-10-07T11:23:56","slug":"copar-colloideach","status":"publish","type":"product","link":"https:\/\/www.ngdcare.nl\/ga\/product\/cogaslann-peatai-nadurtha\/beocht-ghinearalta\/copar-colloideach\/","title":{"rendered":"Copar coll\u00f3ideach"},"content":{"rendered":"<p style=\"font-weight: 400;\"><strong>C\u00faram NGD \u2013 Is<\/strong> tuaslag\u00e1n leachtach de chopar \u00edon \u00e9 Copar coll\u00f3ideach i dti\u00fachan 5 PPM (codanna in aghaidh an mhilli\u00fan), tuaslagtha in uisce driogtha. T\u00e1 <strong>nanach\u00e1ithn\u00edn\u00ed copair<\/strong> ann, a chinnt\u00edonn bith-infhaighteacht ard agus ions\u00fa spriocdh\u00edrithe sa chorp. T\u00e1 an leacht soil\u00e9ir agus t\u00e1 dath glas-bu\u00ed \u00e9adrom tr\u00e9ithi\u00fail aige.  <\/p>\n<p style=\"font-weight: 400;\">Is riand\u00fail riachtanach \u00e9 copar a bhfuil baint aige le go leor pr\u00f3isis choirp, mar shampla <strong>t\u00f3g\u00e1il f\u00edoch\u00e1n nascach, pigmentation, cneasaithe cr\u00e9achta agus an c\u00f3ras imdh\u00edonachta<\/strong>. T\u00e1 copar coll\u00f3ideach oiri\u00fanach le <strong>h\u00fas\u00e1id inmhe\u00e1nach agus seachtrach<\/strong> in ainmhithe agus i ndaoine. <\/p>\n<p style=\"font-weight: 400;\">Mar gheall ar a ghn\u00edomh cumhachtach, n\u00edl an t\u00e1irge seo oiri\u00fanach le haghaidh \u00fas\u00e1ide fadt\u00e9armacha n\u00f3 coisctheach, agus n\u00edor ch\u00f3ir \u00e9 a chomhcheangal le foins\u00ed copair eile. T\u00e1 s\u00e9 \u00fas\u00e1ideach go h\u00e1irithe i nganntanais shealadacha n\u00f3 i gc\u00e1sanna g\u00e9armh\u00edochaine ina dteasta\u00edonn taca\u00edocht bhreise \u00f3n teaghlach copair. <\/p>\n<p style=\"font-weight: 400;\">Mar is amhlaidh le haon ullmh\u00fach\u00e1n copair, <strong>ba ch\u00f3ir a bheith c\u00faramach<\/strong> in ainmhithe a bhfuil fadhbanna ae acu, in ainmhithe beaga n\u00f3 i gc\u00e1s riarach\u00e1in fhadt\u00e9armach. T\u00e1 d\u00e1ileog cheart riachtanach chun r\u00f3-ualach a chosc. <\/p>\n","protected":false},"excerpt":{"rendered":"<p style=\"font-weight: 400;\">Copar coll\u00f3ideach (5 PPM) le nana-ch\u00e1ithn\u00edn\u00ed \u00edon in uisce \u00edonaithe. Taca\u00edonn s\u00e9 le craiceann, f\u00edoch\u00e1n nascach agus c\u00f3ras imdh\u00edonachta i ndaoine agus in ainmhithe. N\u00edl s\u00e9 oiri\u00fanach le h\u00fas\u00e1id go fadt\u00e9armach.  <\/p>\n","protected":false},"featured_media":4746,"comment_status":"open","ping_status":"closed","template":"","meta":[],"product_brand":[],"product_cat":[2129,2074,3380],"product_tag":[1894,3381,3383,3385,3011,3386,1892,3387,3384,3382],"merken":[],"class_list":{"0":"post-6902","1":"product","2":"type-product","3":"status-publish","4":"has-post-thumbnail","6":"product_cat-beocht-ghinearalta","7":"product_cat-frith-athlastach","8":"product_cat-colloideach","9":"product_tag-cat-ga","10":"product_tag-colloideach","11":"product_tag-copar","12":"product_tag-craiceann-ga","13":"product_tag-craiceann","14":"product_tag-curam","15":"product_tag-madra","16":"product_tag-mianrai","17":"product_tag-nano-copar","18":"product_tag-ngd-curam-colloideach","19":"infinite-scroll-item","20":"sales-flash-overlay","21":"woocommerce-text-align-center","22":"woocommerce-image-align-center","23":"do-quantity-buttons","25":"first","26":"instock","27":"taxable","28":"shipping-taxable","29":"purchasable","30":"product-type-simple"},"_links":{"self":[{"href":"https:\/\/www.ngdcare.nl\/ga\/wp-json\/wp\/v2\/product\/6902","targetHints":{"allow":["GET"]}}],"collection":[{"href":"https:\/\/www.ngdcare.nl\/ga\/wp-json\/wp\/v2\/product"}],"about":[{"href":"https:\/\/www.ngdcare.nl\/ga\/wp-json\/wp\/v2\/types\/product"}],"replies":[{"embeddable":true,"href":"https:\/\/www.ngdcare.nl\/ga\/wp-json\/wp\/v2\/comments?post=6902"}],"wp:featuredmedia":[{"embeddable":true,"href":"https:\/\/www.ngdcare.nl\/ga\/wp-json\/wp\/v2\/media\/4746"}],"wp:attachment":[{"href":"https:\/\/www.ngdcare.nl\/ga\/wp-json\/wp\/v2\/media?parent=6902"}],"wp:term":[{"taxonomy":"product_brand","embeddable":true,"href":"https:\/\/www.ngdcare.nl\/ga\/wp-json\/wp\/v2\/product_brand?post=6902"},{"taxonomy":"product_cat","embeddable":true,"href":"https:\/\/www.ngdcare.nl\/ga\/wp-json\/wp\/v2\/product_cat?post=6902"},{"taxonomy":"product_tag","embeddable":true,"href":"https:\/\/www.ngdcare.nl\/ga\/wp-json\/wp\/v2\/product_tag?post=6902"},{"taxonomy":"merken","embeddable":true,"href":"https:\/\/www.ngdcare.nl\/ga\/wp-json\/wp\/v2\/merken?post=6902"}],"curies":[{"name":"wp","href":"https:\/\/api.w.org\/{rel}","templated":true}]}}