{"id":6942,"date":"2025-05-30T00:13:16","date_gmt":"2025-05-29T22:13:16","guid":{"rendered":"https:\/\/www.ngdcare.nl\/product\/uncategorized\/maca\/"},"modified":"2025-05-30T00:13:16","modified_gmt":"2025-05-29T22:13:16","slug":"maca","status":"publish","type":"product","link":"https:\/\/www.ngdcare.nl\/ga\/veterinary-health\/saibhriu\/toppings-bia\/maca\/maca\/","title":{"rendered":"Maca"},"content":{"rendered":"<p class=\"p1\"><span class=\"s1\"><br \/>\n  <b>C\u00faram NGD \u2013 Is<\/b><br \/>\n<\/span> forl\u00edonadh adaptogenic cumhachtach \u00e9 p\u00fadar Maca at\u00e1 bunaithe ar fhr\u00e9amh an phlanda <i>Lepidium meyenii<\/i> \u2013 ar a dtugtar ginseng Peruvian n\u00edos fearr. F\u00e1sann an fhr\u00e9amh seo faoi choinn\u00edollacha foircneacha ag airde arda sna hAind\u00e9is agus t\u00e1 s\u00e9 in \u00fas\u00e1id leis na m\u00edlte bliain mar bhia cumhachta sa leigheas traidisi\u00fanta agus san eala\u00edn i Peiri\u00fa. <\/p>\n<p class=\"p1\">T\u00e1 baint ag Maca le glasra\u00ed cruciferous cos\u00fail le brocail\u00ed, raidis\u00ed, agus c\u00f3ilis. T\u00e1 s\u00e9 saibhir i <span class=\"s1\"><b>vitim\u00edn\u00ed B <\/b>(Vit B1, 2, 3, 6 agus 9),<\/span> <span class=\"s1\"><br \/>\n  <b>vitim\u00edn\u00ed D agus E<\/b><br \/>\n<\/span>, agus mianra\u00ed cos\u00fail le <span class=\"s1\"><br \/>\n  <b>cailciam, iarann, maign\u00e9isiam, fosfar agus since<\/b><br \/>\n<\/span>. Ina theannta sin, t\u00e1 Glucosinolates, steir\u00f3il agus polyphenols i maca. T\u00e1 an fhr\u00e9amh ar eolas mar gheall ar a <span class=\"s1\"><br \/>\n  <b>ghn\u00edomh adaptogenic<\/b><br \/>\n<\/span>: cabhra\u00edonn s\u00e9 leis an gcomhlacht d\u00e9ile\u00e1il n\u00edos fearr le strus fisiceach, meabhrach n\u00f3 horm\u00f3nach. Ina theannta sin, tugann s\u00e9 n\u00edos m\u00f3 fuinnimh agus cuireann s\u00e9 le gi\u00famar, stamina agus cothroma\u00edocht horm\u00f3nach n\u00edos fearr.    <\/p>\n<p class=\"p1\">T\u00e1 p\u00fadar Maca oiri\u00fanach go h\u00e1irithe d&#8217;ainmhithe i gc\u00e1sanna struis, le linn t\u00e9arnaimh n\u00f3 i gc\u00e1s \u00e9agothroime horm\u00f3nach (m.sh. teas, seanaois, tuirse). Chomh maith leis sin foirfe le h\u00fas\u00e1id i caoineoga n\u00f3 teannd\u00e1ileoga fuinnimh i ndaoine. <\/p>\n<p>&nbsp;<\/p>\n","protected":false},"excerpt":{"rendered":"<p class=\"p1\">Is fr\u00e9amh adaptogenic \u00e9 Maca le luach cothaitheach saibhir agus \u00e9ifeacht laghdaithe struis. Le haghaidh n\u00edos m\u00f3 fuinnimh, cothroma\u00edochta agus beogacht i madra\u00ed, cait agus daoine. <\/p>\n","protected":false},"featured_media":11318,"comment_status":"open","ping_status":"closed","template":"","meta":{"wds_primary_product_brand":0,"wds_primary_product_cat":15,"wds_primary_merken":0},"product_brand":[],"product_cat":[2522,2523],"product_tag":[],"merken":[],"class_list":{"0":"post-6942","1":"product","2":"type-product","3":"status-publish","4":"has-post-thumbnail","6":"product_cat-saibhriu","7":"product_cat-toppings-bia","8":"infinite-scroll-item","9":"sales-flash-overlay","10":"woocommerce-text-align-center","11":"woocommerce-image-align-center","12":"do-quantity-buttons","14":"first","15":"instock","16":"taxable","17":"shipping-taxable","18":"purchasable","19":"product-type-simple"},"_links":{"self":[{"href":"https:\/\/www.ngdcare.nl\/ga\/wp-json\/wp\/v2\/product\/6942","targetHints":{"allow":["GET"]}}],"collection":[{"href":"https:\/\/www.ngdcare.nl\/ga\/wp-json\/wp\/v2\/product"}],"about":[{"href":"https:\/\/www.ngdcare.nl\/ga\/wp-json\/wp\/v2\/types\/product"}],"replies":[{"embeddable":true,"href":"https:\/\/www.ngdcare.nl\/ga\/wp-json\/wp\/v2\/comments?post=6942"}],"wp:featuredmedia":[{"embeddable":true,"href":"https:\/\/www.ngdcare.nl\/ga\/wp-json\/wp\/v2\/media\/11318"}],"wp:attachment":[{"href":"https:\/\/www.ngdcare.nl\/ga\/wp-json\/wp\/v2\/media?parent=6942"}],"wp:term":[{"taxonomy":"product_brand","embeddable":true,"href":"https:\/\/www.ngdcare.nl\/ga\/wp-json\/wp\/v2\/product_brand?post=6942"},{"taxonomy":"product_cat","embeddable":true,"href":"https:\/\/www.ngdcare.nl\/ga\/wp-json\/wp\/v2\/product_cat?post=6942"},{"taxonomy":"product_tag","embeddable":true,"href":"https:\/\/www.ngdcare.nl\/ga\/wp-json\/wp\/v2\/product_tag?post=6942"},{"taxonomy":"merken","embeddable":true,"href":"https:\/\/www.ngdcare.nl\/ga\/wp-json\/wp\/v2\/merken?post=6942"}],"curies":[{"name":"wp","href":"https:\/\/api.w.org\/{rel}","templated":true}]}}