{"id":6955,"date":"2025-05-30T00:14:19","date_gmt":"2025-05-29T22:14:19","guid":{"rendered":"https:\/\/www.ngdcare.nl\/product\/uncategorized\/brocaili\/"},"modified":"2025-10-04T14:21:43","modified_gmt":"2025-10-04T12:21:43","slug":"brocaili","status":"publish","type":"product","link":"https:\/\/www.ngdcare.nl\/ga\/product\/veterinary-health\/saibhriu\/toppings-bia\/brocaili\/","title":{"rendered":"Brocail\u00ed"},"content":{"rendered":"<p class=\"p1\"><span class=\"s1\"><br \/>\n  <b>C\u00faram NGD \u2013 Is<\/b><br \/>\n<\/span> daingni\u00fa cumhachtach agus uile-n\u00e1d\u00fartha \u00e9 p\u00fadar brocail\u00ed bunaithe ar brocail\u00ed org\u00e1nacha. D\u00e9antar an p\u00fadar as na codanna inite go l\u00e9ir den brocail\u00ed \u2013 lena n-\u00e1ir\u00edtear na bl\u00e1thanna, na duilleoga agus na gais tana\u00ed \u2013 chun an luach cothaitheach ioml\u00e1n a chaomhn\u00fa. <\/p>\n<p class=\"p1\">T\u00e1 brocail\u00ed ar eolas mar gheall ar a \u00e1bhar saibhir sn\u00e1ith\u00edn, b\u00e9ite-carot\u00edn, vitim\u00edn\u00ed C, K, agus B9, agus mianra\u00ed cailciam, potaisiam agus maign\u00e9isiam. Ina theannta sin, t\u00e1 glucosinolates ann mar sulforaphane, substaint bhithghn\u00edomhach a ndearnadh staid\u00e9ar eola\u00edoch uirthi as a \u00e9ifeacht chosanta ar chealla agus a thaca\u00edocht do dh\u00edthocsaini\u00fa agus cosc meall. <\/p>\n<p class=\"p1\">Mar gheall ar an meilt m\u00edn, t\u00e1 an p\u00fadar absorbed go maith ag madra\u00ed agus cait araon. T\u00e1 s\u00e9 an-oiri\u00fanach mar <i>bharr saibhri\u00fa<\/i> laeth\u00fail, mar ionadach glasra\u00ed n\u00f3 mar chuid de phr\u00f3tacal gut n\u00f3 detox. <\/p>\n","protected":false},"excerpt":{"rendered":"<p class=\"p1\">P\u00fadar brocail\u00ed org\u00e1nach chun an bheatha a shaibhri\u00fa. Saibhir i sn\u00e1ith\u00edn, cailciam, b\u00e9ite-carot\u00edn agus vitim\u00edn C. Taca\u00edonn s\u00e9 leis an microbiome agus an tsl\u00e1inte ioml\u00e1n. <\/p>\n","protected":false},"featured_media":11240,"comment_status":"open","ping_status":"closed","template":"","meta":{"wds_primary_product_brand":0,"wds_primary_product_cat":188,"wds_primary_merken":0},"product_brand":[],"product_cat":[2522,2523],"product_tag":[],"merken":[],"class_list":{"0":"post-6955","1":"product","2":"type-product","3":"status-publish","4":"has-post-thumbnail","6":"product_cat-saibhriu","7":"product_cat-toppings-bia","8":"infinite-scroll-item","9":"sales-flash-overlay","10":"woocommerce-text-align-center","11":"woocommerce-image-align-center","12":"do-quantity-buttons","14":"first","15":"instock","16":"taxable","17":"shipping-taxable","18":"purchasable","19":"product-type-simple"},"_links":{"self":[{"href":"https:\/\/www.ngdcare.nl\/ga\/wp-json\/wp\/v2\/product\/6955","targetHints":{"allow":["GET"]}}],"collection":[{"href":"https:\/\/www.ngdcare.nl\/ga\/wp-json\/wp\/v2\/product"}],"about":[{"href":"https:\/\/www.ngdcare.nl\/ga\/wp-json\/wp\/v2\/types\/product"}],"replies":[{"embeddable":true,"href":"https:\/\/www.ngdcare.nl\/ga\/wp-json\/wp\/v2\/comments?post=6955"}],"wp:featuredmedia":[{"embeddable":true,"href":"https:\/\/www.ngdcare.nl\/ga\/wp-json\/wp\/v2\/media\/11240"}],"wp:attachment":[{"href":"https:\/\/www.ngdcare.nl\/ga\/wp-json\/wp\/v2\/media?parent=6955"}],"wp:term":[{"taxonomy":"product_brand","embeddable":true,"href":"https:\/\/www.ngdcare.nl\/ga\/wp-json\/wp\/v2\/product_brand?post=6955"},{"taxonomy":"product_cat","embeddable":true,"href":"https:\/\/www.ngdcare.nl\/ga\/wp-json\/wp\/v2\/product_cat?post=6955"},{"taxonomy":"product_tag","embeddable":true,"href":"https:\/\/www.ngdcare.nl\/ga\/wp-json\/wp\/v2\/product_tag?post=6955"},{"taxonomy":"merken","embeddable":true,"href":"https:\/\/www.ngdcare.nl\/ga\/wp-json\/wp\/v2\/merken?post=6955"}],"curies":[{"name":"wp","href":"https:\/\/api.w.org\/{rel}","templated":true}]}}