{"id":6963,"date":"2025-09-15T21:16:52","date_gmt":"2025-09-15T19:16:52","guid":{"rendered":"https:\/\/www.ngdcare.nl\/product\/uncategorized\/titeann-cluaise-jojoba-ozoin-titeann-cluas\/"},"modified":"2026-03-29T14:17:24","modified_gmt":"2026-03-29T12:17:24","slug":"titeann-cluaise-jojoba-ozoin-titeann-cluas","status":"publish","type":"product","link":"https:\/\/www.ngdcare.nl\/ga\/product\/cluasa\/titeann-cluaise-jojoba-ozoin-titeann-cluas\/","title":{"rendered":"Titeann Cluaise Jojoba \u00d3z\u00f3in \u2013 Titeann Cluas"},"content":{"rendered":"<p data-start=\"5243\" data-end=\"5799\">Titeann Cluas \u00d3z\u00f3in Jojoba \u2013 Is <strong data-start=\"5336\" data-end=\"5379\">drops cluaise milis, \u00f3z\u00f3inithe go h\u00e9adrom<\/strong> iad <strong data-start=\"5317\" data-end=\"5330\">Ear Drops<\/strong> bunaithe ar <strong data-start=\"5393\" data-end=\"5408\">ola jojoba<\/strong>. Cinnt\u00edonn an <strong data-start=\"5413\" data-end=\"5433\">slaodacht \u00edseal <\/strong>go mbraitheann na braoin\u00edn\u00ed <strong data-start=\"5456\" data-end=\"5471\">compordach<\/strong> agus go bhfanann <strong data-start=\"5485\" data-end=\"5512\">siad i bhfeidhm beag\u00e1n n\u00edos faide<\/strong> n\u00e1 tuaslag\u00e1in uisc\u00ed. T\u00e1 an comhdh\u00e9anamh <strong data-start=\"5550\" data-end=\"5565\">saor \u00f3 chumhr\u00e1in<\/strong> beartaithe le haghaidh <strong data-start=\"5596\" data-end=\"5624\">c\u00faram cluaise seachtrach<\/strong> (pinna agus can\u00e1il chluaise sheachtrach). D\u00e9antar an ola jojoba seo a ozon\u00fa ar feadh tr\u00e9imhse n\u00edos giorra i gcompar\u00e1id leis an balsam jojoba. Coinn\u00edonn s\u00e9 seo an ola leachtach agus \u00e9asca a chur isteach sa chluas agus suathaireacht.   <\/p>\n<p data-start=\"5801\" data-end=\"5851\"><strong data-start=\"5801\" data-end=\"5849\">Is iad na r\u00e9ims\u00ed feidhme <\/strong>c\u00faram laeth\u00fail ar an gcluas seachtrach agus ar an gcan\u00e1il chluaise sheachtrach. T\u00e9ann an ola jojoba ozonated go maith tr\u00ed bhithscann\u00e1n pataigineach na cluaise i gc\u00e1s an iomarca t\u00e1irgeadh cluaise, ach freisin chun tac\u00fa le hionfhabhtuithe cluaise (otitis externa) mar gheall ar r\u00f3fh\u00e1s baict\u00e9arach n\u00f3 giosta. <\/p>\n<p data-start=\"6316\" data-end=\"6433\">\n","protected":false},"excerpt":{"rendered":"<p>Titeann Cluas \u00d3z\u00f3in Jojoba \u2013 Is <strong data-start=\"5336\" data-end=\"5379\">drops cluaise milis, \u00f3z\u00f3inithe go h\u00e9adrom<\/strong> iad <strong data-start=\"5317\" data-end=\"5330\">Ear Drops<\/strong> bunaithe ar <strong data-start=\"5393\" data-end=\"5408\">ola jojoba.<\/strong><\/p>\n","protected":false},"featured_media":17396,"comment_status":"open","ping_status":"closed","template":"","meta":{"wds_primary_product_brand":0,"wds_primary_product_cat":0,"wds_primary_merken":0},"product_brand":[],"product_cat":[3546,3547],"product_tag":[3551,3550,3549,3548,3552],"merken":[],"class_list":{"0":"post-6963","1":"product","2":"type-product","3":"status-publish","4":"has-post-thumbnail","6":"product_cat-cluasa","7":"product_cat-ozon-ga","8":"product_tag-curam-cluaise-cat","9":"product_tag-curam-cluaise-madrai","10":"product_tag-ozonated-jojoba-ga","11":"product_tag-saor-o-chumhrain","12":"product_tag-titeann-cluaise","13":"infinite-scroll-item","14":"sales-flash-overlay","15":"woocommerce-text-align-center","16":"woocommerce-image-align-center","17":"do-quantity-buttons","19":"first","20":"instock","21":"taxable","22":"shipping-taxable","23":"purchasable","24":"product-type-simple"},"_links":{"self":[{"href":"https:\/\/www.ngdcare.nl\/ga\/wp-json\/wp\/v2\/product\/6963","targetHints":{"allow":["GET"]}}],"collection":[{"href":"https:\/\/www.ngdcare.nl\/ga\/wp-json\/wp\/v2\/product"}],"about":[{"href":"https:\/\/www.ngdcare.nl\/ga\/wp-json\/wp\/v2\/types\/product"}],"replies":[{"embeddable":true,"href":"https:\/\/www.ngdcare.nl\/ga\/wp-json\/wp\/v2\/comments?post=6963"}],"wp:featuredmedia":[{"embeddable":true,"href":"https:\/\/www.ngdcare.nl\/ga\/wp-json\/wp\/v2\/media\/17396"}],"wp:attachment":[{"href":"https:\/\/www.ngdcare.nl\/ga\/wp-json\/wp\/v2\/media?parent=6963"}],"wp:term":[{"taxonomy":"product_brand","embeddable":true,"href":"https:\/\/www.ngdcare.nl\/ga\/wp-json\/wp\/v2\/product_brand?post=6963"},{"taxonomy":"product_cat","embeddable":true,"href":"https:\/\/www.ngdcare.nl\/ga\/wp-json\/wp\/v2\/product_cat?post=6963"},{"taxonomy":"product_tag","embeddable":true,"href":"https:\/\/www.ngdcare.nl\/ga\/wp-json\/wp\/v2\/product_tag?post=6963"},{"taxonomy":"merken","embeddable":true,"href":"https:\/\/www.ngdcare.nl\/ga\/wp-json\/wp\/v2\/merken?post=6963"}],"curies":[{"name":"wp","href":"https:\/\/api.w.org\/{rel}","templated":true}]}}