{"id":6975,"date":"2025-09-27T23:00:00","date_gmt":"2025-09-27T21:00:00","guid":{"rendered":"https:\/\/www.ngdcare.nl\/product\/uncategorized\/leiriu-croilar-chakra-2-agus-5\/"},"modified":"2026-03-29T14:35:17","modified_gmt":"2026-03-29T12:35:17","slug":"leiriu-croilar-chakra-2-agus-5","status":"publish","type":"product","link":"https:\/\/www.ngdcare.nl\/ga\/product\/leigheasanna-blathanna\/leiriu-croilar-chakra-2-agus-5\/","title":{"rendered":"L\u00e9iri\u00fa cro\u00edl\u00e1r \u2013 Chakra 2 agus 5"},"content":{"rendered":"<p style=\"font-weight: 400;\">Taca\u00edonn an cro\u00edl\u00e1r bl\u00e1thanna seo a chumadh go c\u00faramach <strong>\u2013 Chakra 2 &amp; 5<\/strong> leis an nasc idir an dara chakra (naofa) agus an c\u00faigi\u00fa chakra (scornach). Cabhra\u00edonn s\u00e9 leat ceangal a dh\u00e9anamh le do shreabhadh inmhe\u00e1nach, d&#8217;fhuinneamh saoil cruthaitheach agus do chumas t\u00fa f\u00e9in a chur in i\u00fal \u00f3 bhog agus f\u00edrinne. <\/p>\n<p style=\"font-weight: 400;\" data-start=\"1135\" data-end=\"1379\">B\u00edonn bacanna ag go leor daoine \u2013 agus ainmhithe \u2013 ar an ais seo: deacracht moth\u00fach\u00e1in a chur in i\u00fal, marbh\u00e1ntacht chruthaitheach, eagla ort f\u00e9in a thaispe\u00e1int n\u00f3 \u00edogaireacht mhoth\u00fach\u00e1nach iomarcach. Tugann an cro\u00edl\u00e1r bl\u00e1thanna seo suaimhneas, cosaint agus sp\u00e1s. <\/p>\n<p style=\"font-weight: 400;\" data-start=\"1381\" data-end=\"1399\"><strong data-start=\"1381\" data-end=\"1397\">Feidhmchl\u00e1ir<\/strong><\/p>\n<ul>\n<li data-start=\"1402\" data-end=\"1460\">I gc\u00e1s blocanna moth\u00fach\u00e1nacha (m.sh. br\u00f3n, n\u00e1ire, ciontacht)<\/li>\n<li data-start=\"1463\" data-end=\"1503\">Deacracht le f\u00e9inl\u00e9iri\u00fa n\u00f3 cumars\u00e1id<\/li>\n<li data-start=\"1506\" data-end=\"1563\">Fadhbanna maidir le cruthaitheacht, sensuality n\u00f3 intimacy<\/li>\n<li data-start=\"1566\" data-end=\"1619\">Ard-\u00edogaireacht n\u00f3 r\u00f3-spreagadh an limist\u00e9ir scornach<\/li>\n<li data-start=\"1622\" data-end=\"1679\">Ag tac\u00fa le m\u00edchothroma\u00edocht horm\u00f3nach n\u00f3 neamhoird scornach<\/li>\n<\/ul>\n<p style=\"font-weight: 400;\" data-start=\"1681\" data-end=\"1725\"><strong data-start=\"1681\" data-end=\"1723\">Comhdh\u00e9anamh<\/strong><\/p>\n<ul>\n<li data-start=\"1728\" data-end=\"1787\"><strong data-start=\"1728\" data-end=\"1741\">Maithi\u00fanas<\/strong> \u2013 cro\u00ed-bhl\u00e1th le ligean dul, oscla\u00edonn s\u00e9 an cro\u00ed<\/li>\n<li data-start=\"1790\" data-end=\"1853\"><strong data-start=\"1790\" data-end=\"1806\">Peirsil b\u00f3<\/strong> \u2013 le haghaidh spra\u00ed\u00fala, cruthaitheacht agus \u00e9adrom<\/li>\n<li data-start=\"1856\" data-end=\"1916\"><strong data-start=\"1856\" data-end=\"1872\">Cactus coir\u00e9il<\/strong> \u2013 sreabhadh baininscneach bog, sensuality<\/li>\n<li data-start=\"1919\" data-end=\"1971\"><strong data-start=\"1919\" data-end=\"1939\">Bl\u00e1th cuckoo lae<\/strong> \u2013 daring a bheith leat f\u00e9in agus t\u00fa f\u00e9in a chur in i\u00fal<\/li>\n<li data-start=\"1974\" data-end=\"2036\"><strong data-start=\"1974\" data-end=\"1995\">Star of Bethlehem<\/strong> \u2013 leigheas tr\u00e1ma moth\u00fach\u00e1nach domhain<\/li>\n<li data-start=\"2039\" data-end=\"2092\"><strong data-start=\"2039\" data-end=\"2059\">Almond Indiach<\/strong> \u2013 cosaint i gc\u00e1s \u00edogaireachta<\/li>\n<li data-start=\"2095\" data-end=\"2161\"><strong data-start=\"2095\" data-end=\"2112\">Gr\u00e1 &amp; D\u00f3chas<\/strong> \u2013 maol\u00fa moth\u00fach\u00e1nach agus leapacha istigh<\/li>\n<li data-start=\"2164\" data-end=\"2211\"><strong data-start=\"2164\" data-end=\"2172\">Rose<\/strong> \u2013 fuinneamh cro\u00ed bog i gcumars\u00e1id<\/li>\n<li data-start=\"2214\" data-end=\"2269\"><strong data-start=\"2214\" data-end=\"2227\">3-Aontacht<\/strong> \u2013 ail\u00edni\u00fa coirp, anam agus spiorad<\/li>\n<li data-start=\"2272\" data-end=\"2338\"><strong data-start=\"2272\" data-end=\"2289\">Bush F\u00e9ileac\u00e1n<\/strong> \u2013 Claochl\u00fa agus Muin\u00edn i L\u00e9iri\u00fa<\/li>\n<li data-start=\"2341\" data-end=\"2403\"><strong data-start=\"2341\" data-end=\"2353\">Turquoise<\/strong> \u2013 nearta\u00edonn s\u00e9 an nasc idir moth\u00fa agus l\u00e9iri\u00fa<\/li>\n<\/ul>\n<p style=\"font-weight: 400;\" data-start=\"2405\" data-end=\"2585\">Bain \u00fas\u00e1id as an gcro\u00edl\u00e1r seo i gc\u00e9imeanna idirthr\u00e9imhseacha, mar thaca\u00edocht i bpr\u00f3isis chruthaitheacha n\u00f3 choibhneasta, n\u00f3 nuair a labhair agus motha\u00edonn s\u00e9 (ath)ail\u00edni\u00fa le c\u00e9 t\u00fa i nd\u00e1ir\u00edre.<\/p>\n","protected":false},"excerpt":{"rendered":"<div>\n<p>Cro\u00edl\u00e1r bl\u00e1thanna le haghaidh sreabhadh moth\u00fach\u00e1nach agus f\u00e9in-l\u00e9iri\u00fa. Cuid\u00edonn l\u00e9iri\u00fa leis an dara agus an c\u00faigi\u00fa chakras a oscailt, taca\u00edonn s\u00e9 le bacanna i r\u00e9imse na cruthaitheachta, na sensuality, na f\u00edrinne agus na cumars\u00e1ide. <\/p>\n<\/div>\n","protected":false},"featured_media":17445,"comment_status":"open","ping_status":"closed","template":"","meta":{"wds_primary_product_brand":0,"wds_primary_product_cat":0,"wds_primary_merken":0},"product_brand":[],"product_cat":[3275],"product_tag":[3632,3626,3277,3627,3628,3631,3278,3276,3629,3630],"merken":[],"class_list":{"0":"post-6975","1":"product","2":"type-product","3":"status-publish","4":"has-post-thumbnail","6":"product_cat-leigheasanna-blathanna","7":"product_tag-ainmhithe-iogaire","8":"product_tag-ard-iogaireacht","9":"product_tag-blathanna-curaim-ngd","10":"product_tag-chakra-2-ga","11":"product_tag-chakra-5-ga","12":"product_tag-cneasaithe-mothuchanach","13":"product_tag-cosaint-fuinniuil","14":"product_tag-croilar-blathanna","15":"product_tag-cruthaitheacht","16":"product_tag-feinleiriu","17":"infinite-scroll-item","18":"sales-flash-overlay","19":"woocommerce-text-align-center","20":"woocommerce-image-align-center","21":"do-quantity-buttons","23":"first","24":"instock","25":"taxable","26":"shipping-taxable","27":"purchasable","28":"product-type-simple"},"_links":{"self":[{"href":"https:\/\/www.ngdcare.nl\/ga\/wp-json\/wp\/v2\/product\/6975","targetHints":{"allow":["GET"]}}],"collection":[{"href":"https:\/\/www.ngdcare.nl\/ga\/wp-json\/wp\/v2\/product"}],"about":[{"href":"https:\/\/www.ngdcare.nl\/ga\/wp-json\/wp\/v2\/types\/product"}],"replies":[{"embeddable":true,"href":"https:\/\/www.ngdcare.nl\/ga\/wp-json\/wp\/v2\/comments?post=6975"}],"wp:featuredmedia":[{"embeddable":true,"href":"https:\/\/www.ngdcare.nl\/ga\/wp-json\/wp\/v2\/media\/17445"}],"wp:attachment":[{"href":"https:\/\/www.ngdcare.nl\/ga\/wp-json\/wp\/v2\/media?parent=6975"}],"wp:term":[{"taxonomy":"product_brand","embeddable":true,"href":"https:\/\/www.ngdcare.nl\/ga\/wp-json\/wp\/v2\/product_brand?post=6975"},{"taxonomy":"product_cat","embeddable":true,"href":"https:\/\/www.ngdcare.nl\/ga\/wp-json\/wp\/v2\/product_cat?post=6975"},{"taxonomy":"product_tag","embeddable":true,"href":"https:\/\/www.ngdcare.nl\/ga\/wp-json\/wp\/v2\/product_tag?post=6975"},{"taxonomy":"merken","embeddable":true,"href":"https:\/\/www.ngdcare.nl\/ga\/wp-json\/wp\/v2\/merken?post=6975"}],"curies":[{"name":"wp","href":"https:\/\/api.w.org\/{rel}","templated":true}]}}