{"id":6980,"date":"2025-09-27T23:03:29","date_gmt":"2025-09-27T21:03:29","guid":{"rendered":"https:\/\/www.ngdcare.nl\/product\/uncategorized\/croilar-ailinithe-istigh-chakra-1-4-agus-7\/"},"modified":"2026-01-01T15:15:33","modified_gmt":"2026-01-01T14:15:33","slug":"croilar-ailinithe-istigh-chakra-1-4-agus-7","status":"publish","type":"product","link":"https:\/\/www.ngdcare.nl\/ga\/product\/veterinary-health\/leigheasanna-blathanna\/croilar-ailinithe-istigh-chakra-1-4-agus-7\/","title":{"rendered":"Cro\u00edl\u00e1r Ail\u00ednithe Istigh \u2013 Chakra 1, 4 agus 7"},"content":{"rendered":"<p>Is cro\u00edl\u00e1r bl\u00e1thanna coime\u00e1daithe go c\u00faramach \u00e9 <strong>Ail\u00edni\u00fa Inmhe\u00e1nach<\/strong> bunaithe ar an 1\u00fa, 4\u00fa, agus 7\u00fa chakras \u2013 ais an embodiment, an ghr\u00e1 agus an chonaic. Cuid\u00edonn an fhoirmle seo le: <\/p>\n<ul>\n<li>Talamh n\u00edos doimhne i do chorp (chakra 1),<\/li>\n<li>Ag oscailt an chro\u00ed do nasc gr\u00e1mhar (chakra 4),<\/li>\n<li>Agus chun ceangal a dh\u00e9anamh le do chuid f\u00e9in agus intuition n\u00edos airde (chakra 7).<\/li>\n<\/ul>\n<p>T\u00e1 an measc\u00e1n seo oiri\u00fanach go h\u00e1irithe do <strong>dhaoine n\u00f3 d&#8217;ainmhithe an-\u00edogair at\u00e1<\/strong> ag fulaingt \u00f3 mhoth\u00fach\u00e1in neamhshl\u00e1nd\u00e1la, caointe, uaigneas, r\u00f3-spreagadh n\u00f3 \u00e9agothroime spiorad\u00e1lta.<\/p>\n<p>T\u00e1 12 bl\u00e1thanna roghnaithe go c\u00faramach \u00f3n raon Star Remedies sa chumasc. Oibr\u00edonn siad le ch\u00e9ile ar leibh\u00e9al fisici\u00fail, moth\u00fach\u00e1nach, meabhrach agus spiorad\u00e1lta chun an tr\u00edon\u00f3id inmhe\u00e1nach a athbhun\u00fa. <\/p>\n<p><strong>T\u00e1sca:<\/strong><\/p>\n<ul>\n<li>Ag maireacht\u00e1il in ionad maireacht\u00e1il<\/li>\n<li>Gan a bheith in ann &#8216;tuirlingt&#8217; i gceart i do chorp<\/li>\n<li>Moth\u00fach\u00e1in uaigneas, caoineadh n\u00f3 coimhth\u00edocha<\/li>\n<li>Deacracht le f\u00e9in-ghr\u00e1 n\u00f3 ail\u00edni\u00fa le intuition n\u00edos airde<\/li>\n<li>R\u00f3-spreagadh n\u00f3 leochaileacht fhuinni\u00fail<\/li>\n<\/ul>\n<p><strong>Comh\u00e1bhair<\/strong>:<\/p>\n<ul>\n<li><strong>Bl\u00e1th masc<\/strong> \u2013 chun meicn\u00edochta\u00ed cosanta agus talamh domhain a scaoileadh<\/li>\n<li><strong>Borage<\/strong> \u2013 tugann misneach, compord agus gentleness<\/li>\n<li><strong>Lily Uisce<\/strong> \u2013 nascann s\u00e9 an corp etheric leis an fisiceach<\/li>\n<li><strong>Immortelle<\/strong> \u2013 oibr\u00edonn s\u00e9 go karmically agus nearta\u00edonn s\u00e9 an talamh anam<\/li>\n<li><strong>Cothroma\u00edocht<\/strong> \u2013 comhchuibh\u00edonn moth\u00fach\u00e1n, smaointeoireacht agus gn\u00edomh\u00fa<\/li>\n<li><strong>Day Cuckoo Flower<\/strong> \u2013 misneach chun t\u00fa f\u00e9in a thaispe\u00e1int le cro\u00ed oscailte<\/li>\n<li><strong>Banr\u00edon na gC\u00f3sta\u00ed<\/strong> \u2013 oscla\u00edonn cro\u00ed agus cor\u00f3in an ghr\u00e1<\/li>\n<li><strong>Star of Bethlehem<\/strong> \u2013 leigheasann tr\u00e1ma domhain agus athch\u00f3ir\u00edonn s\u00e9 an l\u00edne anam<\/li>\n<li><strong>Knotweed<\/strong> \u2013 nearta\u00edonn cosmos an domhain \u2194 gr\u00e9as\u00e1in fuinni\u00fail<\/li>\n<li><strong>Bl\u00e1th Bealtaine Bu\u00ed<\/strong> \u2013 oscla\u00edonn an chor\u00f3in go bog agus go glan<\/li>\n<li><strong>3-Aontacht<\/strong> \u2013 nascann corp, anam agus spiorad i ail\u00edni\u00fa<\/li>\n<li><strong>Luibh Don&#8217;t Stir Me<\/strong> \u2013 cuireann cosaint fuinni\u00fail ar f\u00e1il i gc\u00e1s r\u00f3-spreagadh<\/li>\n<\/ul>\n","protected":false},"excerpt":{"rendered":"<p><span style=\"color: black;\">Ceangla\u00edonn an cro\u00edl\u00e1r bl\u00e1thanna cumhachtach seo na chakras fr\u00e9amh, cro\u00ed agus cor\u00f3in. Taca\u00edonn s\u00e9 le corpr\u00fa, s\u00edoch\u00e1in inmhe\u00e1nach agus comhoiri\u00fanach spiorad\u00e1lta. Do dhaoine agus d&#8217;ainmhithe \u00edogaire at\u00e1 ag lorg s\u00e1bh\u00e1ilteachta, nasc agus br\u00ed.  <\/span><\/p>\n","protected":false},"featured_media":12069,"comment_status":"open","ping_status":"closed","template":"","meta":{"wds_primary_product_brand":0,"wds_primary_product_cat":0,"wds_primary_merken":0},"product_brand":[],"product_cat":[3275],"product_tag":[3660,3626,3277,3662,3659,3665,3276,3661,3664,3663],"merken":[],"class_list":{"0":"post-6980","1":"product","2":"type-product","3":"status-publish","4":"has-post-thumbnail","6":"product_cat-leigheasanna-blathanna","7":"product_tag-ailiniu-inmheanach","8":"product_tag-ard-iogaireacht","9":"product_tag-blathanna-curaim-ngd","10":"product_tag-ceangal-spioradalta","11":"product_tag-chakra-1-4-7-ga","12":"product_tag-chakra-na-coronach","13":"product_tag-croilar-blathanna","14":"product_tag-leigheasanna-realta","15":"product_tag-oscailt-croi","16":"product_tag-talamh","17":"infinite-scroll-item","18":"sales-flash-overlay","19":"woocommerce-text-align-center","20":"woocommerce-image-align-center","21":"do-quantity-buttons","23":"first","24":"instock","25":"taxable","26":"shipping-taxable","27":"purchasable","28":"product-type-simple"},"_links":{"self":[{"href":"https:\/\/www.ngdcare.nl\/ga\/wp-json\/wp\/v2\/product\/6980","targetHints":{"allow":["GET"]}}],"collection":[{"href":"https:\/\/www.ngdcare.nl\/ga\/wp-json\/wp\/v2\/product"}],"about":[{"href":"https:\/\/www.ngdcare.nl\/ga\/wp-json\/wp\/v2\/types\/product"}],"replies":[{"embeddable":true,"href":"https:\/\/www.ngdcare.nl\/ga\/wp-json\/wp\/v2\/comments?post=6980"}],"wp:featuredmedia":[{"embeddable":true,"href":"https:\/\/www.ngdcare.nl\/ga\/wp-json\/wp\/v2\/media\/12069"}],"wp:attachment":[{"href":"https:\/\/www.ngdcare.nl\/ga\/wp-json\/wp\/v2\/media?parent=6980"}],"wp:term":[{"taxonomy":"product_brand","embeddable":true,"href":"https:\/\/www.ngdcare.nl\/ga\/wp-json\/wp\/v2\/product_brand?post=6980"},{"taxonomy":"product_cat","embeddable":true,"href":"https:\/\/www.ngdcare.nl\/ga\/wp-json\/wp\/v2\/product_cat?post=6980"},{"taxonomy":"product_tag","embeddable":true,"href":"https:\/\/www.ngdcare.nl\/ga\/wp-json\/wp\/v2\/product_tag?post=6980"},{"taxonomy":"merken","embeddable":true,"href":"https:\/\/www.ngdcare.nl\/ga\/wp-json\/wp\/v2\/merken?post=6980"}],"curies":[{"name":"wp","href":"https:\/\/api.w.org\/{rel}","templated":true}]}}