{"id":6993,"date":"2025-05-30T00:05:46","date_gmt":"2025-05-29T22:05:46","guid":{"rendered":"https:\/\/www.ngdcare.nl\/product\/uncategorized\/5-greens\/"},"modified":"2025-11-26T22:43:21","modified_gmt":"2025-11-26T21:43:21","slug":"5-greens","status":"publish","type":"product","link":"https:\/\/www.ngdcare.nl\/ga\/product\/veterinary-health\/saibhriu\/toppings-bia\/5-greens\/","title":{"rendered":"C\u00faig greens"},"content":{"rendered":"<p data-start=\"3693\" data-end=\"4089\">T\u00e1 c\u00faig speiceas f\u00e9ir at\u00e1 saibhir i gcl\u00f3raifill i <strong>gC\u00faig Ghlas:<\/strong> <strong>Kamut<\/strong> (f\u00e9ar cruithneachta \u00e1rsa), <strong>f\u00e9ar eorna<\/strong>, <strong>f\u00e9ar coirce<\/strong>, <strong>f\u00e9ar cruithneachta<\/strong> agus <strong>alfalfa<\/strong>. Sol\u00e1thra\u00edonn na comh\u00e1bhair seo mianra\u00ed n\u00e1d\u00fartha, phytonutrients agus ruaimeanna glasra\u00ed a \u00fas\u00e1idtear go traidisi\u00fanta mar fhorl\u00edonadh ar an aiste bia laeth\u00fail. T\u00e1 sn\u00e1ith\u00edn agus micronutrients i bplanda\u00ed glasa freisin a oireann d&#8217;aiste bia \u00e9ags\u00fail agus n\u00e1d\u00fartha. T\u00e1 siad fuar-bhr\u00faite chun c\u00e1il\u00edocht a chinnti\u00fa agus t\u00e1 go leor vitim\u00edn\u00ed (vitim\u00edn\u00ed B \u00e9ags\u00fala), mianra\u00ed (iarann, since, maign\u00e9isiam agus fosfar) agus eins\u00edm\u00ed iontu. T\u00e1 ti\u00fachan ard cl\u00f3raifill ann.    <\/p>\n<p data-start=\"4091\" data-end=\"4509\">Tugann an measc\u00e1n de na c\u00faig fh\u00e9ar seo blas \u00edon agus neodrach a mheascann go maith le beagnach aon bh\u00e9ile. Is furasta Five Greens a chur le caoineoga, i\u00f3gart, uisce, sneaiceanna homemade, feoil \u00far, bia st\u00e1naithe n\u00f3 kibble. Is bealach simpl\u00ed \u00e9 an measc\u00e1n chun iont\u00f3g\u00e1il planda\u00ed glasa a mh\u00e9ad\u00fa, i ndaoine gn\u00edomhacha agus i gc\u00e1sanna ina bhfuil taca\u00edocht n\u00f3 \u00e9ags\u00falacht bhreise ag teast\u00e1il.  <\/p>\n<p data-start=\"4511\" data-end=\"4780\">Oireann an measc\u00e1n superfood seo laistigh de ghn\u00e1thaimh laeth\u00fala do dhaoine agus d&#8217;ainmhithe agus is f\u00e9idir \u00e9 a \u00fas\u00e1id i rith na bliana. Crutha\u00edonn an chothroma\u00edocht idir planda\u00ed glasa \u00e9ags\u00fala measc\u00e1n glas ild\u00e1nach agus ioml\u00e1n at\u00e1 oiri\u00fanach do thaca\u00edocht fhadt\u00e9armach, \u00e9adrom. <\/p>\n","protected":false},"excerpt":{"rendered":"<p data-start=\"7392\" data-end=\"7532\">Is measc\u00e1n superfood glas \u00edon \u00e9 Five Greens le c\u00faig f\u00e9ar cl\u00f3raifil-saibhir le haghaidh mianra\u00ed laeth\u00fala, frithocsa\u00eddeoir\u00ed agus fuinneamh n\u00e1d\u00fartha.<\/p>\n","protected":false},"featured_media":11167,"comment_status":"open","ping_status":"closed","template":"","meta":{"wds_primary_product_brand":0,"wds_primary_product_cat":15,"wds_primary_merken":0},"product_brand":[],"product_cat":[4767,2523],"product_tag":[],"merken":[],"class_list":{"0":"post-6993","1":"product","2":"type-product","3":"status-publish","4":"has-post-thumbnail","6":"product_cat-superfoods","7":"product_cat-toppings-bia","8":"infinite-scroll-item","9":"sales-flash-overlay","10":"woocommerce-text-align-center","11":"woocommerce-image-align-center","12":"do-quantity-buttons","14":"first","15":"instock","16":"taxable","17":"shipping-taxable","18":"purchasable","19":"product-type-simple"},"_links":{"self":[{"href":"https:\/\/www.ngdcare.nl\/ga\/wp-json\/wp\/v2\/product\/6993","targetHints":{"allow":["GET"]}}],"collection":[{"href":"https:\/\/www.ngdcare.nl\/ga\/wp-json\/wp\/v2\/product"}],"about":[{"href":"https:\/\/www.ngdcare.nl\/ga\/wp-json\/wp\/v2\/types\/product"}],"replies":[{"embeddable":true,"href":"https:\/\/www.ngdcare.nl\/ga\/wp-json\/wp\/v2\/comments?post=6993"}],"wp:featuredmedia":[{"embeddable":true,"href":"https:\/\/www.ngdcare.nl\/ga\/wp-json\/wp\/v2\/media\/11167"}],"wp:attachment":[{"href":"https:\/\/www.ngdcare.nl\/ga\/wp-json\/wp\/v2\/media?parent=6993"}],"wp:term":[{"taxonomy":"product_brand","embeddable":true,"href":"https:\/\/www.ngdcare.nl\/ga\/wp-json\/wp\/v2\/product_brand?post=6993"},{"taxonomy":"product_cat","embeddable":true,"href":"https:\/\/www.ngdcare.nl\/ga\/wp-json\/wp\/v2\/product_cat?post=6993"},{"taxonomy":"product_tag","embeddable":true,"href":"https:\/\/www.ngdcare.nl\/ga\/wp-json\/wp\/v2\/product_tag?post=6993"},{"taxonomy":"merken","embeddable":true,"href":"https:\/\/www.ngdcare.nl\/ga\/wp-json\/wp\/v2\/merken?post=6993"}],"curies":[{"name":"wp","href":"https:\/\/api.w.org\/{rel}","templated":true}]}}