{"id":7032,"date":"2025-09-15T21:21:54","date_gmt":"2025-09-15T19:21:54","guid":{"rendered":"https:\/\/www.ngdcare.nl\/product\/uncategorized\/balm-craiceann-jojoba-ozoin-balm-craiceann\/"},"modified":"2026-03-29T14:18:18","modified_gmt":"2026-03-29T12:18:18","slug":"balm-craiceann-jojoba-ozoin-balm-craiceann","status":"publish","type":"product","link":"https:\/\/www.ngdcare.nl\/ga\/product\/craiceann-agus-cota\/balm-craiceann-jojoba-ozoin-balm-craiceann\/","title":{"rendered":"Balm Craiceann Jojoba \u00d3z\u00f3in \u2013 Balm Craiceann"},"content":{"rendered":"<p data-start=\"6539\" data-end=\"6718\"><strong data-start=\"6752\" data-end=\"6783\">Balm craiceann Jojoba \u00f3z\u00f3in \u2013 \u00das\u00e1ideann Balm craiceann<\/strong> <strong data-start=\"6809\" data-end=\"6825\">carachtar c\u00e9ir<\/strong> n\u00e1d\u00fartha jojoba: le \u00f3z\u00f3n\u00fa n\u00edos troime, foirm\u00edonn <strong data-start=\"6878\" data-end=\"6897\">balm cobhsa\u00ed<\/strong> a leagann ciseal tana\u00ed, leath-occlusive. Oiri\u00fanach do <strong data-start=\"6952\" data-end=\"6983\">cheantair \u00e1iti\u00fala, tirim n\u00f3 garbh<\/strong> (pads lapa\u00ed, sr\u00f3n, folds craicinn agus seilfeanna). Saor \u00f3 chumhr\u00e1in.  <\/p>\n<p data-start=\"4084\" data-end=\"4651\">Ola Jojoba \u00d3z\u00f3in \u2013 Is <strong data-start=\"4179\" data-end=\"4209\">balm leath-soladach, cobhsa\u00ed<\/strong> \u00e9 <strong data-start=\"4158\" data-end=\"4171\">Skin Balm<\/strong> bunaithe ar <strong data-start=\"4237\" data-end=\"4252\">ola jojoba<\/strong> \u00f3z\u00f3inithe. Mar gheall ar <strong data-start=\"4275\" data-end=\"4291\">charachtar c\u00e9ir<\/strong> n\u00e1d\u00fartha jojoba, crutha\u00edonn \u00f3z\u00f3n\u00fa n\u00edos troime <strong data-start=\"4341\" data-end=\"4372\">ciseal tana\u00ed, leath-occlusive<\/strong> a <strong data-start=\"4377\" data-end=\"4404\">fhanann i bhfeidhm ar feadh i bhfad<\/strong>. T\u00e1 an balm <strong data-start=\"4419\" data-end=\"4437\">neamh-ghreamaitheach<\/strong>, <strong data-start=\"4439\" data-end=\"4453\">saor \u00f3 chumhr\u00e1in<\/strong> agus oiri\u00fanach do <strong data-start=\"4469\" data-end=\"4500\">cheantair \u00e1iti\u00fala, tirim n\u00f3 garbh<\/strong>.  <\/p>\n<p data-start=\"4084\" data-end=\"4651\"><strong data-start=\"4653\" data-end=\"4701\">Is iad na r\u00e9ims\u00ed feidhme<\/strong> c\u00faram \u00e1iti\u00fail ar spota\u00ed tirime\/garbh ar n\u00f3s seilfeanna agus limist\u00e9ir lu\u00ed eile, pads coise, dromchla sr\u00f3ine agus fillte\u00e1in craicinn. T\u00e1 \u00e9ifeacht thac\u00fail ag an balm ar ionfhabhtuithe baict\u00e9aracha agus giosta sa chraiceann agus t\u00e9ann s\u00e9 isteach go maith sa bhithscann\u00e1n. <\/p>\n","protected":false},"excerpt":{"rendered":"<p data-start=\"6539\" data-end=\"6718\"><strong data-start=\"6588\" data-end=\"6602\">Balm craiceann<\/strong> saibhir, leath-soladach bunaithe ar ola jojoba ozonated. Tugann s\u00e9 aire do spota\u00ed beaga tirim \/ garbh agus go gcosna\u00edonn s\u00e9 agus fanann s\u00e9 i bhfeidhm ar feadh i bhfad. <\/p>\n<p data-start=\"6720\" data-end=\"7093\">\n","protected":false},"featured_media":17406,"comment_status":"open","ping_status":"closed","template":"","meta":{"wds_primary_product_brand":0,"wds_primary_product_cat":0,"wds_primary_merken":0},"product_brand":[],"product_cat":[2418,3547],"product_tag":[3551,3550,3549,3548,3552],"merken":[],"class_list":{"0":"post-7032","1":"product","2":"type-product","3":"status-publish","4":"has-post-thumbnail","6":"product_cat-craiceann-agus-cota","7":"product_cat-ozon-ga","8":"product_tag-curam-cluaise-cat","9":"product_tag-curam-cluaise-madrai","10":"product_tag-ozonated-jojoba-ga","11":"product_tag-saor-o-chumhrain","12":"product_tag-titeann-cluaise","13":"infinite-scroll-item","14":"sales-flash-overlay","15":"woocommerce-text-align-center","16":"woocommerce-image-align-center","17":"do-quantity-buttons","19":"first","20":"instock","21":"taxable","22":"shipping-taxable","23":"purchasable","24":"product-type-simple"},"_links":{"self":[{"href":"https:\/\/www.ngdcare.nl\/ga\/wp-json\/wp\/v2\/product\/7032","targetHints":{"allow":["GET"]}}],"collection":[{"href":"https:\/\/www.ngdcare.nl\/ga\/wp-json\/wp\/v2\/product"}],"about":[{"href":"https:\/\/www.ngdcare.nl\/ga\/wp-json\/wp\/v2\/types\/product"}],"replies":[{"embeddable":true,"href":"https:\/\/www.ngdcare.nl\/ga\/wp-json\/wp\/v2\/comments?post=7032"}],"wp:featuredmedia":[{"embeddable":true,"href":"https:\/\/www.ngdcare.nl\/ga\/wp-json\/wp\/v2\/media\/17406"}],"wp:attachment":[{"href":"https:\/\/www.ngdcare.nl\/ga\/wp-json\/wp\/v2\/media?parent=7032"}],"wp:term":[{"taxonomy":"product_brand","embeddable":true,"href":"https:\/\/www.ngdcare.nl\/ga\/wp-json\/wp\/v2\/product_brand?post=7032"},{"taxonomy":"product_cat","embeddable":true,"href":"https:\/\/www.ngdcare.nl\/ga\/wp-json\/wp\/v2\/product_cat?post=7032"},{"taxonomy":"product_tag","embeddable":true,"href":"https:\/\/www.ngdcare.nl\/ga\/wp-json\/wp\/v2\/product_tag?post=7032"},{"taxonomy":"merken","embeddable":true,"href":"https:\/\/www.ngdcare.nl\/ga\/wp-json\/wp\/v2\/merken?post=7032"}],"curies":[{"name":"wp","href":"https:\/\/api.w.org\/{rel}","templated":true}]}}