{"id":7033,"date":"2025-09-27T23:26:38","date_gmt":"2025-09-27T21:26:38","guid":{"rendered":"https:\/\/www.ngdcare.nl\/product\/uncategorized\/operatie-herstelpakket-kit-aisghabhala-mainliachta\/"},"modified":"2025-10-15T16:27:10","modified_gmt":"2025-10-15T14:27:10","slug":"operatie-herstelpakket-kit-aisghabhala-mainliachta","status":"publish","type":"product","link":"https:\/\/www.ngdcare.nl\/ga\/product\/protacail\/operatie-herstelpakket-kit-aisghabhala-mainliachta\/","title":{"rendered":"Operatie herstelpakket \u2013 Kit Aisghabh\u00e1la M\u00e1inliachta"},"content":{"rendered":"<p style=\"font-weight: 400;\" data-start=\"674\" data-end=\"904\">T\u00e1 an <strong data-start=\"678\" data-end=\"703\">Pac\u00e1iste Aisghabh\u00e1la Oibr\u00edochta<\/strong> \u00f3 NGD Care curtha le ch\u00e9ile go speisialta don ch\u00e9im t\u00e9arnaimh tar \u00e9is m\u00e1inliachta in ainmhithe agus i ndaoine araon. Cuireann an pac\u00e1iste teaglaim n\u00e1d\u00fartha seo taca\u00edocht ar leibh\u00e9al fisici\u00fail, fuinni\u00fail agus mhoth\u00fach\u00e1nach. <\/p>\n<p style=\"font-weight: 400;\" data-start=\"906\" data-end=\"1105\">Cuireann an comhdh\u00e9anamh cumhachtach deireadh le hiarmhair tar \u00e9is ain\u00e9ist\u00e9ise n\u00f3 c\u00f3gais, taca\u00edonn s\u00e9 le cneas\u00fa agus t\u00e9arnamh cr\u00e9achta, agus cabhra\u00edonn s\u00e9 le strus, tr\u00e1ma n\u00f3 mearbhall a phr\u00f3ise\u00e1il tar \u00e9is an n\u00f3s imeachta.<\/p>\n<p data-start=\"1112\" data-end=\"1147\">Is \u00e9ard at\u00e1 sa phac\u00e1iste 3 fhorl\u00edonta\u00ed.<\/p>\n<ul>\n<li data-start=\"1152\" data-end=\"1372\"><strong data-start=\"1152\" data-end=\"1201\">Cro\u00edl\u00e1r Aisghabh\u00e1la Iar-op  <\/strong>\n<ul>\n<li data-start=\"1152\" data-end=\"1372\">Cro\u00edl\u00e1r bl\u00e1thanna ina bhfuil rian fuinni\u00fail de terra, cla\u00edomh aingeal, violet imeallach, gairn\u00e9ad rhodolite, c\u00faram ainmhithe, gr\u00e1 agus d\u00f3chas, r\u00e9alta Bethlehem, poip\u00edn, bl\u00e1th masc agus luibh tr\u00f3caire.<\/li>\n<li data-start=\"1152\" data-end=\"1372\">Taca\u00edonn s\u00e9 le t\u00e9arnamh fuinni\u00fail, comhth\u00e1th\u00fa tr\u00e1ma agus s\u00edoch\u00e1in inmhe\u00e1nach tar \u00e9is m\u00e1inliachta.<\/li>\n<\/ul>\n<\/li>\n<li data-start=\"1377\" data-end=\"1532\"><strong data-start=\"1377\" data-end=\"1430\">Measc\u00e1n Chlorella-Spirulina-Alfalfa<\/strong>\n<ul>\n<li data-start=\"1377\" data-end=\"1532\">Le haghaidh d\u00edthocsaini\u00fa n\u00e1d\u00fartha, taca\u00edocht ae agus du\u00e1in, saibhir i cl\u00f3raifill agus frithocsa\u00eddeoir\u00ed.<\/li>\n<\/ul>\n<\/li>\n<li data-start=\"1537\" data-end=\"1701\"><strong data-start=\"1537\" data-end=\"1570\">Coimpl\u00e9asc PEA \/ Boswellia  <\/strong>\n<ul>\n<li data-start=\"1537\" data-end=\"1701\">Cuid\u00edonn s\u00e9 le cosc athlasadh, taca\u00edonn s\u00e9 le deisi\u00fa f\u00edoch\u00e1in agus feidhm imdh\u00edonachta. Rogha eile n\u00e1d\u00fartha seachas painkillers rialta. <\/li>\n<\/ul>\n<\/li>\n<\/ul>\n<p data-start=\"1708\" data-end=\"1740\">M\u00e1 tugadh c\u00farsa antaibheathach le linn na hoibr\u00edochta, molaimid \u00e1r <strong>r\u00e9amhbhitheola\u00edocha<\/strong> agus \u00e1r <strong>bprobiotics<\/strong> a chur leis.<\/p>\n<p data-start=\"1708\" data-end=\"1740\">Molaimid an <strong>membrane blaosc uibhe<\/strong> a chur leis i m\u00e1inliacht ortaip\u00e9ideach.<\/p>\n","protected":false},"excerpt":{"rendered":"<p>Taca\u00edocht iar-mh\u00e1inliachta le pac\u00e1iste aisghabh\u00e1la cumhachtach, n\u00e1d\u00fartha. Le cro\u00edl\u00e1r bl\u00e1thanna, PEA agus chlorella chun d\u00edthocsaini\u00fa, cneasaithe agus cothroma\u00edocht inmhe\u00e1nach a chur chun cinn. <\/p>\n","protected":false},"featured_media":0,"comment_status":"open","ping_status":"closed","template":"","meta":[],"product_brand":[],"product_cat":[2881],"product_tag":[3817,3819,3276,2569,3818,3816,2078,3814,3815,3293],"merken":[],"class_list":{"0":"post-7033","1":"product","2":"type-product","3":"status-publish","5":"product_cat-protacail","6":"product_tag-chlorella-detox-ga","7":"product_tag-cneasaithe-creachta","8":"product_tag-croilar-blathanna","9":"product_tag-curam-ngd","10":"product_tag-dithocsainiu-tar-eis-aineisteise","11":"product_tag-forlionadh-curcuma","12":"product_tag-frith-athlastach-nadurtha","13":"product_tag-iar-oibriuchain","14":"product_tag-oibriocht-aisghabhail","15":"product_tag-tearnamh-fuinniuil","16":"infinite-scroll-item","17":"sales-flash-overlay","18":"woocommerce-text-align-center","19":"woocommerce-image-align-center","20":"do-quantity-buttons","22":"first","23":"instock","24":"sale","25":"taxable","26":"shipping-taxable","27":"purchasable","28":"product-type-simple"},"_links":{"self":[{"href":"https:\/\/www.ngdcare.nl\/ga\/wp-json\/wp\/v2\/product\/7033","targetHints":{"allow":["GET"]}}],"collection":[{"href":"https:\/\/www.ngdcare.nl\/ga\/wp-json\/wp\/v2\/product"}],"about":[{"href":"https:\/\/www.ngdcare.nl\/ga\/wp-json\/wp\/v2\/types\/product"}],"replies":[{"embeddable":true,"href":"https:\/\/www.ngdcare.nl\/ga\/wp-json\/wp\/v2\/comments?post=7033"}],"wp:attachment":[{"href":"https:\/\/www.ngdcare.nl\/ga\/wp-json\/wp\/v2\/media?parent=7033"}],"wp:term":[{"taxonomy":"product_brand","embeddable":true,"href":"https:\/\/www.ngdcare.nl\/ga\/wp-json\/wp\/v2\/product_brand?post=7033"},{"taxonomy":"product_cat","embeddable":true,"href":"https:\/\/www.ngdcare.nl\/ga\/wp-json\/wp\/v2\/product_cat?post=7033"},{"taxonomy":"product_tag","embeddable":true,"href":"https:\/\/www.ngdcare.nl\/ga\/wp-json\/wp\/v2\/product_tag?post=7033"},{"taxonomy":"merken","embeddable":true,"href":"https:\/\/www.ngdcare.nl\/ga\/wp-json\/wp\/v2\/merken?post=7033"}],"curies":[{"name":"wp","href":"https:\/\/api.w.org\/{rel}","templated":true}]}}