{"id":7067,"date":"2025-09-15T21:48:30","date_gmt":"2025-09-15T19:48:30","guid":{"rendered":"https:\/\/www.ngdcare.nl\/product\/uncategorized\/glothach-craiceann-gliceirin-ozoin-glothach-craicinn\/"},"modified":"2026-04-15T16:36:05","modified_gmt":"2026-04-15T14:36:05","slug":"glothach-craiceann-gliceirin-ozoin-glothach-craicinn","status":"publish","type":"product","link":"https:\/\/www.ngdcare.nl\/ga\/product\/craiceann-agus-cota\/glothach-craiceann-gliceirin-ozoin-glothach-craicinn\/","title":{"rendered":"Gl\u00f3thach Craiceann Glic\u00e9ir\u00edn \u00d3z\u00f3in \u2013 Gl\u00f3thach Craicinn"},"content":{"rendered":"<p data-start=\"4723\" data-end=\"5116\">Gl\u00f3thach Craiceann Glic\u00e9ir\u00edn \u00d3z\u00f3in \u2013 Is <strong data-start=\"2970\" data-end=\"3001\">gl\u00f3thach ard-slaodach<\/strong> \u00e9<strong data-start=\"2941\" data-end=\"2962\"> Gl\u00f3thach Craiceann<\/strong> bunaithe ar glic\u00e9ir\u00edn \u00f3z\u00f3ithe pr\u00e9imhe 100%. T\u00e1 an uigeacht gl\u00f3thach deartha <strong data-start=\"3071\" data-end=\"3114\">chun fanacht san \u00e1it a nd\u00e9anann t\u00fa iarratas<\/strong>, oiri\u00fanach do <strong data-start=\"3128\" data-end=\"3164\">limist\u00e9ir bheaga craicinn log\u00e1nta (limist\u00e9ir garbh n\u00f3 tiubhaithe).<\/strong> N\u00ed bhraitheann an fhoirmle <strong data-start=\"3169\" data-end=\"3184\">saor \u00f3 chumhr\u00e1in<\/strong> <strong data-start=\"3199\" data-end=\"3214\">gr\u00e9isceach<\/strong> agus is furasta \u00e9 a scaipeadh go tana\u00ed, le moth\u00fa craiceann taitneamhach agus <strong data-start=\"3284\" data-end=\"3307\">am teagmh\u00e1la n\u00edos faide<\/strong> n\u00e1 tuaslag\u00e1n uisc\u00ed. T\u00e1 an boladh taitneamhach freisin i gcodarsnacht leis an ola ol\u00f3ige \u00f3z\u00f3inithe, a d&#8217;fh\u00e9adfadh a bheith tre\u00e1ite.   <\/p>\n<p data-start=\"4723\" data-end=\"5116\">T\u00e1 an t-inn\u00e9acs s\u00e1rocsa\u00edde is airde d\u00e1r dt\u00e1irg\u00ed \u00f3z\u00f3in ag an gl\u00f3thach seo. Mar thoradh air sin, t\u00e1 an \u00e9ifeacht taca\u00edochta is l\u00e1idre aige i gcoinne baict\u00e9ir, v\u00edris, giosta\u00ed, fungais agus strucht\u00fair cos\u00fail le wart. <\/p>\n<p data-start=\"4723\" data-end=\"5116\">\n","protected":false},"excerpt":{"rendered":"<p><strong data-start=\"4608\" data-end=\"4619\">Gl\u00f3thach craiceann<\/strong> uisc\u00ed spriocdh\u00edrithe bunaithe ar glycerin \u00f3z\u00f3inithe. Oiri\u00fanach do ch\u00faram \u00e1iti\u00fail spota\u00ed beaga garbh \/ tiubhaithe. <\/p>\n","protected":false},"featured_media":18244,"comment_status":"open","ping_status":"closed","template":"","meta":{"wds_primary_product_brand":0,"wds_primary_product_cat":0,"wds_primary_merken":0},"product_brand":[],"product_cat":[2418,3547],"product_tag":[1894,3828,3827,1892,3548],"merken":[],"class_list":{"0":"post-7067","1":"product","2":"type-product","3":"status-publish","4":"has-post-thumbnail","6":"product_cat-craiceann-agus-cota","7":"product_cat-ozon-ga","8":"product_tag-cat-ga","9":"product_tag-glothach-craicinn","10":"product_tag-glycerin-ozoinithe","11":"product_tag-madra","12":"product_tag-saor-o-chumhrain","13":"infinite-scroll-item","14":"sales-flash-overlay","15":"woocommerce-text-align-center","16":"woocommerce-image-align-center","17":"do-quantity-buttons","19":"first","20":"outofstock","21":"taxable","22":"shipping-taxable","23":"purchasable","24":"product-type-variable"},"_links":{"self":[{"href":"https:\/\/www.ngdcare.nl\/ga\/wp-json\/wp\/v2\/product\/7067","targetHints":{"allow":["GET"]}}],"collection":[{"href":"https:\/\/www.ngdcare.nl\/ga\/wp-json\/wp\/v2\/product"}],"about":[{"href":"https:\/\/www.ngdcare.nl\/ga\/wp-json\/wp\/v2\/types\/product"}],"replies":[{"embeddable":true,"href":"https:\/\/www.ngdcare.nl\/ga\/wp-json\/wp\/v2\/comments?post=7067"}],"wp:featuredmedia":[{"embeddable":true,"href":"https:\/\/www.ngdcare.nl\/ga\/wp-json\/wp\/v2\/media\/18244"}],"wp:attachment":[{"href":"https:\/\/www.ngdcare.nl\/ga\/wp-json\/wp\/v2\/media?parent=7067"}],"wp:term":[{"taxonomy":"product_brand","embeddable":true,"href":"https:\/\/www.ngdcare.nl\/ga\/wp-json\/wp\/v2\/product_brand?post=7067"},{"taxonomy":"product_cat","embeddable":true,"href":"https:\/\/www.ngdcare.nl\/ga\/wp-json\/wp\/v2\/product_cat?post=7067"},{"taxonomy":"product_tag","embeddable":true,"href":"https:\/\/www.ngdcare.nl\/ga\/wp-json\/wp\/v2\/product_tag?post=7067"},{"taxonomy":"merken","embeddable":true,"href":"https:\/\/www.ngdcare.nl\/ga\/wp-json\/wp\/v2\/merken?post=7067"}],"curies":[{"name":"wp","href":"https:\/\/api.w.org\/{rel}","templated":true}]}}