{"id":7094,"date":"2025-09-15T21:10:30","date_gmt":"2025-09-15T19:10:30","guid":{"rendered":"https:\/\/www.ngdcare.nl\/product\/uncategorized\/titeann-nasal-glycerin-ozoin-spraeala-nasal\/"},"modified":"2026-04-15T16:27:58","modified_gmt":"2026-04-15T14:27:58","slug":"titeann-nasal-glycerin-ozoin-spraeala-nasal","status":"publish","type":"product","link":"https:\/\/www.ngdcare.nl\/ga\/product\/ozon-ga\/titeann-nasal-glycerin-ozoin-spraeala-nasal\/","title":{"rendered":"Titeann Nasal Glycerin \u00d3z\u00f3in \u2013 Sprae\u00e1la Nasal"},"content":{"rendered":"<p data-start=\"1627\" data-end=\"2267\">Titeann Nasal Glycerin \u00d3z\u00f3in \u2013 Is <strong data-start=\"1728\" data-end=\"1757\">sprae\u00e1la sr\u00f3ine uisc\u00ed, \u00e9adrom<\/strong> \u00e9 <strong data-start=\"1700\" data-end=\"1720\">Sprae\u00e1la Nasal<\/strong> le <strong data-start=\"1762\" data-end=\"1792\">glic\u00e9ir\u00edn \u00f3z\u00f3ithe 5%<\/strong> i <strong data-start=\"1796\" data-end=\"1809\">0.9% NaCl<\/strong>. T\u00e1 an ceo m\u00edn <strong data-start=\"1829\" data-end=\"1862\">compordach do seicn\u00ed m\u00facasacha<\/strong> agus cabhra\u00edonn s\u00e9 leis an <strong data-start=\"1876\" data-end=\"1902\">microclimate nasal a choinne\u00e1il \u00far<\/strong>. A bhu\u00edochas le hair\u00edonna <strong data-start=\"1925\" data-end=\"1939\">taise a choinne\u00e1il <\/strong>glic\u00e9ir\u00edn, fanann an dromchla taitneamhach leis an teagmh\u00e1il gan gream\u00fa n\u00f3 triom\u00fa amach. T\u00e1 an fhoirmle <strong data-start=\"2057\" data-end=\"2071\">saor \u00f3 chumhr\u00e1in<\/strong> agus \u00edostach, oiri\u00fanach le <strong data-start=\"2105\" data-end=\"2126\">h\u00fas\u00e1id go laeth\u00fail<\/strong> ar mhadra agus cat.   <\/p>\n<p data-start=\"2269\" data-end=\"2319\">Is \u00e9ifeacht thac\u00fail iad <strong data-start=\"2269\" data-end=\"2317\">t\u00e1sca<\/strong> maidir le h\u00fas\u00e1id an sprae\u00e1la sr\u00f3ine ar rin\u00edteas, slaghd\u00e1in agus pl\u00f3d\u00fa sr\u00f3ine. Ina theannta sin, is f\u00e9idir leis cur le c\u00faram laeth\u00fail na sr\u00f3n agus tac\u00fa le timpeallacht tirim dusty. <\/p>\n","protected":false},"excerpt":{"rendered":"<p>Sprae\u00e1la nasal \u00e9adrom le 5% glycerin \u00f3z\u00f3naithe i 0.9% NaCl. Coinn\u00edonn an microclimate nasal \u00far agus motha\u00edonn s\u00e9 compordach do seicn\u00ed m\u00facasacha.<\/p>\n","protected":false},"featured_media":18264,"comment_status":"open","ping_status":"closed","template":"","meta":{"wds_primary_product_brand":0,"wds_primary_product_cat":0,"wds_primary_merken":0},"product_brand":[],"product_cat":[3547],"product_tag":[1894,3865,3827,1892,3769],"merken":[],"class_list":{"0":"post-7094","1":"product","2":"type-product","3":"status-publish","4":"has-post-thumbnail","6":"product_cat-ozon-ga","7":"product_tag-cat-ga","8":"product_tag-curam-sroine","9":"product_tag-glycerin-ozoinithe","10":"product_tag-madra","11":"product_tag-spraeala-nasal","12":"infinite-scroll-item","13":"sales-flash-overlay","14":"woocommerce-text-align-center","15":"woocommerce-image-align-center","16":"do-quantity-buttons","18":"first","19":"outofstock","20":"taxable","21":"shipping-taxable","22":"purchasable","23":"product-type-simple"},"_links":{"self":[{"href":"https:\/\/www.ngdcare.nl\/ga\/wp-json\/wp\/v2\/product\/7094","targetHints":{"allow":["GET"]}}],"collection":[{"href":"https:\/\/www.ngdcare.nl\/ga\/wp-json\/wp\/v2\/product"}],"about":[{"href":"https:\/\/www.ngdcare.nl\/ga\/wp-json\/wp\/v2\/types\/product"}],"replies":[{"embeddable":true,"href":"https:\/\/www.ngdcare.nl\/ga\/wp-json\/wp\/v2\/comments?post=7094"}],"wp:featuredmedia":[{"embeddable":true,"href":"https:\/\/www.ngdcare.nl\/ga\/wp-json\/wp\/v2\/media\/18264"}],"wp:attachment":[{"href":"https:\/\/www.ngdcare.nl\/ga\/wp-json\/wp\/v2\/media?parent=7094"}],"wp:term":[{"taxonomy":"product_brand","embeddable":true,"href":"https:\/\/www.ngdcare.nl\/ga\/wp-json\/wp\/v2\/product_brand?post=7094"},{"taxonomy":"product_cat","embeddable":true,"href":"https:\/\/www.ngdcare.nl\/ga\/wp-json\/wp\/v2\/product_cat?post=7094"},{"taxonomy":"product_tag","embeddable":true,"href":"https:\/\/www.ngdcare.nl\/ga\/wp-json\/wp\/v2\/product_tag?post=7094"},{"taxonomy":"merken","embeddable":true,"href":"https:\/\/www.ngdcare.nl\/ga\/wp-json\/wp\/v2\/merken?post=7094"}],"curies":[{"name":"wp","href":"https:\/\/api.w.org\/{rel}","templated":true}]}}