{"id":7175,"date":"2025-05-15T09:40:40","date_gmt":"2025-05-15T07:40:40","guid":{"rendered":"https:\/\/www.ngdcare.nl\/product\/uncategorized\/liposomale-lactoferrine-liposomal-lactoferrin\/"},"modified":"2026-04-09T21:35:26","modified_gmt":"2026-04-09T19:35:26","slug":"liposomale-lactoferrine-liposomal-lactoferrin","status":"publish","type":"product","link":"https:\/\/www.ngdcare.nl\/ga\/product\/cogaslann-peatai-nadurtha\/liposomach\/liposomale-lactoferrine-liposomal-lactoferrin\/","title":{"rendered":"Liposomal Lactoferrin"},"content":{"rendered":"<p style=\"font-weight: 400;\">Is forl\u00edonadh cumhachtach agus infheidhme go forleathan \u00e9 <strong>Lactoferrin Liposomal<\/strong> \u00f3 <strong>NGD Care<\/strong> do mhadra\u00ed agus do chait, bunaithe ar lactoferrin i bhfoirm liposomal. Forbra\u00edodh an fhoirmle seo go speisialta chun ions\u00fa lactoferrin a uasmh\u00e9ad\u00fa, fi\u00fa in ainmhithe a bhfuil feidhm intestinal lagaithe, aig\u00e9ad boilg \u00edseal n\u00f3 dam\u00e1iste m\u00fac\u00f3is intestinal. <\/p>\n<p style=\"font-weight: 400;\">Is pr\u00f3it\u00e9in ilfheidhmeach, n\u00e1d\u00fartha \u00e9 Lactoferrin a fhaightear i mbainne c\u00edche (go h\u00e1irithe colostrum), seile, agus deora. T\u00e1 \u00e9ifeacht l\u00e1idir iarainn-cheangailteach, frithmhiocr\u00f3bach, imdh\u00edon-mhodhn\u00fail agus frith-athlastach aige. <\/p>\n<p style=\"font-weight: 400;\">A bhu\u00edochas d\u00e1 fhoirm liposomal, fanann an pr\u00f3it\u00e9in gn\u00edomhach agus d\u00e9antar \u00e9 a ions\u00fa go h\u00e9ifeachtach sa chonair d\u00edle\u00e1. F\u00e1gann s\u00e9 seo go bhfuil s\u00e9 oiri\u00fanach do raon leathan gear\u00e1n, \u00f3 <strong>athlasadh intestinal ainsealach<\/strong> agus <strong>ionfhabhtuithe<\/strong> go <strong>Giardia<\/strong>, <strong>SIBO,<\/strong> <strong>Candida<\/strong>, <strong>aill\u00e9irg\u00ed,<\/strong> agus <strong>r\u00f3fh\u00e1s baict\u00e9arach<\/strong>. <\/p>\n","protected":false},"excerpt":{"rendered":"<div>\n<p class=\"p3\">Lactoferrin liposomal do mhadra\u00ed agus do chait. Taca\u00edonn s\u00e9 le sl\u00e1inte gut, c\u00f3ras imdh\u00edonachta agus cothroma\u00edocht mhiocr\u00f3bach. Oiri\u00fanach le haghaidh ionfhabhtuithe, SIBO, Candida agus aill\u00e9irg\u00ed.  <\/p>\n<\/div>\n","protected":false},"featured_media":17701,"comment_status":"open","ping_status":"closed","template":"","meta":[],"product_brand":[],"product_cat":[1809,1888,1890,2073,2880],"product_tag":[4015,3019,1894,1904,4016,4014,4013,2075,1892,1908],"merken":[],"class_list":{"0":"post-7175","1":"product","2":"type-product","3":"status-publish","4":"has-post-thumbnail","6":"product_cat-coras-imdhionachta","7":"product_cat-dilea","8":"product_cat-forliontai-ortomoilineach","9":"product_cat-liposomach","10":"product_cat-paraisiti","11":"product_tag-antasubstainti","12":"product_tag-athlasadh","13":"product_tag-cat-ga","14":"product_tag-coras-imdhionachta","15":"product_tag-deisiuchan-membrane-mucasach","16":"product_tag-forlionadh-curaim-ngd","17":"product_tag-lactoferrin-ga","18":"product_tag-liposomach","19":"product_tag-madra","20":"product_tag-slainte-gut","21":"infinite-scroll-item","22":"sales-flash-overlay","23":"woocommerce-text-align-center","24":"woocommerce-image-align-center","25":"do-quantity-buttons","27":"first","28":"instock","29":"taxable","30":"shipping-taxable","31":"purchasable","32":"product-type-simple"},"_links":{"self":[{"href":"https:\/\/www.ngdcare.nl\/ga\/wp-json\/wp\/v2\/product\/7175","targetHints":{"allow":["GET"]}}],"collection":[{"href":"https:\/\/www.ngdcare.nl\/ga\/wp-json\/wp\/v2\/product"}],"about":[{"href":"https:\/\/www.ngdcare.nl\/ga\/wp-json\/wp\/v2\/types\/product"}],"replies":[{"embeddable":true,"href":"https:\/\/www.ngdcare.nl\/ga\/wp-json\/wp\/v2\/comments?post=7175"}],"wp:featuredmedia":[{"embeddable":true,"href":"https:\/\/www.ngdcare.nl\/ga\/wp-json\/wp\/v2\/media\/17701"}],"wp:attachment":[{"href":"https:\/\/www.ngdcare.nl\/ga\/wp-json\/wp\/v2\/media?parent=7175"}],"wp:term":[{"taxonomy":"product_brand","embeddable":true,"href":"https:\/\/www.ngdcare.nl\/ga\/wp-json\/wp\/v2\/product_brand?post=7175"},{"taxonomy":"product_cat","embeddable":true,"href":"https:\/\/www.ngdcare.nl\/ga\/wp-json\/wp\/v2\/product_cat?post=7175"},{"taxonomy":"product_tag","embeddable":true,"href":"https:\/\/www.ngdcare.nl\/ga\/wp-json\/wp\/v2\/product_tag?post=7175"},{"taxonomy":"merken","embeddable":true,"href":"https:\/\/www.ngdcare.nl\/ga\/wp-json\/wp\/v2\/merken?post=7175"}],"curies":[{"name":"wp","href":"https:\/\/api.w.org\/{rel}","templated":true}]}}