{"id":7185,"date":"2025-04-05T11:34:11","date_gmt":"2025-04-05T09:34:11","guid":{"rendered":"https:\/\/www.ngdcare.nl\/product\/uncategorized\/bileoga\/"},"modified":"2025-04-05T11:34:11","modified_gmt":"2025-04-05T09:34:11","slug":"bileoga","status":"publish","type":"product","link":"https:\/\/www.ngdcare.nl\/ga\/product\/forliontai-ortomoilineach\/bileoga\/","title":{"rendered":"Bileoga"},"content":{"rendered":"<p>M\u00e1s mian leat bileoga a ord\u00fa mar athdh\u00edolt\u00f3ir n\u00f3 cleamhnaithe, is f\u00e9idir leat \u00e9 seo a chur in i\u00fal anseo. Is f\u00e9idir leat iad seo a thabhairt ansin le linn comhairli\u00fach\u00e1in le haghaidh eolais. <\/p>\n<p>Is f\u00e9idir na bileoga agus na bileoga go l\u00e9ir a \u00edosl\u00f3d\u00e1il go digiteach freisin nuair a log\u00e1lann t\u00fa isteach.<\/p>\n<p>Cuir na tuairim\u00ed isteach le do thoil agus t\u00fa ag ord\u00fa c\u00e9 mh\u00e9ad agus c\u00e9 na bileoga ba mhaith leat a fh\u00e1il.<\/p>\n<p>T\u00e1 br\u00f3isi\u00fair ghinear\u00e1lta de NGD Care d\u00e9anta againn agus bileog do gach pr\u00f3tacal is f\u00e9idir linn a sheoladh chugat.<\/p>\n","protected":false},"excerpt":{"rendered":"<p>Anseo is f\u00e9idir leat gach bileog agus bileog de na pr\u00f3tacail a ord\u00fa \u00f3 NGD Care.<\/p>\n","protected":false},"featured_media":18058,"comment_status":"open","ping_status":"closed","template":"","meta":{"wds_primary_product_brand":0,"wds_primary_product_cat":0,"wds_primary_merken":0},"product_brand":[],"product_cat":[1890,2881],"product_tag":[],"merken":[],"class_list":{"0":"post-7185","1":"product","2":"type-product","3":"status-publish","4":"has-post-thumbnail","6":"product_cat-forliontai-ortomoilineach","7":"product_cat-protacail","8":"infinite-scroll-item","9":"sales-flash-overlay","10":"woocommerce-text-align-center","11":"woocommerce-image-align-center","12":"do-quantity-buttons","14":"first","15":"instock","16":"taxable","17":"shipping-taxable","18":"purchasable","19":"product-type-simple"},"_links":{"self":[{"href":"https:\/\/www.ngdcare.nl\/ga\/wp-json\/wp\/v2\/product\/7185","targetHints":{"allow":["GET"]}}],"collection":[{"href":"https:\/\/www.ngdcare.nl\/ga\/wp-json\/wp\/v2\/product"}],"about":[{"href":"https:\/\/www.ngdcare.nl\/ga\/wp-json\/wp\/v2\/types\/product"}],"replies":[{"embeddable":true,"href":"https:\/\/www.ngdcare.nl\/ga\/wp-json\/wp\/v2\/comments?post=7185"}],"wp:featuredmedia":[{"embeddable":true,"href":"https:\/\/www.ngdcare.nl\/ga\/wp-json\/wp\/v2\/media\/18058"}],"wp:attachment":[{"href":"https:\/\/www.ngdcare.nl\/ga\/wp-json\/wp\/v2\/media?parent=7185"}],"wp:term":[{"taxonomy":"product_brand","embeddable":true,"href":"https:\/\/www.ngdcare.nl\/ga\/wp-json\/wp\/v2\/product_brand?post=7185"},{"taxonomy":"product_cat","embeddable":true,"href":"https:\/\/www.ngdcare.nl\/ga\/wp-json\/wp\/v2\/product_cat?post=7185"},{"taxonomy":"product_tag","embeddable":true,"href":"https:\/\/www.ngdcare.nl\/ga\/wp-json\/wp\/v2\/product_tag?post=7185"},{"taxonomy":"merken","embeddable":true,"href":"https:\/\/www.ngdcare.nl\/ga\/wp-json\/wp\/v2\/merken?post=7185"}],"curies":[{"name":"wp","href":"https:\/\/api.w.org\/{rel}","templated":true}]}}