{"id":7195,"date":"2025-04-01T15:22:59","date_gmt":"2025-04-01T13:22:59","guid":{"rendered":"https:\/\/www.ngdcare.nl\/product\/uncategorized\/multivitamin-liposomal-liposomal-laethuil-il\/"},"modified":"2026-04-26T21:05:33","modified_gmt":"2026-04-26T19:05:33","slug":"multivitamin-liposomal-liposomal-laethuil-il","status":"publish","type":"product","link":"https:\/\/www.ngdcare.nl\/ga\/product\/veterinary-health\/forliontai-ortomoilineach\/multivitamin-liposomal-liposomal-laethuil-il\/","title":{"rendered":"Liposomal laeth\u00fail il-"},"content":{"rendered":"<p class=\"font-claude-response-body break-words whitespace-normal leading-[1.7]\">NGD Care Daily Multi: Multivitamin Laeth\u00fail Comhl\u00e1naigh do Mhadra\u00ed agus do Chait<\/p>\n<p class=\"font-claude-response-body break-words whitespace-normal leading-[1.7]\">Is foirmle multivitamin l\u00e1n-chuimsitheach \u00e9 Daily Multi at\u00e1 bunaithe ar sleachta tortha\u00ed agus glasra\u00ed org\u00e1nacha, saibhrithe le vitim\u00edn\u00ed agus mianra\u00ed riachtanacha i bhfoirmeacha in-ions\u00faite go h\u00e9asca. Cinnt\u00edonn an teicneola\u00edocht liposomal ions\u00fa ceallacha is fearr agus an boilg agus an intestines \u00e1 chosaint. Is breithni\u00fa \u00e1bhartha \u00e9 seo i bhforl\u00edonta\u00ed a thugtar go laeth\u00fail agus go fadt\u00e9armach.  <\/p>\n<p class=\"font-claude-response-body break-words whitespace-normal leading-[1.7]\">Cuims\u00edonn an comhdh\u00e9anamh vitim\u00edn an coimpl\u00e9asc B ar fad, vitim\u00edn\u00ed A, C, D3, E agus K2. Oibr\u00edonn vitim\u00edn\u00ed D3 agus K2 go sineirgisteach le haghaidh meitibileacht chailciam agus cn\u00e1mh. Cinnt\u00edonn K2 mar MK-7 go dtaisctear cailciam sna h\u00e1iteanna cearta agus nach gcarnann s\u00e9 i mballa\u00ed soith\u00edoch. Cuirtear vitim\u00edn E ar f\u00e1il mar t\u00f3caifear\u00f3il mheasctha le haghaidh pr\u00f3if\u00edl frithocsa\u00eddeach n\u00edos leithne n\u00e1 alfa-t\u00f3caifear\u00f3il sint\u00e9iseach ina n-aonar. Roghna\u00edtear na mianra\u00ed, lena n-\u00e1ir\u00edtear since, seil\u00e9iniam, iarann, agus iaid\u00edn, i bhfoirmeacha chelated n\u00f3 comhdh\u00faile org\u00e1nacha le bith-infhaighteacht n\u00edos airde n\u00e1 salainn neamhorg\u00e1nacha.    <\/p>\n<p class=\"font-claude-response-body break-words whitespace-normal leading-[1.7]\">Chomh maith leis na vitim\u00edn\u00ed agus na mianra\u00ed caighde\u00e1naithe, sol\u00e1thra\u00edonn \u00fas\u00e1id sleachta tortha\u00ed agus glasra\u00ed org\u00e1nacha maitr\u00eds de phytonutrients, cofactors agus riand\u00faile a thaca\u00edonn le gn\u00edomha\u00edocht bhitheola\u00edoch na gcothaithigh aonair. Is bunt\u00e1iste \u00e9 seo nach bhfuil in easnamh ar ilullmh\u00f3id\u00ed sint\u00e9iseacha. <\/p>\n<p class=\"font-claude-response-body break-words whitespace-normal leading-[1.7]\">T\u00e1 Daily Multi oiri\u00fanach do choile\u00e1in\u00edn\u00ed a fh\u00e1s, madra\u00ed f\u00e1sta mar fhorl\u00edonadh cothaitheach laeth\u00fail agus madra\u00ed sinsearacha a bhfuil g\u00e1 m\u00e9adaithe acu le frithocsa\u00eddeoir\u00ed, taca\u00edocht cn\u00e1mh agus taca\u00edocht imdh\u00edonachta. Is f\u00e9idir an t\u00e1irge a \u00fas\u00e1id freisin i dt\u00e9arnamh tar \u00e9is breoiteachta n\u00f3 m\u00e1inliachta, i gc\u00e1s aill\u00e9irg\u00ed n\u00f3 fadhbanna craicinn nuair a thaca\u00edonn an st\u00e1das micronutrient is fearr le feidhm bhacainn agus freagairt imdh\u00edonachta agus i gcoitinne beocht laghdaithe. <\/p>\n<p class=\"font-claude-response-body break-words whitespace-normal leading-[1.7]\">Is f\u00e9idir le cait an t\u00e1irge seo a \u00fas\u00e1id, ach toisc go bhfuil taurine agus L-carnitine ar iarraidh, t\u00e1 forl\u00edonadh ag teast\u00e1il. T\u00e1 an d\u00e1 shubstaint riachtanach do chait agus n\u00ed f\u00e9idir iad f\u00e9in a th\u00e1irgeadh, rud a fh\u00e1gann go bhfuil g\u00e1 le forl\u00edonadh breise. T\u00e1 Taurine agus L-carnitine i l\u00e1thair go leor i KVV ar chaighde\u00e1n maith agus n\u00edl siad riachtanach l\u00e1ithreach do chait f\u00e1sta. I gcait shinsearacha, fadhbanna cro\u00ed agus fadhbanna ae, is forl\u00edonadh an-\u00fas\u00e1ideach iad taurine agus L-carnitine. M\u00e1 t\u00e1 amhras ort, t\u00e9igh i gcomhairle len\u00e1r tr\u00e9idlia.    <\/p>\n<p class=\"font-claude-response-body break-words whitespace-normal leading-[1.7]\">Ar mhaith leat n\u00edos m\u00f3 a l\u00e9amh faoi ch\u00falra eola\u00edoch vitim\u00edn\u00ed agus mianra\u00ed i madra\u00ed agus cait? L\u00e9igh an p\u00edosa c\u00falra fairsing: <a href=\"https:\/\/www.ngdcare.nl\/ga\/blag\/vitimini-agus-mianrai-i-madrai-agus-cait\/\">Vitim\u00edn\u00ed agus mianra\u00ed i madra\u00ed agus cait,<\/a> na bloic th\u00f3g\u00e1la de shl\u00e1inte laeth\u00fail m\u00ednithe. <\/p>\n","protected":false},"excerpt":{"rendered":"<div>\n<p class=\"p3\">Multivitamin liposomal do mhadra\u00ed agus do chait le sleachta tortha\u00ed agus glasra\u00ed org\u00e1nacha. Taca\u00edonn s\u00e9 le friota\u00edocht, f\u00e1s, t\u00e9arnamh agus beocht. <\/p>\n<\/div>\n","protected":false},"featured_media":17712,"comment_status":"open","ping_status":"closed","template":"","meta":{"wds_primary_product_brand":0,"wds_primary_product_cat":0,"wds_primary_merken":0},"product_brand":[],"product_cat":[1890,2073,4023],"product_tag":[],"merken":[],"class_list":{"0":"post-7195","1":"product","2":"type-product","3":"status-publish","4":"has-post-thumbnail","6":"product_cat-forliontai-ortomoilineach","7":"product_cat-liposomach","8":"product_cat-vitimini-agus-mianrai","9":"infinite-scroll-item","10":"sales-flash-overlay","11":"woocommerce-text-align-center","12":"woocommerce-image-align-center","13":"do-quantity-buttons","15":"first","16":"instock","17":"taxable","18":"shipping-taxable","19":"purchasable","20":"product-type-simple"},"_links":{"self":[{"href":"https:\/\/www.ngdcare.nl\/ga\/wp-json\/wp\/v2\/product\/7195","targetHints":{"allow":["GET"]}}],"collection":[{"href":"https:\/\/www.ngdcare.nl\/ga\/wp-json\/wp\/v2\/product"}],"about":[{"href":"https:\/\/www.ngdcare.nl\/ga\/wp-json\/wp\/v2\/types\/product"}],"replies":[{"embeddable":true,"href":"https:\/\/www.ngdcare.nl\/ga\/wp-json\/wp\/v2\/comments?post=7195"}],"wp:featuredmedia":[{"embeddable":true,"href":"https:\/\/www.ngdcare.nl\/ga\/wp-json\/wp\/v2\/media\/17712"}],"wp:attachment":[{"href":"https:\/\/www.ngdcare.nl\/ga\/wp-json\/wp\/v2\/media?parent=7195"}],"wp:term":[{"taxonomy":"product_brand","embeddable":true,"href":"https:\/\/www.ngdcare.nl\/ga\/wp-json\/wp\/v2\/product_brand?post=7195"},{"taxonomy":"product_cat","embeddable":true,"href":"https:\/\/www.ngdcare.nl\/ga\/wp-json\/wp\/v2\/product_cat?post=7195"},{"taxonomy":"product_tag","embeddable":true,"href":"https:\/\/www.ngdcare.nl\/ga\/wp-json\/wp\/v2\/product_tag?post=7195"},{"taxonomy":"merken","embeddable":true,"href":"https:\/\/www.ngdcare.nl\/ga\/wp-json\/wp\/v2\/merken?post=7195"}],"curies":[{"name":"wp","href":"https:\/\/api.w.org\/{rel}","templated":true}]}}