{"id":7207,"date":"2025-05-30T00:03:10","date_gmt":"2025-05-29T22:03:10","guid":{"rendered":"https:\/\/www.ngdcare.nl\/product\/uncategorized\/gormain-reo-triomaithe\/"},"modified":"2025-05-30T00:03:10","modified_gmt":"2025-05-29T22:03:10","slug":"gormain-reo-triomaithe","status":"publish","type":"product","link":"https:\/\/www.ngdcare.nl\/ga\/product\/saibhriu\/toppings-bia\/gormain-reo-triomaithe\/","title":{"rendered":"Gorm\u00e1in reo-triomaithe"},"content":{"rendered":"<p class=\"p1\">C\u00faram NGD \u2013 Is breisi\u00fa blasta agus cothaitheach iad <span class=\"s1\"><br \/>\n  <b>fraoch\u00e1in reo-triomaithe<\/b><br \/>\n<\/span> le roghchl\u00e1r laeth\u00fail madra\u00ed n\u00f3 cait. Is superfruit aitheanta iad blueberries, saibhir i frithocsa\u00eddeoir\u00ed (anthocyanins, flavonoids), sn\u00e1ith\u00edn, vitim\u00edn\u00ed C, K1 agus B6, mangain\u00e9is agus polyphenols. Taca\u00edonn siad le sl\u00e1inte cille, leis an gc\u00f3ras imdh\u00edonachta agus leis an microbiome.  <\/p>\n<p class=\"p1\">Caomhna\u00edonn an <span class=\"s1\"><br \/>\n  <b>pr\u00f3iseas reo-thriom\u00fa<\/b><br \/>\n<\/span> speisialta na cothaithigh go l\u00e9ir go dt\u00ed an t-uasmh\u00e9id. \u00c9ir\u00edonn an strucht\u00far crunchy agus cl\u00famhach, rud a fh\u00e1gann go dtiteann na caora as a ch\u00e9ile go h\u00e9asca agus go nd\u00e9antar iad a ions\u00fa go maith, fi\u00fa do fheoiliteoir\u00ed a bhfuil conradh d\u00edle\u00e1 gearr acu. <\/p>\n<p class=\"p1\">Bain \u00fas\u00e1id as na caora mar bharr saibhrithe, c\u00f3ire\u00e1il n\u00e1d\u00fartha n\u00f3 iad a mheascadh i smoothie duit f\u00e9in n\u00f3 do do pheata.<\/p>\n","protected":false},"excerpt":{"rendered":"<p class=\"p1\">Gorm\u00e1in reo-triomaithe crunchy, saibhir i frithocsa\u00eddeoir\u00ed agus bre\u00e1 absorbable do fheoiliteoir\u00ed . Oiri\u00fanach mar bharr n\u00f3 sneaiceanna n\u00e1d\u00fartha. <\/p>\n","protected":false},"featured_media":11279,"comment_status":"open","ping_status":"closed","template":"","meta":[],"product_brand":[],"product_cat":[2522,2523],"product_tag":[],"merken":[],"class_list":{"0":"post-7207","1":"product","2":"type-product","3":"status-publish","4":"has-post-thumbnail","6":"product_cat-saibhriu","7":"product_cat-toppings-bia","8":"infinite-scroll-item","9":"sales-flash-overlay","10":"woocommerce-text-align-center","11":"woocommerce-image-align-center","12":"do-quantity-buttons","14":"first","15":"instock","16":"taxable","17":"shipping-taxable","18":"purchasable","19":"product-type-simple"},"_links":{"self":[{"href":"https:\/\/www.ngdcare.nl\/ga\/wp-json\/wp\/v2\/product\/7207","targetHints":{"allow":["GET"]}}],"collection":[{"href":"https:\/\/www.ngdcare.nl\/ga\/wp-json\/wp\/v2\/product"}],"about":[{"href":"https:\/\/www.ngdcare.nl\/ga\/wp-json\/wp\/v2\/types\/product"}],"replies":[{"embeddable":true,"href":"https:\/\/www.ngdcare.nl\/ga\/wp-json\/wp\/v2\/comments?post=7207"}],"wp:featuredmedia":[{"embeddable":true,"href":"https:\/\/www.ngdcare.nl\/ga\/wp-json\/wp\/v2\/media\/11279"}],"wp:attachment":[{"href":"https:\/\/www.ngdcare.nl\/ga\/wp-json\/wp\/v2\/media?parent=7207"}],"wp:term":[{"taxonomy":"product_brand","embeddable":true,"href":"https:\/\/www.ngdcare.nl\/ga\/wp-json\/wp\/v2\/product_brand?post=7207"},{"taxonomy":"product_cat","embeddable":true,"href":"https:\/\/www.ngdcare.nl\/ga\/wp-json\/wp\/v2\/product_cat?post=7207"},{"taxonomy":"product_tag","embeddable":true,"href":"https:\/\/www.ngdcare.nl\/ga\/wp-json\/wp\/v2\/product_tag?post=7207"},{"taxonomy":"merken","embeddable":true,"href":"https:\/\/www.ngdcare.nl\/ga\/wp-json\/wp\/v2\/merken?post=7207"}],"curies":[{"name":"wp","href":"https:\/\/api.w.org\/{rel}","templated":true}]}}