{"id":7228,"date":"2024-10-01T23:20:24","date_gmt":"2024-10-01T21:20:24","guid":{"rendered":"https:\/\/www.ngdcare.nl\/product\/uncategorized\/protacal-struis\/"},"modified":"2026-05-06T16:31:42","modified_gmt":"2026-05-06T14:31:42","slug":"protacal-struis","status":"publish","type":"product","link":"https:\/\/www.ngdcare.nl\/ga\/product\/veterinary-health\/protacail\/protacal-struis\/","title":{"rendered":"Pr\u00f3tacal iompair"},"content":{"rendered":"<p class=\"font-claude-response-body break-words whitespace-normal leading-[1.7]\">Pr\u00f3tacal Iompra\u00edochta C\u00faraim NGD: taca\u00edocht n\u00e1d\u00fartha do strus, imn\u00ed agus fadhbanna iompra\u00edochta i madra\u00ed agus cait<\/p>\n<p class=\"font-claude-response-body break-words whitespace-normal leading-[1.7]\">N\u00ed fadhbanna iompra\u00edochta amh\u00e1in iad strus agus imn\u00ed i madra\u00ed agus cait, is staid fiseola\u00edoch iad. T\u00e1 gn\u00edomhacht\u00fa ainsealach an n\u00e9arch\u00f3rais b\u00e1\u00fail &#8220;caitheanta&#8221; go lean\u00fanach ag an gcomhlacht, rud a fh\u00e1gann go bhfuil c\u00f3ras gastrointestinal n\u00edos boichte, d\u00edol\u00faine lagaithe agus gn\u00edomha\u00edocht athlastach mh\u00e9adaithe. T\u00e9ann Pr\u00f3tacal Iompra\u00edochta C\u00faraim NGD i ngleic leis seo ar leibh\u00e9il \u00e9ags\u00fala ag an am c\u00e9anna: an n\u00e9arch\u00f3ras, an phr\u00f3if\u00edl horm\u00f3in, an microbiome agus an chothroma\u00edocht fhuinni\u00fail.  <\/p>\n<p class=\"font-claude-response-body break-words whitespace-normal leading-[1.7]\">Comhcheangla\u00edonn an pr\u00f3tacal ceithre fhorl\u00edonadh at\u00e1 ag gn\u00edomh\u00fa go sineirgisteach. T\u00e1 ceithre bheac\u00e1n \u00edocshl\u00e1inte le h\u00e9ifeachta\u00ed adaptogenic i gCoimpl\u00e9asc Myco Adaptogen (measc\u00e1n muisiri\u00fan 2). Laghda\u00edonn siad an fhreagairt struis, nearta\u00edonn siad an c\u00f3ras imdh\u00edonachta agus feidhm\u00edonn siad mar prebiotics chun tac\u00fa leis an microbiome gut. I gcomhth\u00e9acs strus ainsealach, is pointe aird \u00e1bhartha \u00e9 feidhm bput\u00f3g beagnach i gc\u00f3na\u00ed: is iarmhairt\u00ed d\u00edreacha iad t\u00e1irgeadh aig\u00e9ad laghdaithe, motility bput\u00f3g moillithe agus dysbiosis.   <\/p>\n<p class=\"font-claude-response-body break-words whitespace-normal leading-[1.7]\">T\u00e1 ashwagandha agus rhodiola i bhfoirm liposomal i gCoimpl\u00e9asc Adaptogen Liposomal. Is adaptogens clasaiceach iad araon a mhodhna\u00edonn ais HPA, a laghda\u00edonn cortisol agus adrenaline, agus a mh\u00e9ada\u00edonn infhaighteacht serotonin. Athch\u00f3ir\u00edonn siad an chothroma\u00edocht idir freagairt struis agus cumas t\u00e9arnaimh tar \u00e9is staid struis.  <\/p>\n<p class=\"font-claude-response-body break-words whitespace-normal leading-[1.7]\">Taca\u00edonn ola CBD le rial\u00e1il codlata, goile, dearcadh pian agus feidhm imdh\u00edonachta tr\u00edd an gc\u00f3ras endocannabinoid. I strus, is nasc modhn\u00fail d\u00edreach \u00e9 an c\u00f3ras endocannabinoid sa fhreagairt strus neuroendocrine agus sa ghn\u00edomha\u00edocht parasympathetic. <\/p>\n<p class=\"font-claude-response-body break-words whitespace-normal leading-[1.7]\">Sol\u00e1thra\u00edonn Relax Support maign\u00e9isiam, L-theanine, L-tryptophan agus vitim\u00edn B6 mar P-5-P i bhfoirm liposomal. Le ch\u00e9ile, taca\u00edonn siad le t\u00e1irgeadh neurotransmitter (serotonin, GABA, dopamine), cothroma\u00edocht codlata-m\u00fascailte agus feidhm n\u00e9ar\u00f3g. Modhna\u00edonn L-theanine gn\u00edomha\u00edocht alfa-brainwave go d\u00edreach le haghaidh \u00e9ifeacht suaimhneach gan sedation.  <\/p>\n<p class=\"font-claude-response-body break-words whitespace-normal leading-[1.7]\">I gc\u00e1s strus g\u00e9armh\u00edochaine, mar shampla bogadh, saoire n\u00f3 staid teaghlaigh nua, is f\u00e9idir an pr\u00f3tacal a \u00fas\u00e1id l\u00e1ithreach gan mhaoirseacht. I gc\u00e1s fadhbanna iompra\u00edochta ainsealacha, molaimid \u00e9 a chomhcheangal leis an <a href=\"https:\/\/www.ngdcare.nl\/ga\/product\/protacail\/protacal-bputog\/\">bPr\u00f3tacal Bput\u00f3g C\u00faraim NGD<\/a>, toisc go gcuireann gn\u00edomhacht\u00fa b\u00e1\u00fail ainsealach feidhm bput\u00f3g faoi chois go strucht\u00farach agus go bhfuil g\u00e1 le hathch\u00f3iri\u00fa an mhicribhith\u00f3im le haghaidh t\u00e9arnamh iompra\u00edochta inbhuanaithe. <\/p>\n<p class=\"font-claude-response-body break-words whitespace-normal leading-[1.7]\">Is f\u00e9idir an pr\u00f3tacal a dhoimhni\u00fa tuilleadh le essences bl\u00e1thanna n\u00f3 bl\u00e1thola\u00ed \u00f3n raon NGD Care le haghaidh cothroma\u00edocht mhoth\u00fach\u00e1nach agus fuinni\u00fail.<\/p>\n<p class=\"font-claude-response-body break-words whitespace-normal leading-[1.7]\">Ar mhaith leat n\u00edos m\u00f3 a l\u00e9amh faoi ch\u00falra eola\u00edoch an struis, an ais HPA agus an ais gut-brain i madra\u00ed agus cait? L\u00e9igh an p\u00edosa c\u00falra fairsing: <a href=\"https:\/\/www.ngdcare.nl\/ga\/blag\/protacal-iompair\/\">Strus agus iompar i madra\u00ed agus cait: ais HPA, microbiome agus adaptogens<\/a> <\/p>\n","protected":false},"excerpt":{"rendered":"<p style=\"font-weight: 400;\">N\u00ed fadhb iompra\u00edochta amh\u00e1in iad strus ainsealach agus imn\u00ed i madra\u00ed agus cait ach riocht fisiceach a th\u00e9ann i bhfeidhm ar an gc\u00f3ras ioml\u00e1n. Comhcheangla\u00edonn an pr\u00f3tacal seo ceithre fhorl\u00edonadh a mhaola\u00edonn an n\u00e9arch\u00f3ras, cortisol n\u00edos \u00edsle, agus a thaca\u00edonn le feidhm bput\u00f3g: beac\u00e1in \u00edocshl\u00e1inte, ashwagandha agus rhodiola, ola CBD, agus Taca\u00edocht Sc\u00edthe. Is f\u00e9idir \u00e9 a \u00fas\u00e1id l\u00e1ithreach i gc\u00e1s strus su\u00edmh, i gc\u00e1s gear\u00e1in ainsealacha is f\u00e9idir \u00e9 a chomhcheangal leis an bPr\u00f3tacal Bput\u00f3g.  <\/p>\n","protected":false},"featured_media":12101,"comment_status":"open","ping_status":"closed","template":"","meta":{"wds_primary_product_brand":0,"wds_primary_product_cat":22,"wds_primary_merken":0},"product_brand":[],"product_cat":[2881],"product_tag":[4050,2477,2130,2482,1894,3130,3124,2476,1892,3122,2895,4049,2478,2137],"merken":[],"class_list":{"0":"post-7228","1":"product","2":"type-product","3":"status-publish","4":"has-post-thumbnail","6":"product_cat-protacail","7":"product_tag-adaptogens-ga","8":"product_tag-ashwagandha-ga","9":"product_tag-beacain-iocshlainte","10":"product_tag-caitheamh-aimsire","11":"product_tag-cat-ga","12":"product_tag-cumhartheiripe","13":"product_tag-eagla","14":"product_tag-iompar","15":"product_tag-madra","16":"product_tag-ola-cbd","17":"product_tag-protacal-curaim-ngd","18":"product_tag-protacal-struis","19":"product_tag-rhodiola-ga","20":"product_tag-strus","21":"infinite-scroll-item","22":"sales-flash-overlay","23":"woocommerce-text-align-center","24":"woocommerce-image-align-center","25":"do-quantity-buttons","27":"first","28":"instock","29":"sale","30":"taxable","31":"shipping-taxable","32":"purchasable","33":"product-type-simple"},"_links":{"self":[{"href":"https:\/\/www.ngdcare.nl\/ga\/wp-json\/wp\/v2\/product\/7228","targetHints":{"allow":["GET"]}}],"collection":[{"href":"https:\/\/www.ngdcare.nl\/ga\/wp-json\/wp\/v2\/product"}],"about":[{"href":"https:\/\/www.ngdcare.nl\/ga\/wp-json\/wp\/v2\/types\/product"}],"replies":[{"embeddable":true,"href":"https:\/\/www.ngdcare.nl\/ga\/wp-json\/wp\/v2\/comments?post=7228"}],"wp:featuredmedia":[{"embeddable":true,"href":"https:\/\/www.ngdcare.nl\/ga\/wp-json\/wp\/v2\/media\/12101"}],"wp:attachment":[{"href":"https:\/\/www.ngdcare.nl\/ga\/wp-json\/wp\/v2\/media?parent=7228"}],"wp:term":[{"taxonomy":"product_brand","embeddable":true,"href":"https:\/\/www.ngdcare.nl\/ga\/wp-json\/wp\/v2\/product_brand?post=7228"},{"taxonomy":"product_cat","embeddable":true,"href":"https:\/\/www.ngdcare.nl\/ga\/wp-json\/wp\/v2\/product_cat?post=7228"},{"taxonomy":"product_tag","embeddable":true,"href":"https:\/\/www.ngdcare.nl\/ga\/wp-json\/wp\/v2\/product_tag?post=7228"},{"taxonomy":"merken","embeddable":true,"href":"https:\/\/www.ngdcare.nl\/ga\/wp-json\/wp\/v2\/merken?post=7228"}],"curies":[{"name":"wp","href":"https:\/\/api.w.org\/{rel}","templated":true}]}}