{"id":7252,"date":"2024-09-30T23:05:57","date_gmt":"2024-09-30T21:05:57","guid":{"rendered":"https:\/\/www.ngdcare.nl\/product\/uncategorized\/protacal-bputog\/"},"modified":"2026-04-09T13:47:20","modified_gmt":"2026-04-09T11:47:20","slug":"protacal-bputog","status":"publish","type":"product","link":"https:\/\/www.ngdcare.nl\/ga\/product\/protacail\/protacal-bputog\/","title":{"rendered":"Pr\u00f3tacal bput\u00f3g"},"content":{"rendered":"<p><strong>Is \u00e9ard at\u00e1 in\u00e1r br\u00f3tacal bput\u00f3g n\u00e1 2 ch\u00e9im.<\/strong><\/p>\n<p>T\u00e1 s\u00e9 i gceist ag <strong>C\u00e9im 1<\/strong> an bithscann\u00e1n pataigineach a bhaint as na intestines agus an corp a dh\u00edthocsaini\u00fa agus a ch\u00f3ire\u00e1il i gcoinne an athlasadh \u00edseal-ghr\u00e1d.<\/p>\n<p><strong>T\u00e1 C\u00e9im 2<\/strong> riachtanach chun t\u00f3g\u00e1il agus cobhsa\u00edocht bhreise an mhicribhith\u00f3im a chur chun cinn agus chun tac\u00fa leis an mballa intestinal.<\/p>\n<p>Cinnt\u00edonn microbiome sl\u00e1inti\u00fail t\u00e1irgeadh eins\u00edm\u00ed, vitim\u00edn\u00ed, neurotransmitters, aig\u00e9id shailleacha gearr-slabhra agus frithocsa\u00eddeoir\u00ed, i measc ruda\u00ed eile. Mura bhfuil an miocr\u00f3m i gcothroma\u00edocht a thuilleadh mar gheall ar ch\u00fais \u00e1irithe (m.sh. coth\u00fa, strus, pian), crutha\u00edtear bithscann\u00e1n. Is l\u00edon n\u00edos m\u00f3 miocrorg\u00e1nach iad seo a chrutha\u00edonn pobal slimy dl\u00fath-chniot\u00e1ilte. Crutha\u00edonn an bithscann\u00e1n bacainn dochlo\u00edte agus is f\u00e9idir leis a bheith n\u00edos m\u00f3, ag t\u00e1irgeadh facht\u00f3ir\u00ed v\u00edreasacha agus tocsain\u00ed. Tugtar bithscann\u00e1n pataigineach air seo. T\u00e1 an bithscann\u00e1n pataigineach seo ag bun athlasadh i ngach sraith membrane m\u00facasach den chorp mar an craiceann, an lamhn\u00e1n, na cluasa agus na s\u00faile. Ach t\u00e1 baint aige freisin le frithghn\u00edomhartha aill\u00e9irgeacha, galair imdh\u00edonachta, fadhbanna iompra\u00edochta agus ailse.      <\/p>\n<div><strong>Plean teiripe<\/strong>.<\/div>\n<div><strong>C\u00e9im 1a:<\/strong><\/div>\n<ul>\n<li>Idirghabh\u00e1il chothaitheach. An \u00e9ags\u00falacht is m\u00f3 is f\u00e9idir i 80% KVV n\u00f3 st\u00e1naithe le glasra\u00ed tal\u00fan 20%. <\/li>\n<li>Is cuid an-riachtanach den phr\u00f3tacal intestinal \u00e9 seo. Mura bhfuil t\u00fa spreagtha chun \u00e9ags\u00falacht a thabhairt i mbia, t\u00e1 \u00e9ifeacht na c\u00f3ire\u00e1la seo i bhfad n\u00edos l\u00fa agus is f\u00e9idir leis an ngalar teacht ar ais n\u00edos \u00e9asca. <\/li>\n<\/ul>\n<div><strong>C\u00e9im 1b:<\/strong><\/div>\n<ul>\n<li>Measc\u00e1n eins\u00edm 2. T\u00e1 eins\u00edm\u00ed d\u00edle\u00e1cha agus NAC ann. T\u00e1 an measc\u00e1n eins\u00edm seo in ann an bithscann\u00e1n baict\u00e9arach agus giosta a bhriseadh s\u00edos.  <\/li>\n<li>Chlorella, spirulina agus alfalfa. T\u00e1 \u00e9ifeacht dh\u00edthocsainithe l\u00e1idir aige chun na intestines agus na horg\u00e1in tocsain\u00ed agus miotail throma a ghlanadh. T\u00e1 go leor vitim\u00edn\u00ed, mianra\u00ed, eins\u00edm\u00ed agus aim\u00ednaig\u00e9id ann chun tac\u00fa leis an gcomhlacht.  <\/li>\n<li>Curcumin Liposomal. Is frith-athlastach l\u00e1idir \u00e9 at\u00e1 ag teast\u00e1il chun an athlasadh \u00edseal-ghr\u00e1d de bharr an bhithscann\u00e1in phataigineach a bhaint as an gcorp. Mar gheall ar an bpr\u00f3ise\u00e1il liposomal, cr\u00edochna\u00edonn an Curcumin i ngach \u00e1it sa chorp.  <\/li>\n<li>Vitim\u00edn C liposomal. Is frithocsa\u00eddeoir l\u00e1idir \u00e9. Mar gheall ar an athlasadh ainsealach, t\u00e1 t\u00e1irgeadh m\u00f3r fr\u00e9amhacha saor in aisce ann, ar f\u00e9idir leo vitim\u00edn C a bhaint. <\/li>\n<li>Prebiotics. Forl\u00edonadh an-\u00e9ags\u00fail le cine\u00e1lacha \u00e9ags\u00fala sn\u00e1ith\u00edn a fh\u00e9adann an microbiome a spreagadh go forleathan. <\/li>\n<\/ul>\n<p><strong>C\u00e9im 2:<\/strong><\/p>\n<ul>\n<li>Kefir uisce. T\u00e1 50 cine\u00e1l \u00e9ags\u00fala baict\u00e9ir agus giosta sa kefir uisce agus cinnt\u00edonn s\u00e9 go spreagtar an microbiome gut n\u00edos m\u00f3 f\u00f3s. <\/li>\n<li>Aig\u00e9ad fulvic agus humach liposomal. T\u00e1 an measc\u00e1n seo an-oiri\u00fanach chun an comhlacht a dh\u00edthocsaini\u00fa tuilleadh. Is foinse deas vitim\u00edn\u00ed, mianra\u00ed, miotail agus riand\u00faile \u00e9. M\u00e9ada\u00edonn Humus na villi intestinal, cosna\u00edonn s\u00e9 an mh\u00fac\u00f3is intestinal agus cuireann s\u00e9 na hacomhail daingean ar ais. D\u00e9ile\u00e1iltear leis an st\u00e9ig hyperpermeable, n\u00f3 siondr\u00f3m gut sceite, leis seo.    <\/li>\n<li>Coimpl\u00e9asc vitim\u00edn B liposomal. Toisc go bhfuil feidhm riachtanach ag an microbiome i dt\u00e1irgeadh vitim\u00edn\u00ed B, cuirtear an forl\u00edonadh seo breise ionas gur f\u00e9idir leis an gcomhlacht t\u00e9arnamh n\u00edos tap\u00fala. Cinnt\u00edonn vitim\u00edn\u00ed B foirmi\u00fa cealla fola dearga, agus sol\u00e1thra\u00edonn siad fuinneamh, cinnt\u00edonn siad gn\u00e1thfheidhmi\u00fa an n\u00e9arch\u00f3rais, cumas d\u00edri\u00fa agus athl\u00e9imneacht mheabhrach.  <\/li>\n<\/ul>\n<p>Is f\u00e9idir an Pr\u00f3tacal Bput\u00f3g a \u00fas\u00e1id mar ch\u00farsa gearr 2 mh\u00ed (4 seachtaine c\u00e9im 1, 4 seachtaine c\u00e9im 2) mura bhfuil m\u00f3r\u00e1n comhartha\u00ed ann n\u00f3 chun glanadh maith a thabhairt don chorp gach bliain.<\/p>\n<p>I gc\u00e1s gear\u00e1in Ainsealacha, molaimid c\u00farsa ioml\u00e1n 4 mh\u00ed a lean\u00faint (c\u00e9im 1 2, c\u00e9im 2 mh\u00ed 2).<\/p>\n<p>Teasta\u00edonn 1 phac\u00e1iste \u00f3 mhadra\u00ed beaga agus cait ar feadh tr\u00e9imhse 8 seachtaine c\u00e9im 1 agus 8 seachtaine c\u00e9im 2. Is \u00e9ard at\u00e1 sa phac\u00e1iste seo n\u00e1 1 phac\u00e1iste de mheasc\u00e1n Eins\u00edm 2, chlorella \/ spirulina \/ alfalfa, vitim\u00edn C, curcumin, prebotica, aig\u00e9ad fulvic agus humic, kefir agus casta vit B. <\/p>\n<p>T\u00e1 2 phac\u00e1iste de gach ceann ag madra\u00ed me\u00e1nmh\u00e9ide de 10-30kg me\u00e1chan coirp ar feadh tr\u00e9imhse c\u00f3ire\u00e1la 8 seachtaine c\u00e9im 1 agus 8 seachtaine c\u00e9im 2. Is \u00e9ard at\u00e1 sa phac\u00e1iste seo 2 phac\u00e1iste de mheasc\u00e1n Eins\u00edm 2, chlorella \/ spirulina \/ alfalfa, vitim\u00edn C, curcumin, prebiotics, aig\u00e9ad fulvic agus humach, kefir agus 1 phac\u00e1iste de choimpl\u00e9asc vit B. <\/p>\n<p>Teasta\u00edonn 4 phac\u00e1iste de gach ceann \u00f3 mhadra\u00ed an-mh\u00f3ra os cionn 30kg ar feadh tr\u00e9imhse c\u00f3ire\u00e1la 8 seachtaine c\u00e9im 1 agus 8 seachtaine c\u00e9im 2. Is \u00e9ard at\u00e1 sa phac\u00e1iste seo 4 phac\u00e1iste de Mheasc\u00e1n Eins\u00edm 2, chlorella \/ spirulina \/ alfalfa, vitim\u00edn C, curcumin, prebiotics, aig\u00e9ad fulvic agus humic, kefir agus 2 phac\u00e1iste de choimpl\u00e9asc vit B. <\/p>\n<div>Molaimid go mbeadh an pr\u00f3tacal bput\u00f3g faoi mhaoirseacht \u00e1r dtr\u00e9idlia, n\u00f3 tr\u00e9idlia n\u00f3 teiripeoir oilte againn.<\/div>\n","protected":false},"excerpt":{"rendered":"<p data-start=\"505\" data-end=\"809\">Taca\u00edonn Pr\u00f3tacal Bput\u00f3g C\u00faraim NGD le feidhm bput\u00f3g shl\u00e1inti\u00fail i ngear\u00e1in cos\u00fail le buinneach, constipation, IBS, IBD, siondr\u00f3m gut sceite, flatulence, tr\u00edna ch\u00e9ile boilg, droch-dh\u00edle\u00e1 agus \u00edogaireachta\u00ed bia. D\u00edr\u00edonn s\u00e9 ar an microbiome a athch\u00f3iri\u00fa, an balla intestinal a neart\u00fa agus d\u00edle\u00e1 a fheabhs\u00fa i gcur chuige tuisceanach 4 mh\u00ed. T\u00e1 an pr\u00f3tacal intestinal mar bhun\u00fas le gach galar ainsealach.  <\/p>\n","protected":false},"featured_media":12131,"comment_status":"open","ping_status":"closed","template":"","meta":{"wds_primary_product_brand":0,"wds_primary_product_cat":15,"wds_primary_merken":0},"product_brand":[],"product_cat":[2881],"product_tag":[2893,2076,1894,2486,2649,2316,4096,4090,1892,1912,2916,1913,2895,4094,1908],"merken":[],"class_list":{"0":"post-7252","1":"product","2":"type-product","3":"status-publish","4":"has-post-thumbnail","6":"product_cat-protacail","7":"product_tag-bithscannan","8":"product_tag-bputoga","9":"product_tag-cat-ga","10":"product_tag-deisiuchan","11":"product_tag-dilea","12":"product_tag-dithocsainiu-ga","13":"product_tag-dysbiosis-ga","14":"product_tag-einsimi","15":"product_tag-madra","16":"product_tag-micribhithom","17":"product_tag-prebiotics-ga","18":"product_tag-probiotics-ga","19":"product_tag-protacal-curaim-ngd","20":"product_tag-protacal-intestinal","21":"product_tag-slainte-gut","22":"infinite-scroll-item","23":"sales-flash-overlay","24":"woocommerce-text-align-center","25":"woocommerce-image-align-center","26":"do-quantity-buttons","28":"first","29":"instock","30":"sale","31":"taxable","32":"shipping-taxable","33":"purchasable","34":"product-type-variable"},"_links":{"self":[{"href":"https:\/\/www.ngdcare.nl\/ga\/wp-json\/wp\/v2\/product\/7252","targetHints":{"allow":["GET"]}}],"collection":[{"href":"https:\/\/www.ngdcare.nl\/ga\/wp-json\/wp\/v2\/product"}],"about":[{"href":"https:\/\/www.ngdcare.nl\/ga\/wp-json\/wp\/v2\/types\/product"}],"replies":[{"embeddable":true,"href":"https:\/\/www.ngdcare.nl\/ga\/wp-json\/wp\/v2\/comments?post=7252"}],"wp:featuredmedia":[{"embeddable":true,"href":"https:\/\/www.ngdcare.nl\/ga\/wp-json\/wp\/v2\/media\/12131"}],"wp:attachment":[{"href":"https:\/\/www.ngdcare.nl\/ga\/wp-json\/wp\/v2\/media?parent=7252"}],"wp:term":[{"taxonomy":"product_brand","embeddable":true,"href":"https:\/\/www.ngdcare.nl\/ga\/wp-json\/wp\/v2\/product_brand?post=7252"},{"taxonomy":"product_cat","embeddable":true,"href":"https:\/\/www.ngdcare.nl\/ga\/wp-json\/wp\/v2\/product_cat?post=7252"},{"taxonomy":"product_tag","embeddable":true,"href":"https:\/\/www.ngdcare.nl\/ga\/wp-json\/wp\/v2\/product_tag?post=7252"},{"taxonomy":"merken","embeddable":true,"href":"https:\/\/www.ngdcare.nl\/ga\/wp-json\/wp\/v2\/merken?post=7252"}],"curies":[{"name":"wp","href":"https:\/\/api.w.org\/{rel}","templated":true}]}}