{"id":7263,"date":"2024-06-17T19:07:59","date_gmt":"2024-06-17T17:07:59","guid":{"rendered":"https:\/\/www.ngdcare.nl\/product\/uncategorized\/meascan-einsim-2-glantoir-bithscannain\/"},"modified":"2026-04-29T22:56:36","modified_gmt":"2026-04-29T20:56:36","slug":"meascan-einsim-2-glantoir-bithscannain","status":"publish","type":"product","link":"https:\/\/www.ngdcare.nl\/ga\/product\/veterinary-health\/forliontai-ortomoilineach\/meascan-einsim-2-glantoir-bithscannain\/","title":{"rendered":"Iarmh\u00e9id bithscann\u00e1in"},"content":{"rendered":"<div>\n<div class=\"standard-markdown grid-cols-1 grid [&amp;_&gt;_*]:min-w-0 gap-3\">\n<p class=\"font-claude-response-body break-words whitespace-normal leading-[1.7]\">Iarmh\u00e9id Bithscann\u00e1in (measc\u00e1n eins\u00edm 2 roimhe seo): NAC, lactoferrin agus eins\u00edm\u00ed le haghaidh d\u00edghr\u00e1d\u00fa bithscann\u00e1in agus leigheas intestinal i madra\u00ed agus cait<\/p>\n<\/div>\n<\/div>\n<div>\n<div class=\"standard-markdown grid-cols-1 grid [&amp;_&gt;_*]:min-w-0 gap-3\">\n<p class=\"font-claude-response-body break-words whitespace-normal leading-[1.7]\">Is minic go mb\u00edonn facht\u00f3ir bun\u00fasach amh\u00e1in i madra\u00ed agus cait ag gear\u00e1in ainsealacha intestinal, fadhbanna craicinn athfhillteacha, ionfhabhtuithe cluaise agus athlasadh \u00edsealghr\u00e1d: an bithscann\u00e1n pataigineach. Is maitr\u00eds chosanta polaisi\u00faicr\u00edd\u00ed, pr\u00f3it\u00e9in\u00ed agus DNA seachcheallacha \u00e9 bithscann\u00e1n a ligeann do bhaict\u00e9ir, giosta agus parais\u00edt\u00ed iad f\u00e9in a cheangal leis an mballa intestinal agus iad f\u00e9in a sciath go h\u00e9ifeachtach \u00f3n gc\u00f3ras imdh\u00edonachta. Chomh fada agus a bh\u00edonn an bithscann\u00e1n seo sl\u00e1n, leanfaidh gear\u00e1in ag tarl\u00fa ar\u00eds beag beann ar idirghabh\u00e1lacha eile.  <\/p>\n<\/div>\n<\/div>\n<div>\n<div class=\"standard-markdown grid-cols-1 grid [&amp;_&gt;_*]:min-w-0 gap-3\">\n<p class=\"font-claude-response-body break-words whitespace-normal leading-[1.7]\">Comhcheangla\u00edonn Biofilm Balance tr\u00ed chomhph\u00e1irt, gach ceann acu d\u00edrithe ar shraith dhifri\u00fail den strucht\u00far bithscann\u00e1in. Briseann NAC (N-acetylcysteine) an mhaitr\u00eds bithscann\u00e1in seachcheallacha tr\u00ed dh\u00edghr\u00e1d\u00fa droichid disulfide sa chomhph\u00e1irt pr\u00f3it\u00e9ine, rud a fh\u00e1gann go gcailltear sl\u00e1ine strucht\u00farach an bhithscann\u00e1in. Ag an am c\u00e9anna, is r\u00e9amhtheachta\u00ed glutathione \u00e9 NAC a athch\u00f3ir\u00edonn cumas frithocsa\u00eddeach agus imdh\u00edonachta an ae agus an bhalla intestinal.  <\/p>\n<\/div>\n<\/div>\n<div>\n<div class=\"standard-markdown grid-cols-1 grid [&amp;_&gt;_*]:min-w-0 gap-3\">\n<p class=\"font-claude-response-body break-words whitespace-normal leading-[1.7]\">Cuireann Lactoferrin an dara cur chuige bithscann\u00e1in comhl\u00e1ntach go meicni\u00fail. Tr\u00ed ghabh\u00e1il iarainn, baineann lactoferrin miocrorg\u00e1naigh phataigineacha facht\u00f3ir f\u00e1is riachtanach, a chuireann bac d\u00edreach ar fhoirmi\u00fa bithscann\u00e1in. Ina theannta sin, cuireann lactoferricin, peipt\u00edd ghn\u00edomhach lactoferrin, isteach ar shl\u00e1ine membrane baict\u00e9ir gram-di\u00faltacha agus giosta \u00e1irithe tr\u00ed cheangal d\u00edreach le lipopolysaccharide. Taispe\u00e1nann staid\u00e9ir le d\u00e9ana\u00ed go gcuireann lactoferrin bac ar fhoirmi\u00fa bithscann\u00e1in agus go nd\u00e9anann s\u00e9 bithscann\u00e1in at\u00e1 ann cheana a dh\u00edchobhs\u00fa, neamhsple\u00e1ch ar a ghn\u00edomha\u00edocht baict\u00e9aric\u00eddeach. Spreagann Lactoferrin baict\u00e9ir chomensal tairbhi\u00fala ag an am c\u00e9anna, rud a fh\u00e1gann gurb \u00e9 an t-aon chomhph\u00e1irt sa t\u00e1irge seo \u00e9 le difre\u00e1il ghn\u00edomhach idir pataigineach agus commensal.    <\/p>\n<\/div>\n<\/div>\n<div>\n<div class=\"standard-markdown grid-cols-1 grid [&amp;_&gt;_*]:min-w-0 gap-3\">\n<p class=\"font-claude-response-body break-words whitespace-normal leading-[1.7]\">Is eins\u00edm\u00ed d\u00edle\u00e1cha iad amylase, protease, agus lipase a bhriseann s\u00edos carbaihiodr\u00e1it\u00ed, pr\u00f3it\u00e9in\u00ed agus saillte, faoi seach, sa mhaitr\u00eds bithscann\u00e1in. Is \u00e9ard at\u00e1 i maitr\u00eds seachcheallach an bhithscann\u00e1in na tr\u00ed aicme macrom\u00f3il\u00edneach seo; D\u00e9anann d\u00edghr\u00e1d\u00fa eins\u00edmeach spriocdh\u00edrithe an maitr\u00eds de r\u00e9ir a ch\u00e9ile n\u00edos scagach agus n\u00edos inrochtana do na comhph\u00e1irteanna eile agus don ch\u00f3ras imdh\u00edonachta. <\/p>\n<\/div>\n<\/div>\n<div>\n<div class=\"standard-markdown grid-cols-1 grid [&amp;_&gt;_*]:min-w-0 gap-3\">\n<p class=\"font-claude-response-body break-words whitespace-normal leading-[1.7]\">T\u00e1 Iarmh\u00e9id Biofilm beartaithe mar chuid de phr\u00f3tacal gut l\u00e1rnach. Scaoileann miondeal\u00fa bithscann\u00e1in tocsain\u00ed a d&#8217;fh\u00e9adfadh a bheith ina ch\u00fais le hualach ae, imoibri\u00fa d\u00edthocsainithe agus imoibri\u00fa Herxheimer. D\u00e1 bhr\u00ed sin, d\u00e9antar an t\u00e1irge a chomhcheangal i gc\u00f3na\u00ed le gn\u00edomhair\u00ed taca\u00edochta don ae, don st\u00e9ig agus don ch\u00f3ras imdh\u00edonachta, mar a thairgtear i <a href=\"https:\/\/www.ngdcare.nl\/ga\/product\/dilea\/protacal-bputog\/\">bPr\u00f3tacal Gut<\/a> C\u00faraim NGD.  <\/p>\n<\/div>\n<\/div>\n<div>\n<div class=\"standard-markdown grid-cols-1 grid [&amp;_&gt;_*]:min-w-0 gap-3\">\n<p class=\"font-claude-response-body break-words whitespace-normal leading-[1.7]\">Ar mhaith leat n\u00edos m\u00f3 a l\u00e9amh faoi ch\u00falra eola\u00edoch bithscann\u00e1in, r\u00f3l lactoferrin agus eins\u00edm\u00ed agus a chur i bhfeidhm i madra\u00ed agus cait? L\u00e9igh an p\u00edosa c\u00falra fairsing: Cothroma\u00edocht Biofilm: an eola\u00edocht taobh thiar de dh\u00edghr\u00e1d\u00fa bithscann\u00e1in sa gut m\u00ednithe. <\/p>\n<\/div>\n<\/div>\n","protected":false},"excerpt":{"rendered":"<div>\n<p class=\"p3\">Measc\u00e1n cumhachtach d&#8217;eins\u00edm\u00ed, lactoferrin agus NAC chun bithscann\u00e1n pataigineach a bhriseadh s\u00edos sa colon i madra\u00ed agus cait. Cuid den phr\u00f3tacal intestinal. <\/p>\n<\/div>\n","protected":false},"featured_media":17744,"comment_status":"open","ping_status":"closed","template":"","meta":{"wds_primary_product_brand":0,"wds_primary_product_cat":16,"wds_primary_merken":0},"product_brand":[],"product_cat":[1890],"product_tag":[1896,4128,1900,1904,4131,2315,4136,2649,4135,4133,4134,4130,2316,4090,4132,2311,4127,1898,4126,2883,4129,1908],"merken":[],"class_list":{"0":"post-7263","1":"product","2":"type-product","3":"status-publish","4":"has-post-thumbnail","6":"product_cat-forliontai-ortomoilineach","7":"product_tag-ainmhithe","8":"product_tag-amylase-ga","9":"product_tag-cait","10":"product_tag-coras-imdhionachta","11":"product_tag-cosaint-ae","12":"product_tag-cosaint-cille","13":"product_tag-dilea-ga","14":"product_tag-dilea","15":"product_tag-dilea-carbaihiodrait","16":"product_tag-dilea-proiteine","17":"product_tag-dilea-saille","18":"product_tag-dithocsainiu-ga-2","19":"product_tag-dithocsainiu-ga","20":"product_tag-einsimi","21":"product_tag-einsimi-dileacha","22":"product_tag-frithocsaideoir","23":"product_tag-lipase-ga","24":"product_tag-madrai","25":"product_tag-n-acetylcysteine-ga","26":"product_tag-nac-ga","27":"product_tag-protease-ga","28":"product_tag-slainte-gut","29":"infinite-scroll-item","30":"sales-flash-overlay","31":"woocommerce-text-align-center","32":"woocommerce-image-align-center","33":"do-quantity-buttons","35":"first","36":"instock","37":"taxable","38":"shipping-taxable","39":"purchasable","40":"product-type-simple"},"_links":{"self":[{"href":"https:\/\/www.ngdcare.nl\/ga\/wp-json\/wp\/v2\/product\/7263","targetHints":{"allow":["GET"]}}],"collection":[{"href":"https:\/\/www.ngdcare.nl\/ga\/wp-json\/wp\/v2\/product"}],"about":[{"href":"https:\/\/www.ngdcare.nl\/ga\/wp-json\/wp\/v2\/types\/product"}],"replies":[{"embeddable":true,"href":"https:\/\/www.ngdcare.nl\/ga\/wp-json\/wp\/v2\/comments?post=7263"}],"wp:featuredmedia":[{"embeddable":true,"href":"https:\/\/www.ngdcare.nl\/ga\/wp-json\/wp\/v2\/media\/17744"}],"wp:attachment":[{"href":"https:\/\/www.ngdcare.nl\/ga\/wp-json\/wp\/v2\/media?parent=7263"}],"wp:term":[{"taxonomy":"product_brand","embeddable":true,"href":"https:\/\/www.ngdcare.nl\/ga\/wp-json\/wp\/v2\/product_brand?post=7263"},{"taxonomy":"product_cat","embeddable":true,"href":"https:\/\/www.ngdcare.nl\/ga\/wp-json\/wp\/v2\/product_cat?post=7263"},{"taxonomy":"product_tag","embeddable":true,"href":"https:\/\/www.ngdcare.nl\/ga\/wp-json\/wp\/v2\/product_tag?post=7263"},{"taxonomy":"merken","embeddable":true,"href":"https:\/\/www.ngdcare.nl\/ga\/wp-json\/wp\/v2\/merken?post=7263"}],"curies":[{"name":"wp","href":"https:\/\/api.w.org\/{rel}","templated":true}]}}