{"id":7282,"date":"2024-04-22T22:57:26","date_gmt":"2024-04-22T20:57:26","guid":{"rendered":"https:\/\/www.ngdcare.nl\/product\/uncategorized\/bosca-tastala-curam-ngd\/"},"modified":"2026-04-07T17:26:48","modified_gmt":"2026-04-07T15:26:48","slug":"bosca-tastala-curam-ngd","status":"publish","type":"product","link":"https:\/\/www.ngdcare.nl\/ga\/product\/forliontai-ortomoilineach\/bosca-tastala-curam-ngd\/","title":{"rendered":"Bosca t\u00e1st\u00e1la C\u00faram NGD"},"content":{"rendered":"<p>T\u00e1 gach forl\u00edonadh aiste bia NGDCare sa bhosca t\u00e1st\u00e1la seo (mar sin n\u00edl aon leigheasanna bl\u00e1thanna, bl\u00e1thola\u00ed, \u00f3z\u00f3n agus t\u00e1irg\u00ed coll\u00f3ideacha). Is f\u00e9idir na t\u00e1st\u00e1laithe a \u00fas\u00e1id chun t\u00e1st\u00e1il a dh\u00e9anamh ag baint \u00fas\u00e1ide as bithathshondas, kinesiology n\u00f3 biotensor. <\/p>\n","protected":false},"excerpt":{"rendered":"<p>Bosca t\u00e1st\u00e1la le gach forl\u00edonadh bia c\u00faraim NGD<\/p>\n","protected":false},"featured_media":18069,"comment_status":"open","ping_status":"closed","template":"","meta":{"wds_primary_product_brand":0,"wds_primary_product_cat":15,"wds_primary_merken":0},"product_brand":[],"product_cat":[1890],"product_tag":[],"merken":[],"class_list":{"0":"post-7282","1":"product","2":"type-product","3":"status-publish","4":"has-post-thumbnail","6":"product_cat-forliontai-ortomoilineach","7":"infinite-scroll-item","8":"sales-flash-overlay","9":"woocommerce-text-align-center","10":"woocommerce-image-align-center","11":"do-quantity-buttons","13":"first","14":"instock","15":"taxable","16":"shipping-taxable","17":"purchasable","18":"product-type-simple"},"_links":{"self":[{"href":"https:\/\/www.ngdcare.nl\/ga\/wp-json\/wp\/v2\/product\/7282","targetHints":{"allow":["GET"]}}],"collection":[{"href":"https:\/\/www.ngdcare.nl\/ga\/wp-json\/wp\/v2\/product"}],"about":[{"href":"https:\/\/www.ngdcare.nl\/ga\/wp-json\/wp\/v2\/types\/product"}],"replies":[{"embeddable":true,"href":"https:\/\/www.ngdcare.nl\/ga\/wp-json\/wp\/v2\/comments?post=7282"}],"wp:featuredmedia":[{"embeddable":true,"href":"https:\/\/www.ngdcare.nl\/ga\/wp-json\/wp\/v2\/media\/18069"}],"wp:attachment":[{"href":"https:\/\/www.ngdcare.nl\/ga\/wp-json\/wp\/v2\/media?parent=7282"}],"wp:term":[{"taxonomy":"product_brand","embeddable":true,"href":"https:\/\/www.ngdcare.nl\/ga\/wp-json\/wp\/v2\/product_brand?post=7282"},{"taxonomy":"product_cat","embeddable":true,"href":"https:\/\/www.ngdcare.nl\/ga\/wp-json\/wp\/v2\/product_cat?post=7282"},{"taxonomy":"product_tag","embeddable":true,"href":"https:\/\/www.ngdcare.nl\/ga\/wp-json\/wp\/v2\/product_tag?post=7282"},{"taxonomy":"merken","embeddable":true,"href":"https:\/\/www.ngdcare.nl\/ga\/wp-json\/wp\/v2\/merken?post=7282"}],"curies":[{"name":"wp","href":"https:\/\/api.w.org\/{rel}","templated":true}]}}