{"id":7434,"date":"2024-01-24T21:53:54","date_gmt":"2024-01-24T21:53:54","guid":{"rendered":"https:\/\/www.ngdcare.nl\/product\/uncategorized\/tacaiocht-strus-aroma\/"},"modified":"2026-01-26T20:49:47","modified_gmt":"2026-01-26T19:49:47","slug":"tacaiocht-strus-aroma","status":"publish","type":"product","link":"https:\/\/www.ngdcare.nl\/ga\/veterinary-health\/essentiele-olie-dier\/tacaiocht-strus-aroma\/tacaiocht-strus-aroma\/","title":{"rendered":"Taca\u00edocht struis"},"content":{"rendered":"<p data-start=\"340\" data-end=\"664\">Is measc\u00e1n cumhartheiripe \u00e9 <strong>NGD Care \u2013 Stress Support<\/strong> a thaca\u00edonn leis an <strong>n\u00e9arch\u00f3ras i strus ainsealach<\/strong> agus <span class=\"s1\"><b>cobhsa\u00edocht mhoth\u00fach\u00e1nach<\/b><\/span> in ainmhithe. Forbra\u00edodh an ola seo do ch\u00e1sanna ina mb\u00edonn deacracht ag ainmh\u00ed sc\u00edth a ligean, ina gcoinn\u00edonn s\u00e9 teannas n\u00f3 ina n-imoibr\u00edonn s\u00e9 go h\u00edogair le spreagtha\u00ed \u00f3n timpeallacht. <\/p>\n<p data-start=\"666\" data-end=\"834\">Taca\u00edonn an measc\u00e1n de bl\u00e1thola\u00ed bun\u00fasacha, suaimhneach agus rial\u00e1la le sc\u00edthe, s\u00e1bh\u00e1ilteacht agus cothroma\u00edocht a athbhun\u00fa, gan numbing n\u00f3 faoi chois.<\/p>\n<h4 data-start=\"841\" data-end=\"871\"><strong>Comhdh\u00e9anamh<\/strong><\/h4>\n<ul>\n<li data-start=\"874\" data-end=\"998\"><strong data-start=\"874\" data-end=\"897\">Lavender<\/strong> \u2013 taca\u00edonn s\u00e9 le sc\u00edth a ligean ar an n\u00e9arch\u00f3ras agus cabhra\u00edonn s\u00e9 le strus, teannas agus suaitheadh inmhe\u00e1nach.<\/li>\n<li data-start=\"1001\" data-end=\"1106\"><strong data-start=\"1001\" data-end=\"1026\">Cedarwood<\/strong> \u2013 talamh agus cobhs\u00fa, cuireann s\u00e9 le moth\u00fa sl\u00e1nd\u00e1la agus suaimhneas.<\/li>\n<li data-start=\"1109\" data-end=\"1215\"><strong data-start=\"1109\" data-end=\"1120\">Vetiver<\/strong> \u2013 bun\u00fas domhain agus rial\u00e1il, a \u00fas\u00e1idtear go traidisi\u00fanta le haghaidh r\u00f3-spreagadh agus strus fada.<\/li>\n<li data-start=\"1218\" data-end=\"1326\"><strong data-start=\"1218\" data-end=\"1229\">Copaiba<\/strong> \u2013 soothing agus tac\u00fail don n\u00e9arch\u00f3ras, cuid\u00edonn s\u00e9 le teannas agus corra\u00edl mhoth\u00fach\u00e1nach.<\/li>\n<li data-start=\"1329\" data-end=\"1451\"><strong data-start=\"1329\" data-end=\"1355\">Frankincense <\/strong> \u2013 taca\u00edonn s\u00e9 le cothroma\u00edocht, an\u00e1l\u00fa agus sc\u00edth a ligean agus is minic a \u00fas\u00e1idtear \u00e9 le haghaidh br\u00fa moth\u00fach\u00e1nach.<\/li>\n<\/ul>\n<p data-start=\"1453\" data-end=\"1592\">Le ch\u00e9ile, crutha\u00edonn na hola\u00ed seo sineirg\u00edocht chomhchu\u00ed a chabhra\u00edonn leis an gcorp agus an n\u00e9arch\u00f3ras a mhaol\u00fa agus frithghn\u00edomhartha struis a mhaol\u00fa.<\/p>\n<h4 data-start=\"1599\" data-end=\"1632\"><strong>T\u00e1sca<\/strong><\/h4>\n<ul>\n<li data-start=\"1635\" data-end=\"1655\">Strus agus teannas<\/li>\n<li data-start=\"1658\" data-end=\"1674\">R\u00f3-spreagadh<\/li>\n<li data-start=\"1677\" data-end=\"1705\">Iompar m\u00edshuaimhneach n\u00f3 neirbh\u00edseach<\/li>\n<li data-start=\"1708\" data-end=\"1746\">Athruithe ar thimpeallacht n\u00f3 ar ghn\u00e1thamh<\/li>\n<li data-start=\"1749\" data-end=\"1779\">T\u00e9arnamh tar \u00e9is strus fadt\u00e9armach<\/li>\n<\/ul>\n<h4 data-start=\"53\" data-end=\"78\"><strong>Cruthanna at\u00e1 ar f\u00e1il<\/strong><\/h4>\n<ul>\n<li data-start=\"81\" data-end=\"136\">Sorc\u00f3ir \u2013 le haghaidh \u00fas\u00e1ide d\u00edreacha, seachtrach. Spriocdh\u00edrithe, d\u00e1ileog \u00edseal agus oiri\u00fanach le h\u00fas\u00e1id go laeth\u00fail n\u00f3 ar an dul.<br data-start=\"371\" data-end=\"374\">Cuir iarratas isteach ar chluasa n\u00f3 pads lapa\u00ed. <\/li>\n<li data-start=\"139\" data-end=\"214\">Ola diffuser \u2013 oiri\u00fanach le haghaidh diffuser agus \u00fas\u00e1id sheachtrach caolaithe. Le haghaidh taca\u00edochta cumhr\u00e1in tr\u00edd an diffuser (timpeallacht a mhaol\u00fa) n\u00f3 caolaithe le haghaidh suathaireachta \/ \u00fas\u00e1id tr\u00e1th\u00fail. <\/li>\n<\/ul>\n","protected":false},"excerpt":{"rendered":"<p class=\"p1\">Is measc\u00e1n suaimhneach de bl\u00e1thola\u00ed \u00e9 <strong>NGD Care Stress Support<\/strong> do mhadra\u00ed agus do chait. Calms i gc\u00e1s strus, r\u00f3-spreagadh n\u00f3 teannas. Ar f\u00e1il mar ola sprae\u00e1la, sorc\u00f3ir n\u00f3 diffuser.  <\/p>\n","protected":false},"featured_media":12871,"comment_status":"open","ping_status":"closed","template":"","meta":{"wds_primary_product_brand":0,"wds_primary_product_cat":88,"wds_primary_merken":0},"product_brand":[],"product_cat":[88],"product_tag":[],"merken":[],"class_list":{"0":"post-7434","1":"product","2":"type-product","3":"status-publish","4":"has-post-thumbnail","6":"product_cat-essentiele-olie-dier","7":"infinite-scroll-item","8":"sales-flash-overlay","9":"woocommerce-text-align-center","10":"woocommerce-image-align-center","11":"do-quantity-buttons","13":"first","14":"instock","15":"taxable","16":"shipping-taxable","17":"purchasable","18":"product-type-variable"},"_links":{"self":[{"href":"https:\/\/www.ngdcare.nl\/ga\/wp-json\/wp\/v2\/product\/7434","targetHints":{"allow":["GET"]}}],"collection":[{"href":"https:\/\/www.ngdcare.nl\/ga\/wp-json\/wp\/v2\/product"}],"about":[{"href":"https:\/\/www.ngdcare.nl\/ga\/wp-json\/wp\/v2\/types\/product"}],"replies":[{"embeddable":true,"href":"https:\/\/www.ngdcare.nl\/ga\/wp-json\/wp\/v2\/comments?post=7434"}],"wp:featuredmedia":[{"embeddable":true,"href":"https:\/\/www.ngdcare.nl\/ga\/wp-json\/wp\/v2\/media\/12871"}],"wp:attachment":[{"href":"https:\/\/www.ngdcare.nl\/ga\/wp-json\/wp\/v2\/media?parent=7434"}],"wp:term":[{"taxonomy":"product_brand","embeddable":true,"href":"https:\/\/www.ngdcare.nl\/ga\/wp-json\/wp\/v2\/product_brand?post=7434"},{"taxonomy":"product_cat","embeddable":true,"href":"https:\/\/www.ngdcare.nl\/ga\/wp-json\/wp\/v2\/product_cat?post=7434"},{"taxonomy":"product_tag","embeddable":true,"href":"https:\/\/www.ngdcare.nl\/ga\/wp-json\/wp\/v2\/product_tag?post=7434"},{"taxonomy":"merken","embeddable":true,"href":"https:\/\/www.ngdcare.nl\/ga\/wp-json\/wp\/v2\/merken?post=7434"}],"curies":[{"name":"wp","href":"https:\/\/api.w.org\/{rel}","templated":true}]}}