{"id":7509,"date":"2024-01-23T13:57:04","date_gmt":"2024-01-23T13:57:04","guid":{"rendered":"https:\/\/www.ngdcare.nl\/product\/uncategorized\/ointment-ozoin-ozoncare\/"},"modified":"2026-03-29T14:20:15","modified_gmt":"2026-03-29T12:20:15","slug":"ointment-ozoin-ozoncare","status":"publish","type":"product","link":"https:\/\/www.ngdcare.nl\/ga\/product\/veterinary-health\/ozon-ga\/ointment-ozoin-ozoncare\/","title":{"rendered":"Ointment \u00f3z\u00f3in \u2013 OzonCare"},"content":{"rendered":"<p style=\"font-weight: 400;\"><strong>Ointment \u00d3z\u00f3in NGD Care \u2013 Is<\/strong> ointment cumhachtach, n\u00e1d\u00fartha \u00e9 OzonCare at\u00e1 bunaithe ar <strong>ola ol\u00f3ige maighdean breise<\/strong>. D\u00e9antar an ola seo a shaibhri\u00fa le <strong>g\u00e1s \u00f3z\u00f3in (O\u2083)<\/strong> ar bhealach rialaithe ar feadh 36 uair an chloig, agus \u00e9 a sh\u00e1ithi\u00fa le comhdh\u00faile \u00f3z\u00f3in. Crutha\u00edonn <strong>s\u00e9 seo ozonides cobhsa\u00ed<\/strong> a scaoileann \u00f3z\u00f3n go mall ar theagmh\u00e1il leis an gcraiceann agus a fheidhm\u00edonn a n-\u00e9ifeacht go h\u00e1iti\u00fail.  <\/p>\n<p style=\"font-weight: 400;\">T\u00e1 ointment \u00f3z\u00f3in infheidhme go forleathan le haghaidh <strong>fadhbanna craicinn, c\u00faram cr\u00e9achta, eczema, fungas craicinn, guma\u00ed inflamed<\/strong> agus fi\u00fa siada\u00ed beaga n\u00f3 d\u00f3nna. A bhu\u00edochas d\u00e1 \u00e9ifeachta\u00ed antibacterial, antifungal agus antiviral, is rogha n\u00e1d\u00fartha cumhachtach \u00e9 seachas uachtair shint\u00e9iseacha. T\u00e1 an ointment oiri\u00fanach <strong>d&#8217;ainmhithe agus do dhaoine<\/strong> agus t\u00e1 s\u00e9 ceadaithe le h\u00fas\u00e1id cosmaideacha san earn\u00e1il dhaonna.  <\/p>\n<p style=\"font-weight: 400;\">Feidhm\u00edonn an ola ol\u00f3ige org\u00e1nach mar shubstaint iompr\u00f3ra agus t\u00e1 s\u00e9 saibhir go n\u00e1d\u00fartha i frithocsa\u00eddeoir\u00ed agus aig\u00e9id shailleacha a chotha\u00edonn agus a chosna\u00edonn an craiceann. Spreagann \u00f3z\u00f3in a chur leis <strong>sreabhadh fola, athghini\u00faint cille agus glanadh n\u00edos doimhne <\/strong>an fh\u00edoch\u00e1n. <\/p>\n","protected":false},"excerpt":{"rendered":"<p style=\"font-weight: 400;\">Ointment \u00f3z\u00f3in bunaithe ar ola ol\u00f3ige org\u00e1nach \u00f3z\u00f3inithe. Taca\u00edonn s\u00e9 le deisi\u00fa craicinn i gc\u00e1s ionfhabhtuithe, eczema, fungas agus fadhbanna guma i ndaoine agus in ainmhithe. <\/p>\n","protected":false},"featured_media":10759,"comment_status":"open","ping_status":"closed","template":"","meta":{"wds_primary_product_brand":0,"wds_primary_product_cat":15,"wds_primary_merken":0},"product_brand":[],"product_cat":[2418,3210,2074,3547],"product_tag":[3938,4302,4309,4308,3429,2306,4301,3430,4306,4307,4303,4305,4304,4310,3428],"merken":[],"class_list":{"0":"post-7509","1":"product","2":"type-product","3":"status-publish","4":"has-post-thumbnail","6":"product_cat-craiceann-agus-cota","7":"product_cat-fiacla","8":"product_cat-frith-athlastach","9":"product_cat-ozon-ga","10":"product_tag-antibacterial-ga","11":"product_tag-antifungal-ga","12":"product_tag-athlasadh-idir-toes","13":"product_tag-deisiu-craicinn","14":"product_tag-eczema-ga","15":"product_tag-frith-athlastach","16":"product_tag-frith-giosta","17":"product_tag-greannu-craicinn","18":"product_tag-ip-400-ga","19":"product_tag-ip1200-ga","20":"product_tag-ointment-ozoin","21":"product_tag-ola-lus-na-greine-ozonaithe","22":"product_tag-ola-oloige-ozoinithe","23":"product_tag-ozon-curaim-ngd","24":"product_tag-spota-te","25":"infinite-scroll-item","26":"sales-flash-overlay","27":"woocommerce-text-align-center","28":"woocommerce-image-align-center","29":"do-quantity-buttons","31":"first","32":"instock","33":"taxable","34":"shipping-taxable","35":"purchasable","36":"product-type-variable"},"_links":{"self":[{"href":"https:\/\/www.ngdcare.nl\/ga\/wp-json\/wp\/v2\/product\/7509","targetHints":{"allow":["GET"]}}],"collection":[{"href":"https:\/\/www.ngdcare.nl\/ga\/wp-json\/wp\/v2\/product"}],"about":[{"href":"https:\/\/www.ngdcare.nl\/ga\/wp-json\/wp\/v2\/types\/product"}],"replies":[{"embeddable":true,"href":"https:\/\/www.ngdcare.nl\/ga\/wp-json\/wp\/v2\/comments?post=7509"}],"wp:featuredmedia":[{"embeddable":true,"href":"https:\/\/www.ngdcare.nl\/ga\/wp-json\/wp\/v2\/media\/10759"}],"wp:attachment":[{"href":"https:\/\/www.ngdcare.nl\/ga\/wp-json\/wp\/v2\/media?parent=7509"}],"wp:term":[{"taxonomy":"product_brand","embeddable":true,"href":"https:\/\/www.ngdcare.nl\/ga\/wp-json\/wp\/v2\/product_brand?post=7509"},{"taxonomy":"product_cat","embeddable":true,"href":"https:\/\/www.ngdcare.nl\/ga\/wp-json\/wp\/v2\/product_cat?post=7509"},{"taxonomy":"product_tag","embeddable":true,"href":"https:\/\/www.ngdcare.nl\/ga\/wp-json\/wp\/v2\/product_tag?post=7509"},{"taxonomy":"merken","embeddable":true,"href":"https:\/\/www.ngdcare.nl\/ga\/wp-json\/wp\/v2\/merken?post=7509"}],"curies":[{"name":"wp","href":"https:\/\/api.w.org\/{rel}","templated":true}]}}