{"id":7521,"date":"2024-01-22T22:52:12","date_gmt":"2024-01-22T22:52:12","guid":{"rendered":"https:\/\/www.ngdcare.nl\/product\/uncategorized\/nac-berberine-para-glan\/"},"modified":"2026-04-09T21:32:46","modified_gmt":"2026-04-09T19:32:46","slug":"nac-berberine-para-glan","status":"publish","type":"product","link":"https:\/\/www.ngdcare.nl\/ga\/product\/dilea\/nac-berberine-para-glan\/","title":{"rendered":"NAC Berberine \u2013 Para Athshocraigh"},"content":{"rendered":"<p style=\"font-weight: 400;\">Is foirmle chumhachtach \u00e9 <strong>NGD Care \u2013 NAC Berberine \u2013 Para Reset <\/strong>at\u00e1 d\u00edrithe ar bhriseadh tr\u00ed fhoirmi\u00fa bithscann\u00e1in i <strong>parais\u00edt\u00ed, giosta agus fungais<\/strong>, mar shampla <em>Giardia lamblia<\/em> agus <em>Candida albicans<\/em>. Taca\u00edonn an measc\u00e1n seo leis an gconradh gastrointestinal, nearta\u00edonn s\u00e9 d\u00edthocsaini\u00fa agus cabhra\u00edonn s\u00e9 leis an gcomhlacht t\u00e9arnamh \u00f3 phr\u00f3isis athlastacha ainsealacha na st\u00e9ige, an chraiceann agus an chonair riospr\u00e1ide. <\/p>\n<p style=\"font-weight: 400;\">Is r\u00e9amhtheachta\u00ed \u00e9 <strong>N-Acetylcysteine (NAC)<\/strong> do glutathione, frithocsa\u00eddeoir t\u00e1bhachtach a chosna\u00edonn cealla \u00f3 strus ocsa\u00eddi\u00fach\u00e1in. Is f\u00e9idir le NAC bithscann\u00e1in pataigin\u00ed a bhriseadh s\u00edos, tac\u00fa leis an ae i d\u00edthocsaini\u00fa, agus an corp a chosaint \u00f3 thocsain\u00ed a scaoiltear le linn miondeal\u00fa miocrorg\u00e1nach t\u00f3g\u00e1lach. Ina theannta sin, cuireann s\u00e9 le rial\u00e1il glutamate san inchinn, at\u00e1 \u00e1bhartha d&#8217;iompar, strus agus feidhmeanna cogna\u00edocha.  <\/p>\n<p style=\"font-weight: 400;\">Is alcal\u00f3ideach n\u00e1d\u00fartha \u00e9 <strong>Berberine<\/strong> le speictream leathan frithmhiocr\u00f3bach. T\u00e1 s\u00e9 \u00e9ifeachtach i gcoinne parais\u00edt\u00ed, baict\u00e9ir, v\u00edris, giosta agus fungais, go h\u00e1irithe <em>Giardia<\/em> agus <em>Candida<\/em>. Taca\u00edonn Berberine le miocr\u00f3bach sl\u00e1inti\u00fail freisin agus cuireann s\u00e9 cosc ar r\u00f3fh\u00e1s speiceas pataigineach. B\u00edonn tionchar aige freisin ar \u00edogaireacht insulin agus ar epithelium intestinal. I gcomhcheangal le teirip\u00ed rialta (mar shampla Panacur n\u00f3 c\u00f3gais antifungal), t\u00e1 \u00e9ifeacht neartaithe ag berberine. T\u00e1 \u00e9ifeacht tocsaineach ag Berberine nuair a th\u00e9ann s\u00e9 isteach i sruth na fola. Nuair a riartar \u00f3 bh\u00e9al, t\u00e1 s\u00e9 neamh-tocsaineach. Mar thoradh air sin, socra\u00edodh gan an berberine liposomal a dh\u00e9anamh.       <\/p>\n<p style=\"font-weight: 400;\">T\u00e1 Para Reset mar chuid de <strong>phr\u00f3tacal Giardia<\/strong> NGD Care, ach is f\u00e9idir \u00e9 a \u00fas\u00e1id freisin le haghaidh ionfhabhtuithe intestinal eile, gear\u00e1in craicinn, fadhbanna scamh\u00f3g n\u00f3 neamhoird ainsealacha a bhaineann le bithscann\u00e1n.<\/p>\n","protected":false},"excerpt":{"rendered":"<p style=\"font-weight: 400;\">Comhcheangla\u00edonn Para Reset NAC agus berberine chun tac\u00fa le parais\u00edt\u00ed, giosta agus foirmi\u00fa bithscann\u00e1in. Oibr\u00edonn s\u00e9 ar intestines, craiceann, conair riospr\u00e1ide agus cabhra\u00edonn s\u00e9 le haisghabh\u00e1il an microbiome. <\/p>\n","protected":false},"featured_media":17766,"comment_status":"open","ping_status":"closed","template":"","meta":[],"product_brand":[],"product_cat":[1888,1890,2880],"product_tag":[4358,2893,1894,4355,1916,2885,2883,2888,4356,4357],"merken":[],"class_list":{"0":"post-7521","1":"product","2":"type-product","3":"status-publish","4":"has-post-thumbnail","6":"product_cat-dilea","7":"product_cat-forliontai-ortomoilineach","8":"product_cat-paraisiti","9":"product_tag-bhi","10":"product_tag-bithscannan","11":"product_tag-cat-ga","12":"product_tag-cistein-n-aiceitil","13":"product_tag-forliontai-curaim-ngd","14":"product_tag-giardia-ga","15":"product_tag-nac-ga","16":"product_tag-paraisiti","17":"product_tag-pataigini","18":"product_tag-tacaiocht-intestinal","19":"infinite-scroll-item","20":"sales-flash-overlay","21":"woocommerce-text-align-center","22":"woocommerce-image-align-center","23":"do-quantity-buttons","25":"first","26":"instock","27":"downloadable","28":"taxable","29":"shipping-taxable","30":"purchasable","31":"product-type-simple"},"_links":{"self":[{"href":"https:\/\/www.ngdcare.nl\/ga\/wp-json\/wp\/v2\/product\/7521","targetHints":{"allow":["GET"]}}],"collection":[{"href":"https:\/\/www.ngdcare.nl\/ga\/wp-json\/wp\/v2\/product"}],"about":[{"href":"https:\/\/www.ngdcare.nl\/ga\/wp-json\/wp\/v2\/types\/product"}],"replies":[{"embeddable":true,"href":"https:\/\/www.ngdcare.nl\/ga\/wp-json\/wp\/v2\/comments?post=7521"}],"wp:featuredmedia":[{"embeddable":true,"href":"https:\/\/www.ngdcare.nl\/ga\/wp-json\/wp\/v2\/media\/17766"}],"wp:attachment":[{"href":"https:\/\/www.ngdcare.nl\/ga\/wp-json\/wp\/v2\/media?parent=7521"}],"wp:term":[{"taxonomy":"product_brand","embeddable":true,"href":"https:\/\/www.ngdcare.nl\/ga\/wp-json\/wp\/v2\/product_brand?post=7521"},{"taxonomy":"product_cat","embeddable":true,"href":"https:\/\/www.ngdcare.nl\/ga\/wp-json\/wp\/v2\/product_cat?post=7521"},{"taxonomy":"product_tag","embeddable":true,"href":"https:\/\/www.ngdcare.nl\/ga\/wp-json\/wp\/v2\/product_tag?post=7521"},{"taxonomy":"merken","embeddable":true,"href":"https:\/\/www.ngdcare.nl\/ga\/wp-json\/wp\/v2\/merken?post=7521"}],"curies":[{"name":"wp","href":"https:\/\/api.w.org\/{rel}","templated":true}]}}