{"id":7535,"date":"2024-01-22T22:42:58","date_gmt":"2024-01-22T22:42:58","guid":{"rendered":"https:\/\/www.ngdcare.nl\/product\/uncategorized\/liposomal-msm-quercetin-iarmheid-histamine-liposomal\/"},"modified":"2026-04-07T15:57:35","modified_gmt":"2026-04-07T13:57:35","slug":"liposomal-msm-quercetin-iarmheid-histamine-liposomal","status":"publish","type":"product","link":"https:\/\/www.ngdcare.nl\/ga\/product\/cogaslann-peatai-nadurtha\/liposomach\/liposomal-msm-quercetin-iarmheid-histamine-liposomal\/","title":{"rendered":"Liposomal MSM Quercetin \u2013 Iarmh\u00e9id histamine liposomal"},"content":{"rendered":"<p style=\"font-weight: 400;\">Is forl\u00edonadh bia peata\u00ed chun cinn \u00e9 an <strong>t-iarmh\u00e9id histamine<\/strong> <strong>liposomal<\/strong> \u00f3 NGD Care, a forbra\u00edodh go speisialta d&#8217;ainmhithe a bhfuil aill\u00e9irg\u00ed, fadhbanna craicinn n\u00f3 athlasadh ainsealach orthu. Comhcheangla\u00edonn s\u00e9 MSM (methylsulfonylmethane) agus quercetin, an d\u00e1 cheann ar a dtugtar a n-air\u00edonna frith-athlastacha, antioxidative, agus antihistamine. <\/p>\n<p style=\"font-weight: 400;\">M\u00e9ada\u00edonn an riarach\u00e1n liposomal bith-infhaighteacht, rud a chinnt\u00edonn ions\u00fa is fearr is f\u00e9idir ar na substaint\u00ed gn\u00edomhacha i gcorp madra n\u00f3 cat. F\u00e1gann s\u00e9 seo go bhfuil an forl\u00edonadh seo \u00e9ifeachtach go h\u00e1irithe do ghear\u00e1in a bhaineann le frithghn\u00edomhartha hipir\u00edogaireachta, mar shampla itching, eczema, atopy, fiabhras f\u00e9ar, bronchitis n\u00f3 rin\u00edteas ainsealach. <\/p>\n<p style=\"font-weight: 400;\">Chomh maith lena thiomantas do aill\u00e9irge agus athlasadh, taca\u00edonn an forl\u00edonadh seo le sl\u00e1inte chomhph\u00e1irteach, d\u00edol\u00faine, scaipeadh fola, agus an pr\u00f3iseas ag dul in aois, rud a fh\u00e1gann gur forl\u00edonadh luachmhar \u00e9 d&#8217;ainmhithe \u00f3ga agus n\u00edos sine araon.<\/p>\n","protected":false},"excerpt":{"rendered":"<div>\n<p class=\"p3\">Measc\u00e1n liposomal de MSM agus quercetin do mhadra\u00ed agus do chait. Taca\u00edonn s\u00e9 le haill\u00e9irge, eczema, itching, fadhbanna riospr\u00e1ide agus athlasadh. <\/p>\n<\/div>\n","protected":false},"featured_media":17777,"comment_status":"open","ping_status":"closed","template":"","meta":[],"product_brand":[],"product_cat":[1809,2418,1890,2074,2073],"product_tag":[3013,1896,4391,4393,3019,1900,1904,1916,2078,4392,1906,2075,1898,3009,3010],"merken":[],"class_list":{"0":"post-7535","1":"product","2":"type-product","3":"status-publish","4":"has-post-thumbnail","6":"product_cat-coras-imdhionachta","7":"product_cat-craiceann-agus-cota","8":"product_cat-forliontai-ortomoilineach","9":"product_cat-frith-athlastach","10":"product_cat-liposomach","11":"product_tag-ailleirge","12":"product_tag-ainmhithe","13":"product_tag-antihistamines-ga","14":"product_tag-antihistamines-nadurtha","15":"product_tag-athlasadh","16":"product_tag-cait","17":"product_tag-coras-imdhionachta","18":"product_tag-forliontai-curaim-ngd","19":"product_tag-frith-athlastach-nadurtha","20":"product_tag-histamine-ga","21":"product_tag-iomlanaioch","22":"product_tag-liposomach","23":"product_tag-madrai","24":"product_tag-msm-ga","25":"product_tag-quercetin-ga","26":"infinite-scroll-item","27":"sales-flash-overlay","28":"woocommerce-text-align-center","29":"woocommerce-image-align-center","30":"do-quantity-buttons","32":"first","33":"instock","34":"taxable","35":"shipping-taxable","36":"purchasable","37":"product-type-simple"},"_links":{"self":[{"href":"https:\/\/www.ngdcare.nl\/ga\/wp-json\/wp\/v2\/product\/7535","targetHints":{"allow":["GET"]}}],"collection":[{"href":"https:\/\/www.ngdcare.nl\/ga\/wp-json\/wp\/v2\/product"}],"about":[{"href":"https:\/\/www.ngdcare.nl\/ga\/wp-json\/wp\/v2\/types\/product"}],"replies":[{"embeddable":true,"href":"https:\/\/www.ngdcare.nl\/ga\/wp-json\/wp\/v2\/comments?post=7535"}],"wp:featuredmedia":[{"embeddable":true,"href":"https:\/\/www.ngdcare.nl\/ga\/wp-json\/wp\/v2\/media\/17777"}],"wp:attachment":[{"href":"https:\/\/www.ngdcare.nl\/ga\/wp-json\/wp\/v2\/media?parent=7535"}],"wp:term":[{"taxonomy":"product_brand","embeddable":true,"href":"https:\/\/www.ngdcare.nl\/ga\/wp-json\/wp\/v2\/product_brand?post=7535"},{"taxonomy":"product_cat","embeddable":true,"href":"https:\/\/www.ngdcare.nl\/ga\/wp-json\/wp\/v2\/product_cat?post=7535"},{"taxonomy":"product_tag","embeddable":true,"href":"https:\/\/www.ngdcare.nl\/ga\/wp-json\/wp\/v2\/product_tag?post=7535"},{"taxonomy":"merken","embeddable":true,"href":"https:\/\/www.ngdcare.nl\/ga\/wp-json\/wp\/v2\/merken?post=7535"}],"curies":[{"name":"wp","href":"https:\/\/api.w.org\/{rel}","templated":true}]}}