{"id":7571,"date":"2024-01-22T22:38:34","date_gmt":"2024-01-22T22:38:34","guid":{"rendered":"https:\/\/www.ngdcare.nl\/product\/uncategorized\/nad-resveratrol-agus-ergotioneine-tacaiocht-fad-saoil-liposomal\/"},"modified":"2026-04-07T16:00:41","modified_gmt":"2026-04-07T14:00:41","slug":"nad-resveratrol-agus-ergotioneine-tacaiocht-fad-saoil-liposomal","status":"publish","type":"product","link":"https:\/\/www.ngdcare.nl\/ga\/product\/cogaslann-peatai-nadurtha\/beocht-ghinearalta\/nad-resveratrol-agus-ergotioneine-tacaiocht-fad-saoil-liposomal\/","title":{"rendered":"NAD lipos\u00f3mach, resveratrol agus ergotioneine \u2013 taca\u00edocht fad saoil"},"content":{"rendered":"<p style=\"font-weight: 400;\">Is foirmle chun cinn \u00e9 <strong>Taca\u00edocht Fad Saoil a<\/strong> chabhra\u00edonn le dul in aois cille in ainmhithe a mhoilli\u00fa tr\u00ed thac\u00fa le t\u00e1irgeadh fuinnimh, deisi\u00fa DNA, cosc athlasadh, agus neuroprotection. Forbra\u00edodh an measc\u00e1n de NAD, resveratrol agus ergothioneine go speisialta do mhadra\u00ed agus do chait agus sol\u00e1thra\u00edonn s\u00e9 \u00e9ifeacht sineirgisteach ag an leibh\u00e9al ceallach. A bhu\u00edochas leis an bhfoirm dosage liposomal, d\u00e9antar na substaint\u00ed a ions\u00fa go barramach, a chosaint i gcoinne aig\u00e9ad boilg agus a scaoileadh go cothrom.  <\/p>\n<p style=\"font-weight: 400;\">Is coenzyme \u00e9 <strong>NAD <\/strong>(nicotinamide adenine dinucleotide) a bhfuil baint aige le n\u00edos m\u00f3 n\u00e1 400 pr\u00f3iseas bithcheimiceach, lena n-\u00e1ir\u00edtear meitibileacht fuinnimh, deisi\u00fa DNA, deighilt cille, agus gn\u00edomhacht\u00fa sirtuin. Laghda\u00edonn t\u00e1irgeadh n\u00e1d\u00fartha NAD go g\u00e9ar \u00f3 dhaoine f\u00e1sta \u00f3ga (chomh luath le 3-4 bliana d&#8217;aois i madra\u00ed), rud a chuireann le dul in aois cealla luasgh\u00e9araithe. <\/p>\n<p style=\"font-weight: 400;\"><strong>Feidhm\u00edonn Resveratrol<\/strong> mar chatala\u00edoch de NAD agus gn\u00edomha\u00edonn s\u00e9 an eins\u00edm <strong>sirtuin-1<\/strong>, a bhfuil baint aige le sl\u00e1inte mitochondrial, l\u00e1imhdeachas cille, agus s\u00edneadh saolr\u00e9. Is frithocsa\u00eddeoir cumhachtach \u00e9 Resveratrol le hair\u00edonna frithv\u00edreasacha, antibacterial, agus frith-athlastacha. <\/p>\n<p style=\"font-weight: 400;\"><strong>Trasna\u00edonn Ergothioneine<\/strong>, aim\u00ednaig\u00e9ad ina bhfuil sulfair \u00f3 bheac\u00e1in (lena n-\u00e1ir\u00edtear beac\u00e1in Maitake agus oisr\u00ed), an bacainn fola-inchinn agus cosna\u00edonn s\u00e9 cealla \u00f3 dham\u00e1iste ocsa\u00eddi\u00fach\u00e1in. T\u00e1 staid\u00e9ar \u00e1 dh\u00e9anamh air maidir le neamhoird neurodegenerative cos\u00fail le Alzheimer agus Parkinson&#8217;s i ndaoine, chomh maith le bunt\u00e1ist\u00ed cardashoith\u00edoch agus meitibileach cruthaithe a bheith aige. <\/p>\n<p style=\"font-weight: 400;\">Taca\u00edonn an teaglaim seo leis an gcorp ar leibh\u00e9il \u00e9ags\u00fala \u2013 \u00f3n inchinn go dt\u00ed an cro\u00ed agus an gut \u2013 agus cuireann s\u00e9 le pr\u00f3iseas ag dul in aois n\u00edos moille, beocht mh\u00e9adaithe, agus sl\u00e1inte fhadt\u00e9armach fheabhsaithe.<\/p>\n","protected":false},"excerpt":{"rendered":"<p style=\"font-weight: 400;\">Measc\u00e1n liposomal de NAD, resveratrol agus ergothioneine. Taca\u00edonn s\u00e9 le fuinneamh, athnuachan cille agus pr\u00f3isis ag dul in aois i madra\u00ed agus cait. Frith-aging ag an leibh\u00e9al ceallacha.  <\/p>\n<p style=\"font-weight: 400;\">\n","protected":false},"featured_media":17788,"comment_status":"open","ping_status":"closed","template":"","meta":[],"product_brand":[],"product_cat":[2129,1809,1890,2074,2073],"product_tag":[1896,4444,3529,4439,1900,1904,4443,4442,2142,1916,2311,2075,1898,4440,4441,4445],"merken":[],"class_list":{"0":"post-7571","1":"product","2":"type-product","3":"status-publish","4":"has-post-thumbnail","6":"product_cat-beocht-ghinearalta","7":"product_cat-coras-imdhionachta","8":"product_cat-forliontai-ortomoilineach","9":"product_cat-frith-athlastach","10":"product_cat-liposomach","11":"product_tag-ainmhithe","12":"product_tag-athghiniuint-cille","13":"product_tag-athnuachan","14":"product_tag-beocht-ghinearalta","15":"product_tag-cait","16":"product_tag-coras-imdhionachta","17":"product_tag-deisiu-dna","18":"product_tag-ergotioneine-ga","19":"product_tag-fad-saoil","20":"product_tag-forliontai-curaim-ngd","21":"product_tag-frithocsaideoir","22":"product_tag-liposomach","23":"product_tag-madrai","24":"product_tag-nad-ga","25":"product_tag-resveratrol-ga","26":"product_tag-slainte-cille","27":"infinite-scroll-item","28":"sales-flash-overlay","29":"woocommerce-text-align-center","30":"woocommerce-image-align-center","31":"do-quantity-buttons","33":"first","34":"instock","35":"taxable","36":"shipping-taxable","37":"purchasable","38":"product-type-simple"},"_links":{"self":[{"href":"https:\/\/www.ngdcare.nl\/ga\/wp-json\/wp\/v2\/product\/7571","targetHints":{"allow":["GET"]}}],"collection":[{"href":"https:\/\/www.ngdcare.nl\/ga\/wp-json\/wp\/v2\/product"}],"about":[{"href":"https:\/\/www.ngdcare.nl\/ga\/wp-json\/wp\/v2\/types\/product"}],"replies":[{"embeddable":true,"href":"https:\/\/www.ngdcare.nl\/ga\/wp-json\/wp\/v2\/comments?post=7571"}],"wp:featuredmedia":[{"embeddable":true,"href":"https:\/\/www.ngdcare.nl\/ga\/wp-json\/wp\/v2\/media\/17788"}],"wp:attachment":[{"href":"https:\/\/www.ngdcare.nl\/ga\/wp-json\/wp\/v2\/media?parent=7571"}],"wp:term":[{"taxonomy":"product_brand","embeddable":true,"href":"https:\/\/www.ngdcare.nl\/ga\/wp-json\/wp\/v2\/product_brand?post=7571"},{"taxonomy":"product_cat","embeddable":true,"href":"https:\/\/www.ngdcare.nl\/ga\/wp-json\/wp\/v2\/product_cat?post=7571"},{"taxonomy":"product_tag","embeddable":true,"href":"https:\/\/www.ngdcare.nl\/ga\/wp-json\/wp\/v2\/product_tag?post=7571"},{"taxonomy":"merken","embeddable":true,"href":"https:\/\/www.ngdcare.nl\/ga\/wp-json\/wp\/v2\/merken?post=7571"}],"curies":[{"name":"wp","href":"https:\/\/api.w.org\/{rel}","templated":true}]}}