{"id":7583,"date":"2024-01-22T22:32:03","date_gmt":"2024-01-22T22:32:03","guid":{"rendered":"https:\/\/www.ngdcare.nl\/product\/uncategorized\/meascan-einsim-1-einsimi-dileacha\/"},"modified":"2026-04-07T16:07:57","modified_gmt":"2026-04-07T14:07:57","slug":"meascan-einsim-1-einsimi-dileacha","status":"publish","type":"product","link":"https:\/\/www.ngdcare.nl\/ga\/product\/dilea\/meascan-einsim-1-einsimi-dileacha\/","title":{"rendered":"Measc\u00e1n eins\u00edm 1 \u2013 Eins\u00edm\u00ed d\u00edle\u00e1cha"},"content":{"rendered":"<p style=\"font-weight: 400;\">C\u00faram NGD \u2013 Is measc\u00e1n d&#8217;eins\u00edm\u00ed <strong>d\u00edle\u00e1cha \u00e9 Eins\u00edm\u00ed D\u00edle\u00e1cha <\/strong>chun tac\u00fa le d\u00edle\u00e1 i madra\u00ed agus cait. Cuid\u00edonn an fhoirmle seo le pr\u00f3it\u00e9in\u00ed, saillte, carbaihiodr\u00e1it\u00ed, lacht\u00f3s agus sn\u00e1ith\u00edn a bhriseadh s\u00edos, agus taca\u00edonn s\u00e9 le feidhm gastric (pepsin, betaine) agus le feidhm pancreatic (amylase, lipase, protease). T\u00e1 an forl\u00edonadh oiri\u00fanach go h\u00e1irithe le haghaidh t\u00e1irgeadh eins\u00edm\u00ed laghdaithe mar gheall ar strus, athlasadh \u00edseal-ghr\u00e1d, gear\u00e1in gastrointestinal ainsealacha, n\u00f3 coinn\u00edollacha cos\u00fail le neamhdh\u00f3thanacht pancreatic.  <\/p>\n<p style=\"font-weight: 400;\">T\u00e1 na heins\u00edm\u00ed san fhoirmle seo infheidhme go forleathan:<\/p>\n<ul>\n<li><strong>Amylase<\/strong> \u2013 briseann s\u00e9 s\u00edos st\u00e1irs\u00ed i si\u00facra\u00ed simpl\u00ed<\/li>\n<li><strong>Lipase<\/strong> \u2013 cabhra\u00edonn s\u00e9 le d\u00edle\u00e1 saillte<\/li>\n<li><strong>Protease, Papain agus Pepsin<\/strong> \u2013 pr\u00f3it\u00e9in\u00ed d\u00edle\u00e1<\/li>\n<li><strong>Bromelain<\/strong> \u2013 scoilteadh pr\u00f3it\u00e9ine agus frith-athlastach, oibr\u00edonn s\u00e9 freisin le haghaidh aill\u00e9irg\u00ed<\/li>\n<li><strong>Cellulase<\/strong> \u2013 briseann s\u00edos sn\u00e1ith\u00edn\u00ed planda\u00ed<\/li>\n<li><strong>Lactase<\/strong> \u2013 \u00e9asca\u00edonn d\u00edle\u00e1 lacht\u00f3s<\/li>\n<li><strong>Betaine<\/strong> \u2013 gn\u00edomha\u00edonn pepsin sa bholg<\/li>\n<\/ul>\n<p style=\"font-weight: 400;\">Mar gheall ar an gcomhdh\u00e9anamh i capsule at\u00e1 frithsheasmhach in aig\u00e9ad boilg, n\u00ed \u00e9ir\u00edonn na heins\u00edm\u00ed gn\u00edomhach ach sa intestines, \u00e1it ar f\u00e9idir leo tac\u00fa le d\u00edle\u00e1 is fearr.<\/p>\n","protected":false},"excerpt":{"rendered":"<div>\n<p class=\"p3\">Measc\u00e1n ioml\u00e1n eins\u00edm\u00ed d\u00edle\u00e1cha chun tac\u00fa le feidhm gastric agus pancreatic i madra\u00ed agus cait. Cuid\u00edonn le d\u00edle\u00e1 pr\u00f3it\u00e9in\u00ed, saillte, carbaihiodr\u00e1it\u00ed agus sn\u00e1ith\u00edn. <\/p>\n<\/div>\n","protected":false},"featured_media":17799,"comment_status":"open","ping_status":"closed","template":"","meta":[],"product_brand":[],"product_cat":[1888,1890],"product_tag":[1896,4522,1900,2649,4136,4135,4133,4134,4520,4090,4519,4524,1916,4521,1898,4525,4523],"merken":[],"class_list":{"0":"post-7583","1":"product","2":"type-product","3":"status-publish","4":"has-post-thumbnail","6":"product_cat-dilea","7":"product_cat-forliontai-ortomoilineach","8":"product_tag-ainmhithe","9":"product_tag-brisean","10":"product_tag-cait","11":"product_tag-dilea","12":"product_tag-dilea-ga","13":"product_tag-dilea-carbaihiodrait","14":"product_tag-dilea-proiteine","15":"product_tag-dilea-saille","16":"product_tag-dilea-stairse","17":"product_tag-einsimi","18":"product_tag-einsimi-dileacha-ga","19":"product_tag-epi-ga","20":"product_tag-forliontai-curaim-ngd","21":"product_tag-hcl-betaine","22":"product_tag-madrai","23":"product_tag-neamhdhothanacht-pancreatach-exocrine","24":"product_tag-pancreatitis-ga","25":"infinite-scroll-item","26":"sales-flash-overlay","27":"woocommerce-text-align-center","28":"woocommerce-image-align-center","29":"do-quantity-buttons","31":"first","32":"instock","33":"taxable","34":"shipping-taxable","35":"purchasable","36":"product-type-simple"},"_links":{"self":[{"href":"https:\/\/www.ngdcare.nl\/ga\/wp-json\/wp\/v2\/product\/7583","targetHints":{"allow":["GET"]}}],"collection":[{"href":"https:\/\/www.ngdcare.nl\/ga\/wp-json\/wp\/v2\/product"}],"about":[{"href":"https:\/\/www.ngdcare.nl\/ga\/wp-json\/wp\/v2\/types\/product"}],"replies":[{"embeddable":true,"href":"https:\/\/www.ngdcare.nl\/ga\/wp-json\/wp\/v2\/comments?post=7583"}],"wp:featuredmedia":[{"embeddable":true,"href":"https:\/\/www.ngdcare.nl\/ga\/wp-json\/wp\/v2\/media\/17799"}],"wp:attachment":[{"href":"https:\/\/www.ngdcare.nl\/ga\/wp-json\/wp\/v2\/media?parent=7583"}],"wp:term":[{"taxonomy":"product_brand","embeddable":true,"href":"https:\/\/www.ngdcare.nl\/ga\/wp-json\/wp\/v2\/product_brand?post=7583"},{"taxonomy":"product_cat","embeddable":true,"href":"https:\/\/www.ngdcare.nl\/ga\/wp-json\/wp\/v2\/product_cat?post=7583"},{"taxonomy":"product_tag","embeddable":true,"href":"https:\/\/www.ngdcare.nl\/ga\/wp-json\/wp\/v2\/product_tag?post=7583"},{"taxonomy":"merken","embeddable":true,"href":"https:\/\/www.ngdcare.nl\/ga\/wp-json\/wp\/v2\/merken?post=7583"}],"curies":[{"name":"wp","href":"https:\/\/api.w.org\/{rel}","templated":true}]}}