{"id":7587,"date":"2024-01-22T22:20:14","date_gmt":"2024-01-22T22:20:14","guid":{"rendered":"https:\/\/www.ngdcare.nl\/product\/uncategorized\/ola-cbd-liposomal-ola-cbd-liposomal\/"},"modified":"2024-01-22T22:20:14","modified_gmt":"2024-01-22T21:20:14","slug":"ola-cbd-liposomal-ola-cbd-liposomal","status":"publish","type":"product","link":"https:\/\/www.ngdcare.nl\/ga\/product\/veterinary-health\/forliontai-ortomoilineach\/ola-cbd-liposomal-ola-cbd-liposomal\/","title":{"rendered":"Ola CBD Liposomal \u2013 Ola CBD Liposomal"},"content":{"rendered":"<p style=\"font-weight: 400;\">Is <strong>ola cn\u00e1ib uath\u00fail l\u00e1n-speictrim uath\u00fail<\/strong> \u00e9 <strong>Ola CBD Liposomal<\/strong> \u00f3 <strong>NGD Care<\/strong> i bhfoirm liposomal, a forbra\u00edodh go speisialta do mhadra\u00ed agus do chait. Feabhsa\u00edonn \u00fas\u00e1id liposomes go m\u00f3r ions\u00fa cannabidiol (CBD) agus phytocannabinoids eile, ag cinnti\u00fa gn\u00edomh n\u00edos tap\u00fala agus n\u00edos cumhachta\u00ed, fi\u00fa in ainmhithe a bhfuil d\u00edle\u00e1 \u00edogair n\u00f3 ions\u00fa lagaithe acu. <\/p>\n<p style=\"font-weight: 400;\">T\u00e1 na comhdh\u00faile gn\u00edomhacha go l\u00e9ir den phlanda <strong>Cannabis sativa<\/strong> san ola seo, lena n-\u00e1ir\u00edtear n\u00edos m\u00f3 n\u00e1 100 phytocannabinoids \u00e9ags\u00fala. Is \u00e9 CBD an tsubstaint is t\u00e1bhachta\u00ed agus is m\u00f3 taighde d\u00edobh seo. A bhu\u00edochas le <strong>c\u00f3ras endocannabinoid <\/strong>ainmhithe \u2013 at\u00e1 n\u00edos gn\u00edomha\u00ed f\u00f3s n\u00e1 i ndaoine \u2013 is minic a imoibr\u00edonn madra\u00ed agus cait go l\u00e1idir le h\u00e9ifeachta\u00ed CBD. T\u00e1 baint ag an gc\u00f3ras seo le go leor feidhmeanna cos\u00fail le <strong>rial\u00e1il pian, gi\u00famar, goile, codladh, agus an c\u00f3ras imdh\u00edonachta<\/strong>.   <\/p>\n<p style=\"font-weight: 400;\">Cinnt\u00edonn teicneola\u00edocht liposomal NGD Care bith-infhaighteacht an-ard an CBD agus cannabinoids eile, agus is \u00e9 <strong>an t-aon ola CBD liposomal d&#8217;ainmhithe ar an margadh<\/strong> d\u00e1 leith\u00e9id.<\/p>\n<ul>\n<li>Annamh: tuirse, buinneach, athr\u00fa ar goile n\u00f3 me\u00e1chan<\/li>\n<\/ul>\n","protected":false},"excerpt":{"rendered":"<div>\n<p class=\"p3\">Ola CBD liposomal l\u00e1n-speictrim go h\u00e1irithe do mhadra\u00ed agus cait. Taca\u00edonn s\u00e9 le pian, athlasadh, imn\u00ed, titimeas agus go leor eile. Ions\u00fa tapa agus ard a bhu\u00edochas sin do liposomes.  <\/p>\n<\/div>\n","protected":false},"featured_media":10643,"comment_status":"open","ping_status":"closed","template":"","meta":{"wds_primary_product_brand":0,"wds_primary_product_cat":187,"wds_primary_merken":0},"product_brand":[],"product_cat":[1890,2074,2072,2128,2073],"product_tag":[4544,2139,1896,2307,1900,4552,2306,4548,4550,2075,1898,3122,4543,4546,4554],"merken":[],"class_list":{"0":"post-7587","1":"product","2":"type-product","3":"status-publish","4":"has-post-thumbnail","6":"product_cat-forliontai-ortomoilineach","7":"product_cat-frith-athlastach","8":"product_cat-hailt","9":"product_cat-iompar","10":"product_cat-liposomach","11":"product_tag-4-ola-cbd","12":"product_tag-ailse","13":"product_tag-ainmhithe","14":"product_tag-anailgeiseach","15":"product_tag-cait","16":"product_tag-feabhsaionn-codladh","17":"product_tag-frith-athlastach","18":"product_tag-imni-laghdu","19":"product_tag-laghdaionn-imni","20":"product_tag-liposomach","21":"product_tag-madrai","22":"product_tag-ola-cbd","23":"product_tag-ola-cbd-speictrim-iomlan","24":"product_tag-strus-a-laghdu","25":"product_tag-suaimhneach","26":"infinite-scroll-item","27":"sales-flash-overlay","28":"woocommerce-text-align-center","29":"woocommerce-image-align-center","30":"do-quantity-buttons","32":"first","33":"instock","34":"featured","35":"taxable","36":"shipping-taxable","37":"purchasable","38":"product-type-variable"},"_links":{"self":[{"href":"https:\/\/www.ngdcare.nl\/ga\/wp-json\/wp\/v2\/product\/7587","targetHints":{"allow":["GET"]}}],"collection":[{"href":"https:\/\/www.ngdcare.nl\/ga\/wp-json\/wp\/v2\/product"}],"about":[{"href":"https:\/\/www.ngdcare.nl\/ga\/wp-json\/wp\/v2\/types\/product"}],"replies":[{"embeddable":true,"href":"https:\/\/www.ngdcare.nl\/ga\/wp-json\/wp\/v2\/comments?post=7587"}],"wp:featuredmedia":[{"embeddable":true,"href":"https:\/\/www.ngdcare.nl\/ga\/wp-json\/wp\/v2\/media\/10643"}],"wp:attachment":[{"href":"https:\/\/www.ngdcare.nl\/ga\/wp-json\/wp\/v2\/media?parent=7587"}],"wp:term":[{"taxonomy":"product_brand","embeddable":true,"href":"https:\/\/www.ngdcare.nl\/ga\/wp-json\/wp\/v2\/product_brand?post=7587"},{"taxonomy":"product_cat","embeddable":true,"href":"https:\/\/www.ngdcare.nl\/ga\/wp-json\/wp\/v2\/product_cat?post=7587"},{"taxonomy":"product_tag","embeddable":true,"href":"https:\/\/www.ngdcare.nl\/ga\/wp-json\/wp\/v2\/product_tag?post=7587"},{"taxonomy":"merken","embeddable":true,"href":"https:\/\/www.ngdcare.nl\/ga\/wp-json\/wp\/v2\/merken?post=7587"}],"curies":[{"name":"wp","href":"https:\/\/api.w.org\/{rel}","templated":true}]}}