{"id":7592,"date":"2024-01-22T22:13:28","date_gmt":"2024-01-22T22:13:28","guid":{"rendered":"https:\/\/www.ngdcare.nl\/product\/uncategorized\/chlorella-spirulina-agus-alfalfa-detox-glas\/"},"modified":"2026-04-07T16:06:58","modified_gmt":"2026-04-07T14:06:58","slug":"chlorella-spirulina-agus-alfalfa-detox-glas","status":"publish","type":"product","link":"https:\/\/www.ngdcare.nl\/ga\/veterinary-health\/supplementen-dier\/chlorella-spirulina-agus-alfalfa-detox-glas\/chlorella-spirulina-agus-alfalfa-detox-glas\/","title":{"rendered":"Chlorella, spirulina agus alfalfa \u2013 Detox Glas"},"content":{"rendered":"<p style=\"font-weight: 400;\"><strong>NGD Care \u2013 Is<\/strong> foirmle superfood cumhachtach \u00e9 Green Detox le chlorella, spirulina agus alfalfa. T\u00e1 an teaglaim seo curtha le ch\u00e9ile go sonrach chun cabhr\u00fa leis an gcomhlacht d\u00edthocsaini\u00fa, fuinneamh a mh\u00e9ad\u00fa, agus tac\u00fa le feidhm imdh\u00edonachta i madra\u00ed agus cait. Mar gheall ar na leibh\u00e9il arda vitim\u00edn\u00ed, mianra\u00ed, frithocsa\u00eddeoir\u00ed agus aim\u00ednaig\u00e9id riachtanacha, t\u00e1 an forl\u00edonadh seo an-oiri\u00fanach tar \u00e9is breoiteachta, tuirse n\u00f3 ualach tocsaineach m\u00e9adaithe.  <\/p>\n<ul>\n<li><strong>T\u00e1 Chlorella<\/strong> saibhir i gcl\u00f3raifill agus t\u00e1 nasc l\u00e1idir aige le miotail throma cos\u00fail le mearcair, luaidhe agus caidmiam. Ina theannta sin, t\u00e1 vitim\u00edn\u00ed B \u00e9ags\u00fala, vitim\u00edn\u00ed C, E agus K, mianra\u00ed cos\u00fail le cailciam, since agus maign\u00e9isiam, eins\u00edm\u00ed agus b\u00e9ite-carotene. <\/li>\n<li>Is alga\u00ed s\u00e1ile \u00e9 <strong>Spirulina<\/strong> le cion pr\u00f3it\u00e9ine an-ard (lena n-\u00e1ir\u00edtear gach aim\u00ednaig\u00e9ad riachtanach) agus frithocsa\u00eddeoir\u00ed cumhachtacha cos\u00fail le <strong>phycocyanin<\/strong>. Taca\u00edonn s\u00e9 leis an gc\u00f3ras imdh\u00edonachta, an t-ae agus an c\u00f3ras cardashoith\u00edoch, i measc ruda\u00ed eile. <\/li>\n<li>T\u00e1 <strong>Alfalfa<\/strong>, n\u00f3 alfalfa, saibhir i rianmhianra\u00ed, vitim\u00edn\u00ed agus phytonutrients, agus cuireann s\u00e9 le d\u00edle\u00e1, meitibileacht agus friota\u00edocht n\u00edos fearr.<\/li>\n<\/ul>\n","protected":false},"excerpt":{"rendered":"<div>\n<p class=\"p3\">Foirmle detox sineirgisteach bunaithe ar chlorella, spirulina agus alfalfa. Taca\u00edonn s\u00e9 le d\u00edthocsaini\u00fa, fuinneamh agus friota\u00edocht in ainmhithe. <\/p>\n<\/div>\n","protected":false},"featured_media":17810,"comment_status":"open","ping_status":"closed","template":"","meta":{"wds_primary_product_brand":0,"wds_primary_product_cat":187,"wds_primary_merken":0},"product_brand":[],"product_cat":[16,187,23],"product_tag":[1896,4566,1900,4562,2316,4130,1902,1916,2311,1898,4570,1908,4564,4569],"merken":[],"class_list":{"0":"post-7592","1":"product","2":"type-product","3":"status-publish","4":"has-post-thumbnail","6":"product_cat-spijsvertering","7":"product_cat-supplementen-dier","8":"product_cat-vitaminen-en-mineralen","9":"product_tag-ainmhithe","10":"product_tag-alfalfa-ga","11":"product_tag-cait","12":"product_tag-chlorella-ga","13":"product_tag-dithocsainiu-ga","14":"product_tag-dithocsainiu-ga-2","15":"product_tag-forlionadh","16":"product_tag-forliontai-curaim-ngd","17":"product_tag-frithocsaideoir","18":"product_tag-madrai","19":"product_tag-miotal-trom","20":"product_tag-slainte-gut","21":"product_tag-spirulina-ga","22":"product_tag-superfood-ga","23":"infinite-scroll-item","24":"sales-flash-overlay","25":"woocommerce-text-align-center","26":"woocommerce-image-align-center","27":"do-quantity-buttons","29":"first","30":"instock","31":"taxable","32":"shipping-taxable","33":"purchasable","34":"product-type-simple"},"_links":{"self":[{"href":"https:\/\/www.ngdcare.nl\/ga\/wp-json\/wp\/v2\/product\/7592","targetHints":{"allow":["GET"]}}],"collection":[{"href":"https:\/\/www.ngdcare.nl\/ga\/wp-json\/wp\/v2\/product"}],"about":[{"href":"https:\/\/www.ngdcare.nl\/ga\/wp-json\/wp\/v2\/types\/product"}],"replies":[{"embeddable":true,"href":"https:\/\/www.ngdcare.nl\/ga\/wp-json\/wp\/v2\/comments?post=7592"}],"wp:featuredmedia":[{"embeddable":true,"href":"https:\/\/www.ngdcare.nl\/ga\/wp-json\/wp\/v2\/media\/17810"}],"wp:attachment":[{"href":"https:\/\/www.ngdcare.nl\/ga\/wp-json\/wp\/v2\/media?parent=7592"}],"wp:term":[{"taxonomy":"product_brand","embeddable":true,"href":"https:\/\/www.ngdcare.nl\/ga\/wp-json\/wp\/v2\/product_brand?post=7592"},{"taxonomy":"product_cat","embeddable":true,"href":"https:\/\/www.ngdcare.nl\/ga\/wp-json\/wp\/v2\/product_cat?post=7592"},{"taxonomy":"product_tag","embeddable":true,"href":"https:\/\/www.ngdcare.nl\/ga\/wp-json\/wp\/v2\/product_tag?post=7592"},{"taxonomy":"merken","embeddable":true,"href":"https:\/\/www.ngdcare.nl\/ga\/wp-json\/wp\/v2\/merken?post=7592"}],"curies":[{"name":"wp","href":"https:\/\/api.w.org\/{rel}","templated":true}]}}