{"id":7598,"date":"2024-01-22T21:37:26","date_gmt":"2024-01-22T21:37:26","guid":{"rendered":"https:\/\/www.ngdcare.nl\/product\/uncategorized\/coimpleasc-vitimin-b-liposomal-coimpleasc-vit-b-gniomhach-liposomal\/"},"modified":"2026-04-07T16:12:51","modified_gmt":"2026-04-07T14:12:51","slug":"coimpleasc-vitimin-b-liposomal-coimpleasc-vit-b-gniomhach-liposomal","status":"publish","type":"product","link":"https:\/\/www.ngdcare.nl\/ga\/product\/veterinary-health\/forliontai-ortomoilineach\/coimpleasc-vitimin-b-liposomal-coimpleasc-vit-b-gniomhach-liposomal\/","title":{"rendered":"Coimpl\u00e9asc Vit B Gn\u00edomhach Liposomal"},"content":{"rendered":"<p style=\"font-weight: 400;\"><strong>C\u00faram NGD \u2013 T\u00e1 na<\/strong> hocht vitim\u00edn\u00ed B riachtanacha i bhfoirm liposomal, a forbra\u00edodh go speisialta do mhadra\u00ed agus do chait. Oibr\u00edonn vitim\u00edn\u00ed B mar ioml\u00e1ine sineirgisteach: taca\u00edonn siad le claochl\u00fa fuinnimh \u00f3 bhia, t\u00e1irgeadh cealla fola dearga, an n\u00e9arch\u00f3ras, an craiceann, agus cothroma\u00edocht horm\u00f3nach agus mheabhrach. <\/p>\n<p style=\"font-weight: 400;\"><span style=\"font-size: inherit;\"><span style=\"font-weight: 400;\">Toisc go mb\u00edonn ions\u00fa vitim\u00edn\u00ed B teoranta go minic i gc\u00e1s gear\u00e1in intestinal, seanaois n\u00f3 tinneas, d\u00e9antar iad a phac\u00e1isti\u00fa liposomally san fhorl\u00edonadh seo. Cosna\u00edonn s\u00e9 seo iad n\u00edos fearr i gcoinne aig\u00e9ad boilg agus ions\u00fann s\u00e9 iad n\u00edos \u00e9ifeachta\u00ed tr\u00edd an mballa intestinal <\/span><\/span><span style=\"font-size: inherit;\">.<\/span><\/p>\n<p style=\"font-weight: 400;\">\u00das\u00e1idtear an coimpl\u00e9asc vitim\u00edn B seo le haghaidh:<\/p>\n<ul style=\"font-weight: 400;\">\n<li>tuirse agus fuinneamh \u00edseal<\/li>\n<li>Fadhbanna ti\u00fachana agus strus meabhrach<\/li>\n<li>anemia agus gear\u00e1in n\u00e9areola\u00edocha<\/li>\n<li>fadhbanna gastrointestinal ainsealacha<\/li>\n<\/ul>\n<p style=\"font-weight: 400;\">Is f\u00e9idir le heasnamh vitim\u00edn B amh\u00e1in cur isteach ar fheidhmi\u00fa na ndaoine eile, rud a fh\u00e1gann go bhfuil casta ioml\u00e1n t\u00e1bhachtach don chothroma\u00edocht is fearr.<\/p>\n","protected":false},"excerpt":{"rendered":"<p style=\"font-weight: 400;\">Coimpl\u00e9asc vitim\u00edn B liposomal leis na 8 vitim\u00edn\u00ed B. Maidir le fuinneamh, n\u00e9arch\u00f3ras, t\u00e1irgeadh fola agus cothroma\u00edocht mheabhrach i madra\u00ed agus cait. In-ions\u00faiteacht ard mar gheall ar liposomes.  <\/p>\n","protected":false},"featured_media":17871,"comment_status":"open","ping_status":"closed","template":"","meta":{"wds_primary_product_brand":0,"wds_primary_product_cat":23,"wds_primary_merken":0},"product_brand":[],"product_cat":[1888,1890,2073,4023],"product_tag":[1896,4612,4611,4610,4622,4618,4613,2076,2882,1900,4608,4627,2422,4623,4625,2313,4621,2476,2075,1898,4624,4617,4619,4620,4616,4615,4626,4614,4607,4609],"merken":[],"class_list":{"0":"post-7598","1":"product","2":"type-product","3":"status-publish","4":"has-post-thumbnail","6":"product_cat-dilea","7":"product_cat-forliontai-ortomoilineach","8":"product_cat-liposomach","9":"product_cat-vitimini-agus-mianrai","10":"product_tag-ainmhithe","11":"product_tag-b11-ga","12":"product_tag-b12-ga","13":"product_tag-b6-ga","14":"product_tag-biotin-ga","15":"product_tag-bitartrate-choline","16":"product_tag-boilg","17":"product_tag-bputoga","18":"product_tag-buinneach","19":"product_tag-cait","20":"product_tag-coimpleasc-b","21":"product_tag-cuimhne","22":"product_tag-fadhbanna-boilg-agus-intestinal","23":"product_tag-folait-chailciam","24":"product_tag-fuil","25":"product_tag-fuinneamh","26":"product_tag-inositol-ga","27":"product_tag-iompar","28":"product_tag-liposomach","29":"product_tag-madrai","30":"product_tag-methylcobalamin-ga","31":"product_tag-nicotinamide-ga","32":"product_tag-pantothenate-cailciam","33":"product_tag-pyridoxal-5-fosfait","34":"product_tag-riboflavin-ga","35":"product_tag-thiamine-hcl-ga","36":"product_tag-tiuchan","37":"product_tag-urlacan","38":"product_tag-vitimin-b","39":"product_tag-vitimini","40":"infinite-scroll-item","41":"sales-flash-overlay","42":"woocommerce-text-align-center","43":"woocommerce-image-align-center","44":"do-quantity-buttons","46":"first","47":"instock","48":"taxable","49":"shipping-taxable","50":"purchasable","51":"product-type-simple"},"_links":{"self":[{"href":"https:\/\/www.ngdcare.nl\/ga\/wp-json\/wp\/v2\/product\/7598","targetHints":{"allow":["GET"]}}],"collection":[{"href":"https:\/\/www.ngdcare.nl\/ga\/wp-json\/wp\/v2\/product"}],"about":[{"href":"https:\/\/www.ngdcare.nl\/ga\/wp-json\/wp\/v2\/types\/product"}],"replies":[{"embeddable":true,"href":"https:\/\/www.ngdcare.nl\/ga\/wp-json\/wp\/v2\/comments?post=7598"}],"wp:featuredmedia":[{"embeddable":true,"href":"https:\/\/www.ngdcare.nl\/ga\/wp-json\/wp\/v2\/media\/17871"}],"wp:attachment":[{"href":"https:\/\/www.ngdcare.nl\/ga\/wp-json\/wp\/v2\/media?parent=7598"}],"wp:term":[{"taxonomy":"product_brand","embeddable":true,"href":"https:\/\/www.ngdcare.nl\/ga\/wp-json\/wp\/v2\/product_brand?post=7598"},{"taxonomy":"product_cat","embeddable":true,"href":"https:\/\/www.ngdcare.nl\/ga\/wp-json\/wp\/v2\/product_cat?post=7598"},{"taxonomy":"product_tag","embeddable":true,"href":"https:\/\/www.ngdcare.nl\/ga\/wp-json\/wp\/v2\/product_tag?post=7598"},{"taxonomy":"merken","embeddable":true,"href":"https:\/\/www.ngdcare.nl\/ga\/wp-json\/wp\/v2\/merken?post=7598"}],"curies":[{"name":"wp","href":"https:\/\/api.w.org\/{rel}","templated":true}]}}