{"id":8831,"date":"2025-10-02T22:38:44","date_gmt":"2025-10-02T20:38:44","guid":{"rendered":"https:\/\/www.ngdcare.nl\/?post_type=product&#038;p=8831"},"modified":"2025-10-02T22:47:28","modified_gmt":"2025-10-02T20:47:28","slug":"balm-craiceann-jojoba-ozoin-balm-craiceann-kopie","status":"publish","type":"product","link":"https:\/\/www.ngdcare.nl\/ga\/product\/tairgi-ozoin\/balm-craiceann-jojoba-ozoin-balm-craiceann-kopie\/","title":{"rendered":"Balm Craiceann Jojoba \u00d3z\u00f3in \u2013 Balm Craiceann"},"content":{"rendered":"<p data-start=\"491\" data-end=\"760\"><strong data-start=\"491\" data-end=\"529\">Balm Craiceann Jojoba \u00d3z\u00f3in \u2013 Comhcheangla\u00edonn Balm Craiceann<\/strong> air\u00edonna comhbh\u00e1ch jojoba le cumhacht \u00f3z\u00f3in. Mar gheall ar charachtar c\u00e9ir n\u00e1d\u00fartha jojoba, crutha\u00edonn \u00f3z\u00f3n\u00fa n\u00edos troime balm leath-sholadach a chrutha\u00edonn ciseal tana\u00ed, leath-occlusive ar an gcraiceann. <\/p>\n<p data-start=\"762\" data-end=\"1003\">Taca\u00edonn an ciseal seo leis an mbacainn craiceann n\u00e1d\u00fartha, coinn\u00edonn s\u00e9 an craiceann supple agus cinnt\u00edonn s\u00e9 go leanann an balm ag obair i bhfeidhm ar feadh i bhfad. T\u00e1 an balm <strong data-start=\"902\" data-end=\"920\">neamh-ghreamaitheach<\/strong>, <strong data-start=\"931\" data-end=\"945\">go hioml\u00e1n saor \u00f3 chumhr\u00e1in<\/strong> agus d\u00e1 bhr\u00ed sin oiri\u00fanach do na cine\u00e1lacha craicinn is \u00edogair\u00ed. <\/p>\n<p data-start=\"1005\" data-end=\"1262\">T\u00e1 an Balm Skin oiri\u00fanach go h\u00e1irithe chun c\u00faram a thabhairt do limist\u00e9ir chraicinn \u00e1iti\u00fala, tirim n\u00f3 garbh, mar shampla uillinneacha, s\u00e1la, liopa\u00ed n\u00f3 folds craicinn. Is f\u00e9idir \u00e9 a \u00fas\u00e1id freisin mar ch\u00faram breise do chraiceann \u00edogair a dteasta\u00edonn cosaint agus cothroma\u00edocht bhreise uaidh. <\/p>\n<p data-start=\"1264\" data-end=\"1281\"><strong data-start=\"1264\" data-end=\"1279\">Iarratas:<\/strong><\/p>\n<ul data-start=\"1282\" data-end=\"1538\">\n<li data-start=\"1282\" data-end=\"1361\">\n<p data-start=\"1284\" data-end=\"1361\">Do cheantair \u00e1iti\u00fala, tirim n\u00f3 garbh (uillinneacha, s\u00e1la, liopa\u00ed, fillte\u00e1in craicinn)<\/p>\n<\/li>\n<li data-start=\"1362\" data-end=\"1420\">\n<p data-start=\"1364\" data-end=\"1420\">Chun tac\u00fa leis an mbacainn craicinn i gc\u00e1s \u00edogaireachta<\/p>\n<\/li>\n<li data-start=\"1421\" data-end=\"1474\">\n<p data-start=\"1423\" data-end=\"1474\">Cosanta i nd\u00e1la\u00ed aimsire fuar n\u00f3 tirim<\/p>\n<\/li>\n<li data-start=\"1475\" data-end=\"1538\">\n<p data-start=\"1477\" data-end=\"1538\">Oiri\u00fanach le h\u00fas\u00e1id go laeth\u00fail ar dhaoine f\u00e1sta agus ar leana\u00ed<\/p>\n<\/li>\n<\/ul>\n","protected":false},"excerpt":{"rendered":"<p data-start=\"325\" data-end=\"448\">Balm craiceann n\u00e1d\u00fartha bunaithe ar ola jojoba ozonated. Cosna\u00edonn s\u00e9, c\u00faram agus moisturizes limist\u00e9ir chraicinn tirim n\u00f3 garbh. <\/p>\n<p data-start=\"6720\" data-end=\"7093\">\n","protected":false},"featured_media":5432,"comment_status":"open","ping_status":"closed","template":"","meta":[],"product_brand":[],"product_cat":[4715],"product_tag":[4717,3549,3548],"merken":[],"class_list":{"0":"post-8831","1":"product","2":"type-product","3":"status-publish","4":"has-post-thumbnail","6":"product_cat-tairgi-ozoin","7":"product_tag-balm-craiceann","8":"product_tag-ozonated-jojoba-ga","9":"product_tag-saor-o-chumhrain","10":"infinite-scroll-item","11":"sales-flash-overlay","12":"woocommerce-text-align-center","13":"woocommerce-image-align-center","14":"do-quantity-buttons","16":"first","17":"instock","18":"taxable","19":"shipping-taxable","20":"purchasable","21":"product-type-simple"},"_links":{"self":[{"href":"https:\/\/www.ngdcare.nl\/ga\/wp-json\/wp\/v2\/product\/8831","targetHints":{"allow":["GET"]}}],"collection":[{"href":"https:\/\/www.ngdcare.nl\/ga\/wp-json\/wp\/v2\/product"}],"about":[{"href":"https:\/\/www.ngdcare.nl\/ga\/wp-json\/wp\/v2\/types\/product"}],"replies":[{"embeddable":true,"href":"https:\/\/www.ngdcare.nl\/ga\/wp-json\/wp\/v2\/comments?post=8831"}],"wp:featuredmedia":[{"embeddable":true,"href":"https:\/\/www.ngdcare.nl\/ga\/wp-json\/wp\/v2\/media\/5432"}],"wp:attachment":[{"href":"https:\/\/www.ngdcare.nl\/ga\/wp-json\/wp\/v2\/media?parent=8831"}],"wp:term":[{"taxonomy":"product_brand","embeddable":true,"href":"https:\/\/www.ngdcare.nl\/ga\/wp-json\/wp\/v2\/product_brand?post=8831"},{"taxonomy":"product_cat","embeddable":true,"href":"https:\/\/www.ngdcare.nl\/ga\/wp-json\/wp\/v2\/product_cat?post=8831"},{"taxonomy":"product_tag","embeddable":true,"href":"https:\/\/www.ngdcare.nl\/ga\/wp-json\/wp\/v2\/product_tag?post=8831"},{"taxonomy":"merken","embeddable":true,"href":"https:\/\/www.ngdcare.nl\/ga\/wp-json\/wp\/v2\/merken?post=8831"}],"curies":[{"name":"wp","href":"https:\/\/api.w.org\/{rel}","templated":true}]}}