{"id":8854,"date":"2025-10-02T22:49:39","date_gmt":"2025-10-02T20:49:39","guid":{"rendered":"https:\/\/www.ngdcare.nl\/?post_type=product&#038;p=8854"},"modified":"2025-10-02T22:55:44","modified_gmt":"2025-10-02T20:55:44","slug":"glothach-craiceann-gliceirin-ozoin-glothach-craicinn-kopie","status":"publish","type":"product","link":"https:\/\/www.ngdcare.nl\/ga\/product\/tairgi-ozoin\/glothach-craiceann-gliceirin-ozoin-glothach-craicinn-kopie\/","title":{"rendered":"Gl\u00f3thach Craiceann Glic\u00e9ir\u00edn \u00d3z\u00f3in \u2013 Gl\u00f3thach Craicinn"},"content":{"rendered":"<p data-start=\"442\" data-end=\"700\"><strong data-start=\"442\" data-end=\"479\">Gl\u00f3thach Craiceann Glycerin \u00d3z\u00f3in \u2013 Is<\/strong> gl\u00f3thach tiubhaithe \u00e9 Gl\u00f3thach Craiceann at\u00e1 bunaithe ar glycerin \u00f3z\u00f3naithe pr\u00e9imhe 100%. A bhu\u00edochas d\u00e1 shlaodacht ard, fanann an gl\u00f3thach go daingean i bhfeidhm sa limist\u00e9ar a chuirtear i bhfeidhm, rud a fh\u00e1gann go bhfuil s\u00e9 oiri\u00fanach do limist\u00e9ir bheaga craicinn log\u00e1naithe. <\/p>\n<p data-start=\"702\" data-end=\"966\">N\u00ed bhraitheann an fhoirmle saor \u00f3 chumhr\u00e1in gr\u00e9isceach, is furasta \u00e9 a scaipeadh go tana\u00ed agus sol\u00e1thra\u00edonn s\u00e9 moth\u00fa craiceann taitneamhach le ham teagmh\u00e1la n\u00edos faide n\u00e1 tuaslag\u00e1n uisc\u00ed. I gcompar\u00e1id le ola ol\u00f3ige \u00f3z\u00f3inithe, t\u00e1 boladh an ghl\u00f3thach seo n\u00edos caolch\u00fais\u00ed agus n\u00edos taitneamha\u00ed. <\/p>\n<p data-start=\"968\" data-end=\"1200\">T\u00e1 an <strong data-start=\"989\" data-end=\"1015\">t-inn\u00e9acs s\u00e1rocsa\u00edde is airde<\/strong> ag an Gl\u00f3thach Craicinn de na t\u00e1irg\u00ed \u00f3z\u00f3in go l\u00e9ir sa l\u00edne. Cialla\u00edonn s\u00e9 seo go bhfuil an gl\u00f3thach saibhir i gcomhdh\u00faile ocsaigine cobhsa\u00ed, a thaca\u00edonn go dian leis an gcraiceann agus a fheidhm bhacainn n\u00e1d\u00fartha a neart\u00fa. <\/p>\n<p data-start=\"1202\" data-end=\"1219\"><strong data-start=\"1202\" data-end=\"1217\">Iarratas:<\/strong><\/p>\n<ul data-start=\"1220\" data-end=\"1509\">\n<li data-start=\"1220\" data-end=\"1302\">\n<p data-start=\"1222\" data-end=\"1302\">Le haghaidh spota\u00ed \u00e1iti\u00fala, garbh n\u00f3 tiubhaithe (e.g. uillinneacha, gl\u00faine, s\u00e1la)<\/p>\n<\/li>\n<li data-start=\"1303\" data-end=\"1376\">\n<p data-start=\"1305\" data-end=\"1376\">Chun aire a thabhairt don chraiceann i r\u00e9ims\u00ed beaga a dteasta\u00edonn aird bhreise uathu<\/p>\n<\/li>\n<li data-start=\"1377\" data-end=\"1445\">\n<p data-start=\"1379\" data-end=\"1445\">Do limist\u00e9ir chraicinn \u00edogaire a bhaineann leas as am teagmh\u00e1la n\u00edos faide<\/p>\n<\/li>\n<li data-start=\"1446\" data-end=\"1509\">\n<p data-start=\"1448\" data-end=\"1509\">Oiri\u00fanach le h\u00fas\u00e1id go laeth\u00fail ar dhaoine f\u00e1sta agus ar leana\u00ed<\/p>\n<\/li>\n<\/ul>\n<hr data-start=\"1511\" data-end=\"1514\">\n<h3 data-start=\"1516\" data-end=\"1533\"><strong data-start=\"1520\" data-end=\"1531\">Pil\u00e9ir<\/strong><\/h3>\n<ul data-start=\"1534\" data-end=\"1773\">\n<li data-start=\"1534\" data-end=\"1587\">\n<p data-start=\"1536\" data-end=\"1587\">Gl\u00f3thach craiceann ard-slaodach le glycerin \u00f3z\u00f3ineach<\/p>\n<\/li>\n<li data-start=\"1588\" data-end=\"1641\">\n<p data-start=\"1590\" data-end=\"1641\">Fanann go maith i bhfeidhm, oiri\u00fanach do limist\u00e9ir bheaga<\/p>\n<\/li>\n<li data-start=\"1642\" data-end=\"1686\">\n<p data-start=\"1644\" data-end=\"1686\">Boladh caolch\u00faiseach, saor \u00f3 chumhr\u00e1in agus neamh-gr\u00e9isceach<\/p>\n<\/li>\n<li data-start=\"1687\" data-end=\"1729\">\n<p data-start=\"1689\" data-end=\"1729\">An t-inn\u00e9acs s\u00e1rocsa\u00edde l\u00edne \u00f3z\u00f3in is airde<\/p>\n<\/li>\n<li data-start=\"1730\" data-end=\"1773\">\n<p data-start=\"1732\" data-end=\"1773\">Taca\u00edonn s\u00e9 leis an mbacainn craiceann n\u00e1d\u00fartha<\/p>\n<\/li>\n<\/ul>\n<p data-start=\"4723\" data-end=\"5116\">\n","protected":false},"excerpt":{"rendered":"<p>Gl\u00f3thach craicinn ard-slaodach bunaithe ar glycerin \u00f3z\u00f3naithe. Oiri\u00fanach do cheantair \u00e1iti\u00fala, tirim n\u00f3 garbh. Comhbh\u00e1ch, saor \u00f3 chumhr\u00e1in agus n\u00e1d\u00fartha go hioml\u00e1n.  <\/p>\n","protected":false},"featured_media":18244,"comment_status":"open","ping_status":"closed","template":"","meta":[],"product_brand":[],"product_cat":[4715],"product_tag":[1894,3828,3827,1892,3548],"merken":[],"class_list":{"0":"post-8854","1":"product","2":"type-product","3":"status-publish","4":"has-post-thumbnail","6":"product_cat-tairgi-ozoin","7":"product_tag-cat-ga","8":"product_tag-glothach-craicinn","9":"product_tag-glycerin-ozoinithe","10":"product_tag-madra","11":"product_tag-saor-o-chumhrain","12":"infinite-scroll-item","13":"sales-flash-overlay","14":"woocommerce-text-align-center","15":"woocommerce-image-align-center","16":"do-quantity-buttons","18":"first","19":"outofstock","20":"taxable","21":"shipping-taxable","22":"purchasable","23":"product-type-variable"},"_links":{"self":[{"href":"https:\/\/www.ngdcare.nl\/ga\/wp-json\/wp\/v2\/product\/8854","targetHints":{"allow":["GET"]}}],"collection":[{"href":"https:\/\/www.ngdcare.nl\/ga\/wp-json\/wp\/v2\/product"}],"about":[{"href":"https:\/\/www.ngdcare.nl\/ga\/wp-json\/wp\/v2\/types\/product"}],"replies":[{"embeddable":true,"href":"https:\/\/www.ngdcare.nl\/ga\/wp-json\/wp\/v2\/comments?post=8854"}],"wp:featuredmedia":[{"embeddable":true,"href":"https:\/\/www.ngdcare.nl\/ga\/wp-json\/wp\/v2\/media\/18244"}],"wp:attachment":[{"href":"https:\/\/www.ngdcare.nl\/ga\/wp-json\/wp\/v2\/media?parent=8854"}],"wp:term":[{"taxonomy":"product_brand","embeddable":true,"href":"https:\/\/www.ngdcare.nl\/ga\/wp-json\/wp\/v2\/product_brand?post=8854"},{"taxonomy":"product_cat","embeddable":true,"href":"https:\/\/www.ngdcare.nl\/ga\/wp-json\/wp\/v2\/product_cat?post=8854"},{"taxonomy":"product_tag","embeddable":true,"href":"https:\/\/www.ngdcare.nl\/ga\/wp-json\/wp\/v2\/product_tag?post=8854"},{"taxonomy":"merken","embeddable":true,"href":"https:\/\/www.ngdcare.nl\/ga\/wp-json\/wp\/v2\/merken?post=8854"}],"curies":[{"name":"wp","href":"https:\/\/api.w.org\/{rel}","templated":true}]}}