{"id":9018,"date":"2025-10-03T21:43:46","date_gmt":"2025-10-03T19:43:46","guid":{"rendered":"https:\/\/www.ngdcare.nl\/?post_type=product&#038;p=9018"},"modified":"2025-10-03T22:01:27","modified_gmt":"2025-10-03T20:01:27","slug":"tae-an-tsamhraidh-fuaru-cothromaiocht-kopie","status":"publish","type":"product","link":"https:\/\/www.ngdcare.nl\/ga\/product\/superfoods-tae\/tae-ga\/tae-an-tsamhraidh-fuaru-cothromaiocht-kopie\/","title":{"rendered":"Tae an tSamhraidh \u2013 Fuar\u00fa &amp; Cothroma\u00edocht"},"content":{"rendered":"<p data-start=\"485\" data-end=\"839\">Is measc\u00e1n \u00far, tart-mh\u00fachadh \u00e9 an <strong data-start=\"488\" data-end=\"530\">NGD Care Summer Tea \u2013 Cooling &amp; Balance<\/strong> a oireann go foirfe ar laethanta grianmhara. <strong data-start=\"602\" data-end=\"619\">Sol\u00e1thra\u00edonn duilleog lus an phiobair<\/strong> an bonn fuaraithe, agus sol\u00e1thra\u00edonn <strong data-start=\"656\" data-end=\"668\">hibiscus<\/strong> dath dearg br\u00edomhar agus n\u00f3ta tangy. <strong data-start=\"727\" data-end=\"758\">Tugann p\u00edosa\u00ed rosehip agus \u00fall<\/strong> cothroma\u00edocht fruity, agus tugann <strong data-start=\"791\" data-end=\"805\">cornflower<\/strong> accent bog bl\u00e1thanna.<\/p>\n<p data-start=\"841\" data-end=\"1064\">T\u00e1 an tae seo spreagtha ag an <strong data-start=\"874\" data-end=\"935\">eilimint d\u00f3ite\u00e1in i Leigheas Traidisi\u00fanta na S\u00edne (TCM),<\/strong> ina bhfuil an Cro\u00ed agus an St\u00e9ig Bheag l\u00e1rnach. I rith an tsamhraidh, baineann s\u00e9 le fuar\u00fa, sc\u00edth a ligean agus taitneamh a bhaint as \u00e9adrom. <\/p>\n<p data-start=\"1066\" data-end=\"1289\">A bhu\u00edochas leis an measc\u00e1n de \u00faire, fruitiness agus bog bl\u00e1thanna, is \u00e9 an tae seo m\u00fachadh tart delicious te agus fuar. Oiri\u00fanach le taitneamh a bhaint as le linn laethanta te, ach freisin refreshing san earrach agus san fh\u00f3mhar. <\/p>\n<p data-start=\"1291\" data-end=\"1324\"><strong data-start=\"1291\" data-end=\"1322\">Air\u00edonna an chumasc:<\/strong><\/p>\n<ul>\n<li data-start=\"1327\" data-end=\"1381\"><strong data-start=\"1327\" data-end=\"1343\">Refreshing:<\/strong> oiri\u00fanach in aimsir te n\u00f3 mar tae reoite<\/li>\n<li data-start=\"1384\" data-end=\"1447\"><strong data-start=\"1384\" data-end=\"1406\">Fruity &amp; bl\u00e1thanna:<\/strong> cothroma\u00edocht de sweetness g\u00e9ar \u00far agus bog<\/li>\n<li data-start=\"1450\" data-end=\"1537\"><strong data-start=\"1450\" data-end=\"1471\">S\u00e9as\u00farach:<\/strong> ar aon dul le fuinneamh an tsamhraidh (Cro\u00ed &amp; St\u00e9ig Beag \u2013 TCM)<\/li>\n<li data-start=\"1540\" data-end=\"1598\"><strong data-start=\"1540\" data-end=\"1566\">Achomharc amhairc:<\/strong> tae dearg le bl\u00e1thanna gorma<\/li>\n<li data-start=\"1601\" data-end=\"1667\"><strong data-start=\"1601\" data-end=\"1628\">N\u00f3im\u00e9ad laeth\u00fail taitneamhach:<\/strong> \u00edon, 100% n\u00e1d\u00fartha agus decaffeinated<\/li>\n<\/ul>\n<p>Tagann an Tae Samhraidh i <strong data-start=\"1704\" data-end=\"1750\">m\u00e1la resealable de 50 gram de luibheanna scaoilte<\/strong>, go maith le haghaidh thart ar 25-30 cup\u00e1n tae.<\/p>\n","protected":false},"excerpt":{"rendered":"<p data-start=\"312\" data-end=\"442\">Tae luibhe athnuachana le lus an phiobair, hibiscus agus rosehip. Measc\u00e1n samhraidh a thugann fuar\u00fa, cothroma\u00edocht agus sc\u00edth a ligean. <\/p>\n","protected":false},"featured_media":17670,"comment_status":"open","ping_status":"closed","template":"","meta":[],"product_brand":[],"product_cat":[4761],"product_tag":[2715,1894,2711,2713,2717,2709,1892,2707,2653,2706,2651],"merken":[],"class_list":{"0":"post-9018","1":"product","2":"type-product","3":"status-publish","4":"has-post-thumbnail","6":"product_cat-tae-ga","7":"product_tag-blath-arbhair","8":"product_tag-cat-ga","9":"product_tag-cromain","10":"product_tag-fuaru","11":"product_tag-gaoth-an-tsamhraidh","12":"product_tag-hibiscus-ga","13":"product_tag-madra","14":"product_tag-miontas","15":"product_tag-saibhriu-curaim-ngd","16":"product_tag-samhradh","17":"product_tag-tae","18":"infinite-scroll-item","19":"sales-flash-overlay","20":"woocommerce-text-align-center","21":"woocommerce-image-align-center","22":"do-quantity-buttons","24":"first","25":"instock","26":"taxable","27":"shipping-taxable","28":"purchasable","29":"product-type-simple"},"_links":{"self":[{"href":"https:\/\/www.ngdcare.nl\/ga\/wp-json\/wp\/v2\/product\/9018","targetHints":{"allow":["GET"]}}],"collection":[{"href":"https:\/\/www.ngdcare.nl\/ga\/wp-json\/wp\/v2\/product"}],"about":[{"href":"https:\/\/www.ngdcare.nl\/ga\/wp-json\/wp\/v2\/types\/product"}],"replies":[{"embeddable":true,"href":"https:\/\/www.ngdcare.nl\/ga\/wp-json\/wp\/v2\/comments?post=9018"}],"wp:featuredmedia":[{"embeddable":true,"href":"https:\/\/www.ngdcare.nl\/ga\/wp-json\/wp\/v2\/media\/17670"}],"wp:attachment":[{"href":"https:\/\/www.ngdcare.nl\/ga\/wp-json\/wp\/v2\/media?parent=9018"}],"wp:term":[{"taxonomy":"product_brand","embeddable":true,"href":"https:\/\/www.ngdcare.nl\/ga\/wp-json\/wp\/v2\/product_brand?post=9018"},{"taxonomy":"product_cat","embeddable":true,"href":"https:\/\/www.ngdcare.nl\/ga\/wp-json\/wp\/v2\/product_cat?post=9018"},{"taxonomy":"product_tag","embeddable":true,"href":"https:\/\/www.ngdcare.nl\/ga\/wp-json\/wp\/v2\/product_tag?post=9018"},{"taxonomy":"merken","embeddable":true,"href":"https:\/\/www.ngdcare.nl\/ga\/wp-json\/wp\/v2\/merken?post=9018"}],"curies":[{"name":"wp","href":"https:\/\/api.w.org\/{rel}","templated":true}]}}