{"id":9185,"date":"2025-10-20T15:33:47","date_gmt":"2025-10-20T13:33:47","guid":{"rendered":"https:\/\/www.ngdcare.nl\/product\/uncategorized\/croilar-tinte-ealaine-croilar-blath-eagla-tinte-ealaine\/"},"modified":"2026-04-12T21:29:42","modified_gmt":"2026-04-12T19:29:42","slug":"croilar-tinte-ealaine-croilar-blath-eagla-tinte-ealaine","status":"publish","type":"product","link":"https:\/\/www.ngdcare.nl\/ga\/product\/veterinary-health\/leigheasanna-blathanna\/croilar-tinte-ealaine-croilar-blath-eagla-tinte-ealaine\/","title":{"rendered":"Cro\u00edl\u00e1r tinte eala\u00edne \u2013 cro\u00edl\u00e1r bl\u00e1th eagla tinte eala\u00edne"},"content":{"rendered":"<p data-start=\"1041\" data-end=\"1359\">Forbra\u00edodh <strong data-start=\"1044\" data-end=\"1085\">cro\u00edl\u00e1r tinte eala\u00edne NGD Care<\/strong> go speisialta chun tac\u00fa le hainmhithe le strus agus imn\u00ed le linn na laethanta saoire. Oibr\u00edonn an measc\u00e1n cumhachtach de bhl\u00e1thanna ar iliomad sraitheanna comhfhiosachta: sc\u00edth a ligean ar an n\u00e9arch\u00f3ras, cosaint i gcoinne r\u00f3-spreagadh agus t\u00e9arnamh tar \u00e9is turraing n\u00f3 tr\u00e1ma. <\/p>\n<ul data-start=\"1361\" data-end=\"2029\">\n<li data-start=\"1361\" data-end=\"1552\">\n<p data-start=\"1363\" data-end=\"1552\"><strong data-start=\"1366\" data-end=\"1395\">Cosaint agus s\u00e1bh\u00e1ilteacht:<\/strong> <em data-start=\"1396\" data-end=\"1437\">Nearta\u00edonn Caomhn\u00f3ir, Cosaint, Yarrow B\u00e1ndearg<\/em> agus <em data-start=\"1441\" data-end=\"1451\">Sugulite<\/em> cosaint fhuinni\u00fail agus cabhra\u00edonn siad le hainmhithe \u00edogaire a ghlacann teannas go tapa.<\/p>\n<\/li>\n<li data-start=\"1361\" data-end=\"1552\">\n<p data-start=\"1363\" data-end=\"1552\"><strong data-start=\"1558\" data-end=\"1580\">S\u00edoch\u00e1in agus muin\u00edn:<\/strong> <em data-start=\"1581\" data-end=\"1608\">Aspen, Mimulus, Rock Rose<\/em> agus <em data-start=\"1612\" data-end=\"1619\">Hosta<\/em> socair eagla agus scaoll i bhfianaise torann ard n\u00f3 imeachta\u00ed tobann.<\/p>\n<\/li>\n<li data-start=\"1697\" data-end=\"1870\">\n<p data-start=\"1699\" data-end=\"1870\"><strong data-start=\"1702\" data-end=\"1723\">Tr\u00e1ma &amp; T\u00e9arnamh:<\/strong> <em data-start=\"1724\" data-end=\"1769\">Star of Bethlehem, Kerspruim, Gr\u00e1 &amp; D\u00f3chas<\/em> agus <em data-start=\"1773\" data-end=\"1779\">F\u00e9inthaca\u00edocht<\/em> a phr\u00f3ise\u00e1il d&#8217;eisp\u00e9iris turraing roimhe seo agus cothroma\u00edocht mhoth\u00fach\u00e1nach a chur chun cinn.<\/p>\n<\/li>\n<li data-start=\"1871\" data-end=\"2029\">\n<p data-start=\"1873\" data-end=\"2029\"><strong data-start=\"1876\" data-end=\"1902\">Talamh agus cobhsa\u00edocht:<\/strong> Cuid\u00edonn <em data-start=\"1903\" data-end=\"1939\">Borage, Houttuynia Cordata<\/em> agus <em data-start=\"1943\" data-end=\"1957\">Peirsil B\u00f3<\/em> le hainmhithe dul ar ais ina gcorp agus freagairt ar bhealach suaimhneach.<\/p>\n<\/li>\n<\/ul>\n","protected":false},"excerpt":{"rendered":"<p>Soothe do pheata le linn na tr\u00e9imhse tinte eala\u00edne gn\u00f3thach leis an <strong data-start=\"656\" data-end=\"697\">NGD Care tinte eala\u00edne imn\u00ed bl\u00e1thanna \u2013 cro\u00edl\u00e1r tinte eala\u00edne<\/strong> \u2013 taca\u00edocht n\u00e1d\u00fartha do sh\u00edoch\u00e1in inmhe\u00e1nach, s\u00e1bh\u00e1ilteacht agus muin\u00edn. Cuid\u00edonn an measc\u00e1n uath\u00fail seo de n\u00edos m\u00f3 n\u00e1 20 bl\u00e1thanna fuinni\u00fala le hainmhithe a bhfuil eagla orthu roimh thorann ard, flashes n\u00f3 teannas sa teach. Oiri\u00fanach do mhadra\u00ed, cat agus peata\u00ed eile.  <\/p>\n","protected":false},"featured_media":9620,"comment_status":"open","ping_status":"closed","template":"","meta":{"wds_primary_product_brand":0,"wds_primary_product_cat":0,"wds_primary_merken":0},"product_brand":[],"product_cat":[3275],"product_tag":[5079,5075,7854,5077],"merken":[],"class_list":{"0":"post-9185","1":"product","2":"type-product","3":"status-publish","4":"has-post-thumbnail","6":"product_cat-leigheasanna-blathanna","7":"product_tag-blathanna-tinte-ealaine","8":"product_tag-leigheas-blathanna-curaim-ngd","9":"product_tag-strus-agus-iompar","10":"product_tag-tacaiocht-tinte-ealaine","11":"infinite-scroll-item","12":"sales-flash-overlay","13":"woocommerce-text-align-center","14":"woocommerce-image-align-center","15":"do-quantity-buttons","17":"first","18":"instock","19":"taxable","20":"shipping-taxable","21":"purchasable","22":"product-type-simple"},"_links":{"self":[{"href":"https:\/\/www.ngdcare.nl\/ga\/wp-json\/wp\/v2\/product\/9185","targetHints":{"allow":["GET"]}}],"collection":[{"href":"https:\/\/www.ngdcare.nl\/ga\/wp-json\/wp\/v2\/product"}],"about":[{"href":"https:\/\/www.ngdcare.nl\/ga\/wp-json\/wp\/v2\/types\/product"}],"replies":[{"embeddable":true,"href":"https:\/\/www.ngdcare.nl\/ga\/wp-json\/wp\/v2\/comments?post=9185"}],"wp:featuredmedia":[{"embeddable":true,"href":"https:\/\/www.ngdcare.nl\/ga\/wp-json\/wp\/v2\/media\/9620"}],"wp:attachment":[{"href":"https:\/\/www.ngdcare.nl\/ga\/wp-json\/wp\/v2\/media?parent=9185"}],"wp:term":[{"taxonomy":"product_brand","embeddable":true,"href":"https:\/\/www.ngdcare.nl\/ga\/wp-json\/wp\/v2\/product_brand?post=9185"},{"taxonomy":"product_cat","embeddable":true,"href":"https:\/\/www.ngdcare.nl\/ga\/wp-json\/wp\/v2\/product_cat?post=9185"},{"taxonomy":"product_tag","embeddable":true,"href":"https:\/\/www.ngdcare.nl\/ga\/wp-json\/wp\/v2\/product_tag?post=9185"},{"taxonomy":"merken","embeddable":true,"href":"https:\/\/www.ngdcare.nl\/ga\/wp-json\/wp\/v2\/merken?post=9185"}],"curies":[{"name":"wp","href":"https:\/\/api.w.org\/{rel}","templated":true}]}}