{"id":9223,"date":"2025-10-20T16:06:49","date_gmt":"2025-10-20T14:06:49","guid":{"rendered":"https:\/\/www.ngdcare.nl\/product\/uncategorized\/tacaiocht-tinte-ealaine-ola-riachtanach\/"},"modified":"2026-01-26T21:29:43","modified_gmt":"2026-01-26T20:29:43","slug":"tacaiocht-tinte-ealaine-ola-riachtanach","status":"publish","type":"product","link":"https:\/\/www.ngdcare.nl\/ga\/product\/cumhartheiripe\/tacaiocht-tinte-ealaine-ola-riachtanach\/","title":{"rendered":"Taca\u00edocht tinte eala\u00edne \u2013 Fireworks fear"},"content":{"rendered":"<p data-start=\"317\" data-end=\"578\">Is measc\u00e1n ola riachtanach \u00e9 <strong>NGD Care \u2013 Tinte eala\u00edne<\/strong> a thaca\u00edonn leis an n\u00e9arch\u00f3ras i chuimhneach\u00e1in gh\u00e9armh\u00edochaine struis agus \u00edogaireacht mh\u00e9adaithe d&#8217;fhuaim agus spreagtha\u00ed, mar shampla le linn tinte eala\u00edne, stoirmeacha toirn\u00ed n\u00f3 torann comhthimpeallach gan choinne eile.<\/p>\n<p data-start=\"580\" data-end=\"855\">T\u00e1 an teaglaim cumhr\u00e1in te, adhmaid agus compordach agus t\u00e1 s\u00e9 curtha in oiri\u00faint go speisialta d&#8217;ainmhithe a th\u00f3gann teannas go tapa n\u00f3 a fhulaing\u00edonn moth\u00fa neamhshl\u00e1nd\u00e1la. Cuid\u00edonn Taca\u00edocht Tinte Eala\u00edne leis an gcorp agus leis an n\u00e9arch\u00f3ras suaimhneas a dh\u00e9anamh agus taca\u00edonn s\u00e9 le sc\u00edth a ligean gan numbing. <\/p>\n<h4 data-start=\"862\" data-end=\"892\"> <strong>Comhdh\u00e9anamh<\/strong><\/h4>\n<ul>\n<li data-start=\"895\" data-end=\"1072\"><strong data-start=\"895\" data-end=\"939\">Cedarwood &amp; Cypress: <\/strong>Grounding and stabilizing, support inner peace and help restore a sense of security and limitation.<\/li>\n<li data-start=\"1076\" data-end=\"1240\"><strong data-start=\"1076\" data-end=\"1103\">Ylang Ylang &amp; Patchouli: <\/strong>Comhchuibhi\u00fa agus sc\u00edth a ligean, tac\u00fa le scaoileadh teannas sna mat\u00e1in agus sa n\u00e9arch\u00f3ras agus cuireann s\u00e9 le cothroma\u00edocht mhoth\u00fach\u00e1nach.<\/li>\n<li data-start=\"1244\" data-end=\"1393\"><strong data-start=\"1244\" data-end=\"1266\">Suaimhneas &amp; Copaiba: <\/strong>Go domhain soothing agus soothing, cuid\u00edonn s\u00e9 le leibh\u00e9il struis a laghd\u00fa agus tac\u00fa le an\u00e1l\u00fa agus sc\u00edth a ligean socair.<\/li>\n<\/ul>\n<p data-start=\"1395\" data-end=\"1546\">Le ch\u00e9ile, crutha\u00edonn na hola\u00ed seo sineirg\u00edocht mh\u00edn ach \u00e9ifeachtach a thaca\u00edonn le hainmhithe i spreagtha\u00ed struis agus a chabhra\u00edonn le teannas a laghd\u00fa de r\u00e9ir a ch\u00e9ile. Is f\u00e9idir an ola riachtanach a \u00fas\u00e1id go deas mar aon leis an <a href=\"https:\/\/www.ngdcare.nl\/ga\/product\/leigheasanna-blathanna\/croilar-tinte-ealaine-croilar-blath-eagla-tinte-ealaine\/\">cro\u00edl\u00e1r bl\u00e1thanna Taca\u00edocht Tinte eala\u00edne<\/a>. <\/p>\n<h4 data-start=\"1553\" data-end=\"1586\"><strong>T\u00e1sca<\/strong><\/h4>\n<ul>\n<li data-start=\"1589\" data-end=\"1628\">Eagla roimh thinte eala\u00edne agus torann ard<\/li>\n<li data-start=\"1631\" data-end=\"1670\">\u00cdogaireacht fuaime agus frithghn\u00edomhartha scanraithe<\/li>\n<li data-start=\"1673\" data-end=\"1707\">Teannas agus corra\u00edl mar gheall ar spreagtha\u00ed<\/li>\n<li data-start=\"1710\" data-end=\"1775\">C\u00e1sanna struis tobann (stoirmeacha toirn\u00ed, laethanta saoire, timpeallacht)<\/li>\n<li data-start=\"1778\" data-end=\"1837\">Ainmhithe a bhfuil compord agus s\u00e1bh\u00e1ilteacht breise de dh\u00edth orthu<\/li>\n<\/ul>\n","protected":false},"excerpt":{"rendered":"<p>Tugann <strong data-start=\"2667\" data-end=\"2700\">an taca\u00edocht tinte eala\u00edne ola riachtanach NGD Care <\/strong>s\u00edoch\u00e1in do do theach agus sc\u00edth a ligean do do pheata le linn na tr\u00e9imhse tinte eala\u00edne. Ar f\u00e1il mar<strong data-start=\"2796\" data-end=\"2817\"> ola sorc\u00f3ir<\/strong> n\u00f3 <strong data-start=\"2821\" data-end=\"2837\">diffuser<\/strong> \u2013 oiri\u00fanach chun imn\u00ed, imn\u00ed agus teannas a laghd\u00fa go n\u00e1d\u00fartha i madra\u00ed n\u00f3 cait.<\/p>\n","protected":false},"featured_media":9608,"comment_status":"open","ping_status":"closed","template":"","meta":{"wds_primary_product_brand":0,"wds_primary_product_cat":0,"wds_primary_merken":0},"product_brand":[],"product_cat":[1810],"product_tag":[],"merken":[],"class_list":{"0":"post-9223","1":"product","2":"type-product","3":"status-publish","4":"has-post-thumbnail","6":"product_cat-cumhartheiripe","7":"infinite-scroll-item","8":"sales-flash-overlay","9":"woocommerce-text-align-center","10":"woocommerce-image-align-center","11":"do-quantity-buttons","13":"first","14":"instock","15":"taxable","16":"shipping-taxable","17":"purchasable","18":"product-type-variable"},"_links":{"self":[{"href":"https:\/\/www.ngdcare.nl\/ga\/wp-json\/wp\/v2\/product\/9223","targetHints":{"allow":["GET"]}}],"collection":[{"href":"https:\/\/www.ngdcare.nl\/ga\/wp-json\/wp\/v2\/product"}],"about":[{"href":"https:\/\/www.ngdcare.nl\/ga\/wp-json\/wp\/v2\/types\/product"}],"replies":[{"embeddable":true,"href":"https:\/\/www.ngdcare.nl\/ga\/wp-json\/wp\/v2\/comments?post=9223"}],"wp:featuredmedia":[{"embeddable":true,"href":"https:\/\/www.ngdcare.nl\/ga\/wp-json\/wp\/v2\/media\/9608"}],"wp:attachment":[{"href":"https:\/\/www.ngdcare.nl\/ga\/wp-json\/wp\/v2\/media?parent=9223"}],"wp:term":[{"taxonomy":"product_brand","embeddable":true,"href":"https:\/\/www.ngdcare.nl\/ga\/wp-json\/wp\/v2\/product_brand?post=9223"},{"taxonomy":"product_cat","embeddable":true,"href":"https:\/\/www.ngdcare.nl\/ga\/wp-json\/wp\/v2\/product_cat?post=9223"},{"taxonomy":"product_tag","embeddable":true,"href":"https:\/\/www.ngdcare.nl\/ga\/wp-json\/wp\/v2\/product_tag?post=9223"},{"taxonomy":"merken","embeddable":true,"href":"https:\/\/www.ngdcare.nl\/ga\/wp-json\/wp\/v2\/merken?post=9223"}],"curies":[{"name":"wp","href":"https:\/\/api.w.org\/{rel}","templated":true}]}}