{"id":9508,"date":"2025-11-01T15:37:29","date_gmt":"2025-11-01T14:37:29","guid":{"rendered":"https:\/\/www.ngdcare.nl\/product\/uncategorized\/glas-fiain-francois-le-frog\/"},"modified":"2025-11-06T13:55:27","modified_gmt":"2025-11-06T12:55:27","slug":"glas-fiain-francois-le-frog","status":"publish","type":"product","link":"https:\/\/www.ngdcare.nl\/ga\/product\/siopa-peatai\/madra\/saibhriu-agus-spraoi\/breagain-inbhuanaithe\/glas-fiain-francois-le-frog\/","title":{"rendered":"Glas &amp; Fi\u00e1in Fran\u00e7ois le Frog"},"content":{"rendered":"<p data-start=\"0\" data-end=\"50\"><strong data-start=\"0\" data-end=\"48\">Br\u00e9ag\u00e1n Madra\u00ed Eco Green &amp; Wilds \u2013 Fran\u00e7ois le Frog<\/strong><\/p>\n<p data-start=\"52\" data-end=\"90\">Iontas do mhadra le Fran\u00e7ois le Frog!<\/p>\n<p data-start=\"92\" data-end=\"358\">T\u00e1 an frog cheerful seo d\u00e9anta as sn\u00e1ith\u00edn\u00ed si\u00fait durable agus cr\u00edochnaithe le ciseal seachtrach suede bog. Is sn\u00e1ith\u00edn planda\u00ed n\u00e1d\u00fartha \u00e9 an si\u00fait agus is seachth\u00e1irge \u00e9 an suede, mar sin n\u00ed chailltear aon \u00e1bhar \u2013 rogha at\u00e1 neamhdh\u00edobh\u00e1lach don chomhshaol le casadh spra\u00ed\u00fail. <\/p>\n<p data-start=\"360\" data-end=\"590\">T\u00e1 Fran\u00e7ois l\u00e1idir, s\u00e1bh\u00e1ilte agus t\u00e1irgtear gan substaint\u00ed d\u00edobh\u00e1lacha n\u00f3 ceimice\u00e1in a scaoiltear nuair a bh\u00edonn s\u00e9 ag cogaint. T\u00e1 an t-\u00e1bhar 100% in-bhithmhillte agus deartha chun maireacht\u00e1il, ionas gur f\u00e9idir le do mhadra imirt gan deireadh. <\/p>\n<p data-start=\"592\" data-end=\"699\"><strong data-start=\"592\" data-end=\"607\">Tois\u00ed:<\/strong> 23 \u00d7 22 cm<br data-start=\"618\" data-end=\"621\"><strong data-start=\"621\" data-end=\"639\">Oiri\u00fanach do:<\/strong> madra\u00ed de gach m\u00e9id agus aois, lena n-\u00e1ir\u00edtear coile\u00e1in\u00edn\u00ed<\/p>\n<p data-start=\"701\" data-end=\"730\"><strong data-start=\"701\" data-end=\"728\">T\u00e1bhachtach a bheith ar an eolas:<\/strong><\/p>\n<ul data-start=\"731\" data-end=\"991\">\n<li data-start=\"731\" data-end=\"780\">\n<p data-start=\"733\" data-end=\"780\">N\u00edl s\u00e9 i gceist ach mar bhr\u00e9ag\u00e1n, n\u00ed mar bhia<\/p>\n<\/li>\n<li data-start=\"781\" data-end=\"826\">\n<p data-start=\"783\" data-end=\"826\">Lig do do mhadra imirt i gc\u00f3na\u00ed faoi mhaoirseacht<\/p>\n<\/li>\n<li data-start=\"827\" data-end=\"914\">\n<p data-start=\"829\" data-end=\"914\">Bain an br\u00e9ag\u00e1n m\u00e1 dh\u00e9anann do mhadra iarracht greim a fh\u00e1il n\u00f3 p\u00edosa\u00ed a shlogadh<\/p>\n<\/li>\n<li data-start=\"915\" data-end=\"948\">\n<p data-start=\"917\" data-end=\"948\">N\u00edl s\u00e9 oiri\u00fanach le haghaidh nigh meais\u00edn<\/p>\n<\/li>\n<li data-start=\"949\" data-end=\"991\">\n<p data-start=\"951\" data-end=\"991\">N\u00edl aon bhr\u00e9ag\u00e1in indestructible<\/p>\n<\/li>\n<\/ul>\n","protected":false},"excerpt":{"rendered":"<p><strong>L\u00e9im Fran\u00e7ois le Frog<\/strong> ceart isteach i do chro\u00ed! Tugann an frog a fheictear seo d\u00e9anta as si\u00fait agus suede spraoi s\u00fagartha inbhuanaithe isteach i do theach. T\u00e1 s\u00e9 l\u00e1idir, n\u00e1d\u00fartha agus dhochoiscthe ag baint leis d&#8217;aon mhadra!  <\/p>\n","protected":false},"featured_media":9511,"comment_status":"open","ping_status":"closed","template":"","meta":[],"product_brand":[],"product_cat":[4813,5060,5061],"product_tag":[],"merken":[],"class_list":{"0":"post-9508","1":"product","2":"type-product","3":"status-publish","4":"has-post-thumbnail","6":"product_cat-breagain-inbhuanaithe","7":"product_cat-madra","8":"product_cat-siopa-peatai","9":"infinite-scroll-item","10":"sales-flash-overlay","11":"woocommerce-text-align-center","12":"woocommerce-image-align-center","13":"do-quantity-buttons","15":"first","16":"instock","17":"sold-individually","18":"taxable","19":"shipping-taxable","20":"purchasable","21":"product-type-simple"},"_links":{"self":[{"href":"https:\/\/www.ngdcare.nl\/ga\/wp-json\/wp\/v2\/product\/9508","targetHints":{"allow":["GET"]}}],"collection":[{"href":"https:\/\/www.ngdcare.nl\/ga\/wp-json\/wp\/v2\/product"}],"about":[{"href":"https:\/\/www.ngdcare.nl\/ga\/wp-json\/wp\/v2\/types\/product"}],"replies":[{"embeddable":true,"href":"https:\/\/www.ngdcare.nl\/ga\/wp-json\/wp\/v2\/comments?post=9508"}],"wp:featuredmedia":[{"embeddable":true,"href":"https:\/\/www.ngdcare.nl\/ga\/wp-json\/wp\/v2\/media\/9511"}],"wp:attachment":[{"href":"https:\/\/www.ngdcare.nl\/ga\/wp-json\/wp\/v2\/media?parent=9508"}],"wp:term":[{"taxonomy":"product_brand","embeddable":true,"href":"https:\/\/www.ngdcare.nl\/ga\/wp-json\/wp\/v2\/product_brand?post=9508"},{"taxonomy":"product_cat","embeddable":true,"href":"https:\/\/www.ngdcare.nl\/ga\/wp-json\/wp\/v2\/product_cat?post=9508"},{"taxonomy":"product_tag","embeddable":true,"href":"https:\/\/www.ngdcare.nl\/ga\/wp-json\/wp\/v2\/product_tag?post=9508"},{"taxonomy":"merken","embeddable":true,"href":"https:\/\/www.ngdcare.nl\/ga\/wp-json\/wp\/v2\/merken?post=9508"}],"curies":[{"name":"wp","href":"https:\/\/api.w.org\/{rel}","templated":true}]}}