{"id":9551,"date":"2025-11-01T16:21:05","date_gmt":"2025-11-01T15:21:05","guid":{"rendered":"https:\/\/www.ngdcare.nl\/product\/uncategorized\/glas-wilds-desmond-an-lacha\/"},"modified":"2025-11-04T15:32:32","modified_gmt":"2025-11-04T14:32:32","slug":"glas-wilds-desmond-an-lacha","status":"publish","type":"product","link":"https:\/\/www.ngdcare.nl\/ga\/product\/siopa-peatai\/madra\/saibhriu-agus-spraoi\/breagain-inbhuanaithe\/glas-wilds-desmond-an-lacha\/","title":{"rendered":"Glas &amp; Wilds Desmond an Lacha"},"content":{"rendered":"<p data-start=\"0\" data-end=\"50\"><strong data-start=\"0\" data-end=\"48\">Br\u00e9ag\u00e1n Madra\u00ed Eco Green &amp; Wilds \u2013 Desmond the Duck<\/strong><\/p>\n<p data-start=\"52\" data-end=\"90\">Iontas do do mhadra le Desmond the Duck!<\/p>\n<p data-start=\"92\" data-end=\"371\">N\u00ed br\u00e9ag\u00e1n amh\u00e1in \u00e9 Desmond \u2013 is playmate d\u00edlis \u00e9 d\u00e9anta as ceithre shraith de si\u00fait inbhuanaithe, fuaite faoi dh\u00f3 thar chad\u00e1s athch\u00fars\u00e1ilte agus sreang\u00e1n si\u00fait. Foirfe le haghaidh caitheamh, fetching n\u00f3 d\u00edreach ag imirt leis. L\u00e1idir, s\u00e1bh\u00e1ilte agus deartha le haghaidh uaireanta spraoi.  <\/p>\n<p data-start=\"373\" data-end=\"592\">Is sn\u00e1ith\u00edn planda\u00ed n\u00e1d\u00fartha, inbhuanaithe \u00e9 an si\u00fait agus 100% in-bhithmhillte. Is seachth\u00e1irge \u00e9 an suede, mar sin n\u00ed chailltear aon \u00e1bhar \u2013 rogha comhfhiosach agus neamhdh\u00edobh\u00e1lach don chomhshaol do gach leann\u00e1n madra\u00ed. <\/p>\n<p data-start=\"594\" data-end=\"701\"><strong data-start=\"594\" data-end=\"609\">Tois\u00ed:<\/strong> 40 \u00d7 34 cm<br data-start=\"620\" data-end=\"623\"><strong data-start=\"623\" data-end=\"641\">Oiri\u00fanach do:<\/strong> madra\u00ed de gach m\u00e9id agus aois, lena n-\u00e1ir\u00edtear coile\u00e1in\u00edn\u00ed<\/p>\n<p data-start=\"703\" data-end=\"732\"><strong data-start=\"703\" data-end=\"730\">T\u00e1bhachtach a bheith ar an eolas:<\/strong><\/p>\n<ul>\n<li data-start=\"735\" data-end=\"782\">N\u00edl s\u00e9 i gceist ach mar bhr\u00e9ag\u00e1n, n\u00ed mar bhia<\/li>\n<li data-start=\"785\" data-end=\"828\">Lig do do mhadra imirt i gc\u00f3na\u00ed faoi mhaoirseacht<\/li>\n<li data-start=\"831\" data-end=\"916\">Bain an br\u00e9ag\u00e1n m\u00e1 dh\u00e9anann do mhadra iarracht greim a fh\u00e1il n\u00f3 p\u00edosa\u00ed a shlogadh<\/li>\n<li data-start=\"919\" data-end=\"950\">N\u00edl s\u00e9 oiri\u00fanach le haghaidh nigh meais\u00edn<\/li>\n<li data-start=\"953\" data-end=\"993\">N\u00edl aon bhr\u00e9ag\u00e1in indestructible<\/li>\n<\/ul>\n","protected":false},"excerpt":{"rendered":"<article class=\"text-token-text-primary w-full focus:outline-none [--shadow-height:45px] has-data-writing-block:pointer-events-none has-data-writing-block:-mt-(--shadow-height) has-data-writing-block:pt-(--shadow-height) [&amp;:has([data-writing-block])&gt;*]:pointer-events-auto [content-visibility:auto] supports-[content-visibility:auto]:[contain-intrinsic-size:auto_100lvh] scroll-mt-[calc(var(--header-height)+min(200px,max(70px,20svh)))]\" dir=\"auto\" tabindex=\"-1\" data-turn-id=\"request-WEB:ea53a6a9-28e3-4128-a85a-568e204bcc0b-12\" data-testid=\"conversation-turn-26\" data-scroll-anchor=\"true\" data-turn=\"assistant\">\n<div class=\"text-base my-auto mx-auto pb-10 [--thread-content-margin:--spacing(4)] thread-sm:[--thread-content-margin:--spacing(6)] thread-lg:[--thread-content-margin:--spacing(16)] px-(--thread-content-margin)\">\n<div class=\"[--thread-content-max-width:40rem] thread-lg:[--thread-content-max-width:48rem] mx-auto max-w-(--thread-content-max-width) flex-1 group\/turn-messages focus-visible:outline-hidden relative flex w-full min-w-0 flex-col agent-turn\" tabindex=\"-1\">\n<div class=\"flex max-w-full flex-col grow\">\n<div class=\"min-h-8 text-message relative flex w-full flex-col items-end gap-2 text-start break-words whitespace-normal [.text-message+&amp;]:mt-1\" dir=\"auto\" data-message-author-role=\"assistant\" data-message-id=\"f3e564e3-32fe-4d32-9ae5-4629baaff278\" data-message-model-slug=\"gpt-5\">\n<div class=\"flex w-full flex-col gap-1 empty:hidden first:pt-[1px]\">\n<div class=\"markdown prose dark:prose-invert w-full break-words light markdown-new-styling\">\n<p data-start=\"0\" data-end=\"191\" data-is-last-node=\"\" data-is-only-node=\"\"><strong>Desmond the Duck<\/strong> waddles ceart isteach i gcro\u00ed do mhadra! D\u00e9anta as si\u00fait l\u00e1idir agus cad\u00e1s athch\u00fars\u00e1ilte. T\u00e1 s\u00e9 cheerful, diana agus r\u00e9idh le haghaidh uaireanta spraoi.  <\/p>\n<\/div>\n<\/div>\n<\/div>\n<\/div>\n<div class=\"mt-3 w-full empty:hidden\">\n<div class=\"text-center\"><\/div>\n<\/div>\n<\/div>\n<\/div>\n<\/article>\n<div class=\"pointer-events-none h-px w-px\" aria-hidden=\"true\" data-edge=\"true\"><\/div>\n","protected":false},"featured_media":9554,"comment_status":"open","ping_status":"closed","template":"","meta":[],"product_brand":[],"product_cat":[4813,5060,5061],"product_tag":[],"merken":[],"class_list":{"0":"post-9551","1":"product","2":"type-product","3":"status-publish","4":"has-post-thumbnail","6":"product_cat-breagain-inbhuanaithe","7":"product_cat-madra","8":"product_cat-siopa-peatai","9":"infinite-scroll-item","10":"sales-flash-overlay","11":"woocommerce-text-align-center","12":"woocommerce-image-align-center","13":"do-quantity-buttons","15":"first","16":"instock","17":"sold-individually","18":"taxable","19":"shipping-taxable","20":"purchasable","21":"product-type-simple"},"_links":{"self":[{"href":"https:\/\/www.ngdcare.nl\/ga\/wp-json\/wp\/v2\/product\/9551","targetHints":{"allow":["GET"]}}],"collection":[{"href":"https:\/\/www.ngdcare.nl\/ga\/wp-json\/wp\/v2\/product"}],"about":[{"href":"https:\/\/www.ngdcare.nl\/ga\/wp-json\/wp\/v2\/types\/product"}],"replies":[{"embeddable":true,"href":"https:\/\/www.ngdcare.nl\/ga\/wp-json\/wp\/v2\/comments?post=9551"}],"wp:featuredmedia":[{"embeddable":true,"href":"https:\/\/www.ngdcare.nl\/ga\/wp-json\/wp\/v2\/media\/9554"}],"wp:attachment":[{"href":"https:\/\/www.ngdcare.nl\/ga\/wp-json\/wp\/v2\/media?parent=9551"}],"wp:term":[{"taxonomy":"product_brand","embeddable":true,"href":"https:\/\/www.ngdcare.nl\/ga\/wp-json\/wp\/v2\/product_brand?post=9551"},{"taxonomy":"product_cat","embeddable":true,"href":"https:\/\/www.ngdcare.nl\/ga\/wp-json\/wp\/v2\/product_cat?post=9551"},{"taxonomy":"product_tag","embeddable":true,"href":"https:\/\/www.ngdcare.nl\/ga\/wp-json\/wp\/v2\/product_tag?post=9551"},{"taxonomy":"merken","embeddable":true,"href":"https:\/\/www.ngdcare.nl\/ga\/wp-json\/wp\/v2\/merken?post=9551"}],"curies":[{"name":"wp","href":"https:\/\/api.w.org\/{rel}","templated":true}]}}