{"id":9692,"date":"2025-11-06T12:56:50","date_gmt":"2025-11-06T11:56:50","guid":{"rendered":"https:\/\/www.ngdcare.nl\/product\/uncategorized\/catstages-catnip-boomerang-buddy\/"},"modified":"2025-11-06T12:56:50","modified_gmt":"2025-11-06T11:56:50","slug":"catstages-catnip-boomerang-buddy","status":"publish","type":"product","link":"https:\/\/www.ngdcare.nl\/ga\/product\/siopa-peatai\/cat\/catstages-catnip-boomerang-buddy\/","title":{"rendered":"Catstages Catnip Boomerang Buddy"},"content":{"rendered":"<p data-start=\"0\" data-end=\"85\"><strong data-start=\"0\" data-end=\"83\">Cetstages Catnip Boomerang Buddy \u2013 Br\u00e9ag\u00e1n Cat le Catnip Pr\u00e9imhe 100%<\/strong><\/p>\n<p data-start=\"87\" data-end=\"147\">Iontas do chat leis an Catnip Boomerang Buddy \u00f3 Petstages!<\/p>\n<p data-start=\"149\" data-end=\"417\">T\u00e1 an br\u00e9ag\u00e1n dhochoiscthe ag baint leis an br\u00e9ag\u00e1n dhochoiscthe ag baint leis go hioml\u00e1n le catnip pr\u00e9imhe 100% gan aon \u00e1bhar l\u00edonta le haghaidh fuinneamh s\u00fagartha \u00edon. Tugann an cruth boomerang cuireadh duit caith, bualadh, greim agus rolladh, agus cinnt\u00edonn an fhabraic plush bog spraoi s\u00fagartha s\u00e1bh\u00e1ilte agus compordach. <\/p>\n<p data-start=\"419\" data-end=\"603\">Tr\u00edd an br\u00e9ag\u00e1n a rolladh n\u00f3 a chomhbhr\u00fa go h\u00e9adrom, scaoiltear boladh an catnip ar\u00eds agus ar\u00eds eile. Foirfe do chait fiosracha a bhfuil gr\u00e1 acu do s\u00fagradh gn\u00edomhach agus fiach! <\/p>\n<p data-start=\"605\" data-end=\"625\"><strong data-start=\"605\" data-end=\"623\">Air\u00edonna:<\/strong><\/p>\n<ul>\n<li data-start=\"628\" data-end=\"681\">L\u00edonta le catnip pr\u00e9imhe 100%, gan \u00e1bhar l\u00edonta<\/li>\n<li data-start=\"684\" data-end=\"736\">Spreagann s\u00fagradh n\u00e1d\u00fartha agus instinct seilge<\/li>\n<li data-start=\"739\" data-end=\"791\">Boladh \u00e9asca a athnuachan tr\u00ed rolladh n\u00f3 kneading<\/li>\n<li data-start=\"794\" data-end=\"851\">Taobh amuigh plush bog, s\u00e1bh\u00e1ilte do fhiacla agus cr\u00faba<\/li>\n<li data-start=\"854\" data-end=\"893\">Oiri\u00fanach le haghaidh s\u00fagartha aonair n\u00f3 idirghn\u00edomhach<\/li>\n<li data-start=\"896\" data-end=\"960\">Oiri\u00fanach do chait de gach aois (\u00f3 thart ar 6 mh\u00ed)<\/li>\n<\/ul>\n","protected":false},"excerpt":{"rendered":"<p>Is <strong>\u00e9 an Catnip Boomerang Buddy<\/strong> an br\u00e9ag\u00e1n deiridh do chait ghn\u00edomhacha. T\u00e1 s\u00e9 bog, l\u00e1idir, agus pac\u00e1ilte le catnip pr\u00e9imhe le haghaidh spraoi gan deireadh! <\/p>\n","protected":false},"featured_media":9693,"comment_status":"open","ping_status":"closed","template":"","meta":[],"product_brand":[],"product_cat":[5044,5043,5061],"product_tag":[],"merken":[],"class_list":{"0":"post-9692","1":"product","2":"type-product","3":"status-publish","4":"has-post-thumbnail","6":"product_cat-breagain-inbhuanaithe-2","7":"product_cat-cat","8":"product_cat-siopa-peatai","9":"infinite-scroll-item","10":"sales-flash-overlay","11":"woocommerce-text-align-center","12":"woocommerce-image-align-center","13":"do-quantity-buttons","15":"first","16":"instock","17":"sold-individually","18":"taxable","19":"shipping-taxable","20":"purchasable","21":"product-type-simple"},"_links":{"self":[{"href":"https:\/\/www.ngdcare.nl\/ga\/wp-json\/wp\/v2\/product\/9692","targetHints":{"allow":["GET"]}}],"collection":[{"href":"https:\/\/www.ngdcare.nl\/ga\/wp-json\/wp\/v2\/product"}],"about":[{"href":"https:\/\/www.ngdcare.nl\/ga\/wp-json\/wp\/v2\/types\/product"}],"replies":[{"embeddable":true,"href":"https:\/\/www.ngdcare.nl\/ga\/wp-json\/wp\/v2\/comments?post=9692"}],"wp:featuredmedia":[{"embeddable":true,"href":"https:\/\/www.ngdcare.nl\/ga\/wp-json\/wp\/v2\/media\/9693"}],"wp:attachment":[{"href":"https:\/\/www.ngdcare.nl\/ga\/wp-json\/wp\/v2\/media?parent=9692"}],"wp:term":[{"taxonomy":"product_brand","embeddable":true,"href":"https:\/\/www.ngdcare.nl\/ga\/wp-json\/wp\/v2\/product_brand?post=9692"},{"taxonomy":"product_cat","embeddable":true,"href":"https:\/\/www.ngdcare.nl\/ga\/wp-json\/wp\/v2\/product_cat?post=9692"},{"taxonomy":"product_tag","embeddable":true,"href":"https:\/\/www.ngdcare.nl\/ga\/wp-json\/wp\/v2\/product_tag?post=9692"},{"taxonomy":"merken","embeddable":true,"href":"https:\/\/www.ngdcare.nl\/ga\/wp-json\/wp\/v2\/merken?post=9692"}],"curies":[{"name":"wp","href":"https:\/\/api.w.org\/{rel}","templated":true}]}}