{"id":9722,"date":"2025-11-06T13:14:23","date_gmt":"2025-11-06T12:14:23","guid":{"rendered":"https:\/\/www.ngdcare.nl\/product\/uncategorized\/turcai-triomaithe-reoite-madra-slainte-nadurtha-150-gr\/"},"modified":"2025-11-07T13:23:19","modified_gmt":"2025-11-07T12:23:19","slug":"turcai-triomaithe-reoite-madra-slainte-nadurtha-150-gr","status":"publish","type":"product","link":"https:\/\/www.ngdcare.nl\/ga\/product\/siopa-peatai\/madra\/cothu\/bia-tirim\/turcai-triomaithe-reoite-madra-slainte-nadurtha-150-gr\/","title":{"rendered":"Madra Sl\u00e1inte N\u00e1d\u00fartha reo turca\u00ed triomaithe"},"content":{"rendered":"<p data-start=\"0\" data-end=\"83\"><strong data-start=\"0\" data-end=\"81\">Madra\u00ed Sl\u00e1inte N\u00e1d\u00fartha Reo Tuirc Triomaithe \u2013 Reo Bia Amh Triomaithe  <\/strong><\/p>\n<p data-start=\"85\" data-end=\"419\">Tabhair an chuid is fearr den d\u00falra do do mhadra le <strong data-start=\"126\" data-end=\"164\">Natural Health Freeze Dried Turkey<\/strong> \u2013 b\u00e9ile \u00edon, ioml\u00e1n agus cothrom bunaithe ar turca\u00ed amh. Is \u00e9ard at\u00e1 sa bhia reoite-triomaithe ardchaighde\u00e1in seo n\u00e1 <strong data-start=\"293\" data-end=\"315\">80% feoil \u00far<\/strong> agus n\u00edl ann ach comh\u00e1bhair n\u00e1d\u00fartha, gan gr\u00e1in, l\u00edont\u00f3ir\u00ed n\u00f3 breise\u00e1in shaorga.<\/p>\n<p data-start=\"421\" data-end=\"751\">Caomhna\u00edonn an <strong data-start=\"442\" data-end=\"462\">pr\u00f3iseas reo-thriom\u00fa<\/strong> c\u00faramach an blas, an strucht\u00far agus na cothaithigh go barrmhaith \u2013 gan t\u00e9amh. Tugann s\u00e9 seo b\u00e9ile \u00e9asca d\u00edle\u00e1ite, saibhir i bpr\u00f3it\u00e9in do do mhadra at\u00e1 l\u00e1n d&#8217;aim\u00ednaig\u00e9id riachtanacha, eins\u00edm\u00ed agus saillte sl\u00e1inti\u00fala. Oiri\u00fanach mar bhia laeth\u00fail, mar bharr thar fheoil \u00far n\u00f3 mar shneaiceanna sl\u00e1inti\u00fail ar an dul.<\/p>\n<p data-start=\"753\" data-end=\"773\"><strong data-start=\"753\" data-end=\"771\">Air\u00edonna:<\/strong><\/p>\n<ul>\n<li data-start=\"776\" data-end=\"842\">80% feoil turca\u00ed \u00far \u2013 saibhir i bpr\u00f3it\u00e9in ainmhithe ardchaighde\u00e1in<\/li>\n<li data-start=\"845\" data-end=\"909\">Reo-triomaithe \u2013 luach cothaitheach n\u00e1d\u00fartha agus blas n\u00e1d\u00fartha a chaomhn\u00fa<\/li>\n<li data-start=\"912\" data-end=\"983\">100% n\u00e1d\u00fartha \u2013 gan aon ghr\u00e1in, l\u00edont\u00f3ir\u00ed n\u00f3 breise\u00e1in shaorga<\/li>\n<li data-start=\"986\" data-end=\"1023\">Seilfr\u00e9 fada gan leasaithigh<\/li>\n<li data-start=\"1026\" data-end=\"1077\">Oiri\u00fanach do sa bhaile, ar an dul n\u00f3 mar snack cothaitheach<\/li>\n<\/ul>\n<p data-start=\"1079\" data-end=\"1210\"><strong data-start=\"1079\" data-end=\"1098\">Moladh beathaithe:<\/strong><br data-start=\"1098\" data-end=\"1101\">Beathaigh thart ar <strong data-start=\"1110\" data-end=\"1148\">1% de mhe\u00e1chan coirp in aghaidh an lae<\/strong>. F\u00e9ach an sceideal beathaithe sna h\u00edomh\u00e1nna le haghaidh treoirl\u00edne.<\/p>\n<p data-start=\"1941\" data-end=\"2062\">\n","protected":false},"excerpt":{"rendered":"<p><strong>Cuireann Natural Health Freeze Triomaithe Tuirc<\/strong> coth\u00fa \u00edon, amh ar f\u00e1il i bhfoirm \u00e9asca. T\u00e1 s\u00e9 cothaitheach, \u00e9asca le d\u00edle\u00e1 agus foirfe do lovers madra\u00ed comhfhiosacha. <\/p>\n","protected":false},"featured_media":10094,"comment_status":"open","ping_status":"closed","template":"","meta":[],"product_brand":[],"product_cat":[5110,5109,5060,5137,5061],"product_tag":[],"merken":[],"class_list":{"0":"post-9722","1":"product","2":"type-product","3":"status-publish","4":"has-post-thumbnail","6":"product_cat-bia-tirim","7":"product_cat-cothu","8":"product_cat-madra","9":"product_cat-puzal-beathaithe-matai-lick-agus-matai-sniffing","10":"product_cat-siopa-peatai","11":"infinite-scroll-item","12":"sales-flash-overlay","13":"woocommerce-text-align-center","14":"woocommerce-image-align-center","15":"do-quantity-buttons","17":"first","18":"instock","19":"sold-individually","20":"taxable","21":"shipping-taxable","22":"purchasable","23":"product-type-variable"},"_links":{"self":[{"href":"https:\/\/www.ngdcare.nl\/ga\/wp-json\/wp\/v2\/product\/9722","targetHints":{"allow":["GET"]}}],"collection":[{"href":"https:\/\/www.ngdcare.nl\/ga\/wp-json\/wp\/v2\/product"}],"about":[{"href":"https:\/\/www.ngdcare.nl\/ga\/wp-json\/wp\/v2\/types\/product"}],"replies":[{"embeddable":true,"href":"https:\/\/www.ngdcare.nl\/ga\/wp-json\/wp\/v2\/comments?post=9722"}],"wp:featuredmedia":[{"embeddable":true,"href":"https:\/\/www.ngdcare.nl\/ga\/wp-json\/wp\/v2\/media\/10094"}],"wp:attachment":[{"href":"https:\/\/www.ngdcare.nl\/ga\/wp-json\/wp\/v2\/media?parent=9722"}],"wp:term":[{"taxonomy":"product_brand","embeddable":true,"href":"https:\/\/www.ngdcare.nl\/ga\/wp-json\/wp\/v2\/product_brand?post=9722"},{"taxonomy":"product_cat","embeddable":true,"href":"https:\/\/www.ngdcare.nl\/ga\/wp-json\/wp\/v2\/product_cat?post=9722"},{"taxonomy":"product_tag","embeddable":true,"href":"https:\/\/www.ngdcare.nl\/ga\/wp-json\/wp\/v2\/product_tag?post=9722"},{"taxonomy":"merken","embeddable":true,"href":"https:\/\/www.ngdcare.nl\/ga\/wp-json\/wp\/v2\/merken?post=9722"}],"curies":[{"name":"wp","href":"https:\/\/api.w.org\/{rel}","templated":true}]}}