{"id":9802,"date":"2025-11-06T19:17:49","date_gmt":"2025-11-06T18:17:49","guid":{"rendered":"https:\/\/www.ngdcare.nl\/product\/uncategorized\/fabraic-cnaib-le-cleiti-breagan-kicker-le-catnip\/"},"modified":"2025-11-06T19:20:47","modified_gmt":"2025-11-06T18:20:47","slug":"fabraic-cnaib-le-cleiti-breagan-kicker-le-catnip","status":"publish","type":"product","link":"https:\/\/www.ngdcare.nl\/ga\/product\/siopa-peatai\/cat\/fabraic-cnaib-le-cleiti-breagan-kicker-le-catnip\/","title":{"rendered":"Fabraic cn\u00e1ib le cleit\u00ed Br\u00e9ag\u00e1n kicker le catnip"},"content":{"rendered":"<p data-start=\"92\" data-end=\"401\">Tabhair beocht do instinct seilge do chait leis an <strong data-start=\"146\" data-end=\"197\">Br\u00e9ag\u00e1n Kicker Cat l\u00e1mhdh\u00e9anta seo d\u00e9anta as cn\u00e1ib agus cleit\u00ed<\/strong>. M\u00fanlaithe go foirfe do chait fhuinni\u00fail ar bre\u00e1 leo cice\u00e1il, wrestle agus imirt. Spreagann na cleit\u00ed n\u00e1d\u00fartha na c\u00e9adfa\u00ed agus d\u00e9anann gach l\u00e9im mion-luamh \u2013 go l\u00e9ir i gcompord do bhaile.  <\/p>\n<p data-start=\"403\" data-end=\"705\">T\u00e1 an cruth c\u00fais\u00edn bog d\u00e9anta as <strong data-start=\"439\" data-end=\"458\">fabraic cn\u00e1ib 100%,<\/strong> l\u00edonta le <strong data-start=\"471\" data-end=\"490\">olann n\u00e1d\u00fartha<\/strong>, agus cr\u00edochnaithe le <strong data-start=\"509\" data-end=\"543\">cleit\u00ed \u00f3 fheirm \u00e1iti\u00fail<\/strong>. T\u00e1 na cleit\u00ed ceangailte go n\u00e1d\u00fartha le <strong data-start=\"594\" data-end=\"626\">c\u00e9ir bheach a fhaightear go h\u00e1iti\u00fail<\/strong>, mar sin fanann gach rud go daingean ina \u00e1it \u2013 go hioml\u00e1n <strong data-start=\"675\" data-end=\"702\">saor \u00f3 phlaisteach agus inbhuanaithe<\/strong>. <\/p>\n<p data-start=\"707\" data-end=\"800\">T\u00e1 s\u00e9 l\u00edonta le <strong data-start=\"749\" data-end=\"773\">catnip (catnip)<\/strong> le haghaidh spraoi breise.<\/p>\n<p data-start=\"802\" data-end=\"822\"><strong data-start=\"802\" data-end=\"820\">Air\u00edonna:<\/strong><\/p>\n<ul>\n<li data-start=\"825\" data-end=\"875\">L\u00e1mhdh\u00e9anta \u00f3 \u00e1bhair inbhuanaithe, n\u00e1d\u00fartha<\/li>\n<li data-start=\"878\" data-end=\"919\">100% saor \u00f3 phlaisteach \u2013 lena n-\u00e1ir\u00edtear pac\u00e1isti\u00fa<\/li>\n<li data-start=\"922\" data-end=\"973\">Le cleit\u00ed \u00e1iti\u00fala agus c\u00e9ir bheach \u00f3 th\u00e1irgeadh beag<\/li>\n<li data-start=\"976\" data-end=\"1034\">Le catnip (catnip) le haghaidh spreagadh breise<\/li>\n<li data-start=\"1037\" data-end=\"1087\">L\u00e1idir, s\u00e1bh\u00e1ilte agus in-bhithmhillte go hioml\u00e1n<\/li>\n<\/ul>\n<p data-start=\"1089\" data-end=\"1106\"><strong data-start=\"1089\" data-end=\"1104\">Tois\u00ed:<\/strong><\/p>\n<ul>\n<li data-start=\"1109\" data-end=\"1128\">C\u00fais\u00edn: 25 \u00d7 5 cm<\/li>\n<li data-start=\"1131\" data-end=\"1190\">Sprionga\u00ed: measc\u00e1n de thart ar 10 bp\u00edosa i bhfaid agus dathanna \u00e9ags\u00fala<\/li>\n<\/ul>\n","protected":false},"excerpt":{"rendered":"<p><strong>Is \u00e9 an Br\u00e9ag\u00e1n Kicker Cat Cn\u00e1ib &amp; Cleit\u00ed N\u00e1d\u00fartha<\/strong> an \u00e9icea-bhr\u00e9ag\u00e1n deiridh do chait ghn\u00edomhacha! T\u00e1 s\u00e9 n\u00e1d\u00fartha, l\u00e1idir agus dhochoiscthe ag baint leis d&#8217;aon sealgaire beag. <\/p>\n","protected":false},"featured_media":9803,"comment_status":"open","ping_status":"closed","template":"","meta":[],"product_brand":[],"product_cat":[5044,5043],"product_tag":[],"merken":[],"class_list":{"0":"post-9802","1":"product","2":"type-product","3":"status-publish","4":"has-post-thumbnail","6":"product_cat-breagain-inbhuanaithe-2","7":"product_cat-cat","8":"infinite-scroll-item","9":"sales-flash-overlay","10":"woocommerce-text-align-center","11":"woocommerce-image-align-center","12":"do-quantity-buttons","14":"first","15":"instock","16":"sold-individually","17":"taxable","18":"shipping-taxable","19":"purchasable","20":"product-type-simple"},"_links":{"self":[{"href":"https:\/\/www.ngdcare.nl\/ga\/wp-json\/wp\/v2\/product\/9802","targetHints":{"allow":["GET"]}}],"collection":[{"href":"https:\/\/www.ngdcare.nl\/ga\/wp-json\/wp\/v2\/product"}],"about":[{"href":"https:\/\/www.ngdcare.nl\/ga\/wp-json\/wp\/v2\/types\/product"}],"replies":[{"embeddable":true,"href":"https:\/\/www.ngdcare.nl\/ga\/wp-json\/wp\/v2\/comments?post=9802"}],"wp:featuredmedia":[{"embeddable":true,"href":"https:\/\/www.ngdcare.nl\/ga\/wp-json\/wp\/v2\/media\/9803"}],"wp:attachment":[{"href":"https:\/\/www.ngdcare.nl\/ga\/wp-json\/wp\/v2\/media?parent=9802"}],"wp:term":[{"taxonomy":"product_brand","embeddable":true,"href":"https:\/\/www.ngdcare.nl\/ga\/wp-json\/wp\/v2\/product_brand?post=9802"},{"taxonomy":"product_cat","embeddable":true,"href":"https:\/\/www.ngdcare.nl\/ga\/wp-json\/wp\/v2\/product_cat?post=9802"},{"taxonomy":"product_tag","embeddable":true,"href":"https:\/\/www.ngdcare.nl\/ga\/wp-json\/wp\/v2\/product_tag?post=9802"},{"taxonomy":"merken","embeddable":true,"href":"https:\/\/www.ngdcare.nl\/ga\/wp-json\/wp\/v2\/merken?post=9802"}],"curies":[{"name":"wp","href":"https:\/\/api.w.org\/{rel}","templated":true}]}}