{"id":10315,"date":"2025-11-16T11:49:18","date_gmt":"2025-11-16T10:49:18","guid":{"rendered":"https:\/\/www.ngdcare.nl\/?post_type=product&#038;p=10315"},"modified":"2025-11-24T13:07:50","modified_gmt":"2025-11-24T12:07:50","slug":"curcumina-liposomiale-estratto-di-curcumina-liposomiale-kopie","status":"publish","type":"product","link":"https:\/\/www.ngdcare.nl\/it\/product\/salute-umana\/integratori-alimentari\/curcumina-liposomiale-estratto-di-curcumina-liposomiale-kopie\/","title":{"rendered":"Estratto liposomale di curcumina"},"content":{"rendered":"<p style=\"font-weight: 400;\">La curcumina \u00e8 uno dei fitonutrienti meglio studiati e ha un ampio effetto sullo stress ossidativo, sulle vie infiammatorie e sui processi di riparazione. Tuttavia, la curcumina standard quasi non viene assorbita, richiedendo dosi elevate che possono mettere a dura prova il tratto gastrointestinale. <strong>NGD Care La<\/strong> <strong>curcumina liposomale<\/strong> della salute umana contiene la Curcumina C3 pi\u00f9 documentata ed \u00e8 confezionata in fosfolipidi, rendendola molto pi\u00f9 assorbibile e meno soggetta al degrado.  <\/p>\n<p style=\"font-weight: 400;\">Questa forma avanzata supporta il comfort articolare, la funzione epatica, l&#8217;equilibrio immunitario e la protezione dai radicali liberi. Agisce su pi\u00f9 livelli, tra cui NF-\u03baB, inflammasomi e vie antiossidanti come Nrf2. Questo lo rende un&#8217;ottima soluzione per stress, sensibilit\u00e0 al dolore, disturbi digestivi e recupero dopo stress fisico o mentale intenso.  <\/p>\n<p style=\"font-weight: 400;\">La curcumina liposomale \u00e8 delicata per lo stomaco e adatta all&#8217;uso quotidiano. Grazie alla migliorata biodisponibilit\u00e0, sono necessarie dosi pi\u00f9 basse, il che aumenta la tolleranza e rende il prodotto ideale sia per applicazioni preventive che terapeutiche. <\/p>\n","protected":false},"excerpt":{"rendered":"<p>La curcumina liposomale fornisce una forma potente e altamente assorbibile di curcuminidi per sostenere l&#8217;infiammazione, l&#8217;equilibrio e la protezione cellulare.<\/p>\n<p>&nbsp;<\/p>\n<p>&nbsp;<\/p>\n<p>&nbsp;<\/p>\n<p>&nbsp;<\/p>\n","protected":false},"featured_media":10968,"comment_status":"open","ping_status":"closed","template":"","meta":{"wds_primary_product_brand":0,"wds_primary_product_cat":20,"wds_primary_merken":0},"product_brand":[],"product_cat":[5357],"product_tag":[2282,2629,2286,2394,5360,2993,2036,5359,2459],"merken":[2756],"class_list":{"0":"post-10315","1":"product","2":"type-product","3":"status-publish","4":"has-post-thumbnail","6":"product_cat-integratori-alimentari","7":"product_tag-antiossidante","8":"product_tag-cura-ngd","9":"product_tag-curcumina-it","10":"product_tag-giunture","11":"product_tag-immunita","12":"product_tag-infiammazione","13":"product_tag-liposomiale","14":"product_tag-ngd-cura-salute-umana","15":"product_tag-riparare","16":"merken-ngdcare","17":"infinite-scroll-item","18":"sales-flash-overlay","19":"woocommerce-text-align-center","20":"woocommerce-image-align-center","21":"do-quantity-buttons","23":"first","24":"instock","25":"taxable","26":"shipping-taxable","27":"purchasable","28":"product-type-simple"},"_links":{"self":[{"href":"https:\/\/www.ngdcare.nl\/it\/wp-json\/wp\/v2\/product\/10315","targetHints":{"allow":["GET"]}}],"collection":[{"href":"https:\/\/www.ngdcare.nl\/it\/wp-json\/wp\/v2\/product"}],"about":[{"href":"https:\/\/www.ngdcare.nl\/it\/wp-json\/wp\/v2\/types\/product"}],"replies":[{"embeddable":true,"href":"https:\/\/www.ngdcare.nl\/it\/wp-json\/wp\/v2\/comments?post=10315"}],"wp:featuredmedia":[{"embeddable":true,"href":"https:\/\/www.ngdcare.nl\/it\/wp-json\/wp\/v2\/media\/10968"}],"wp:attachment":[{"href":"https:\/\/www.ngdcare.nl\/it\/wp-json\/wp\/v2\/media?parent=10315"}],"wp:term":[{"taxonomy":"product_brand","embeddable":true,"href":"https:\/\/www.ngdcare.nl\/it\/wp-json\/wp\/v2\/product_brand?post=10315"},{"taxonomy":"product_cat","embeddable":true,"href":"https:\/\/www.ngdcare.nl\/it\/wp-json\/wp\/v2\/product_cat?post=10315"},{"taxonomy":"product_tag","embeddable":true,"href":"https:\/\/www.ngdcare.nl\/it\/wp-json\/wp\/v2\/product_tag?post=10315"},{"taxonomy":"merken","embeddable":true,"href":"https:\/\/www.ngdcare.nl\/it\/wp-json\/wp\/v2\/merken?post=10315"}],"curies":[{"name":"wp","href":"https:\/\/api.w.org\/{rel}","templated":true}]}}