{"id":10407,"date":"2025-11-16T14:15:46","date_gmt":"2025-11-16T13:15:46","guid":{"rendered":"https:\/\/www.ngdcare.nl\/?post_type=product&#038;p=10407"},"modified":"2025-11-24T13:24:55","modified_gmt":"2025-11-24T12:24:55","slug":"mix-di-funghi-liposomiali-1-complesso-mico-immunitario-liposomiale-kopie","status":"publish","type":"product","link":"https:\/\/www.ngdcare.nl\/it\/product\/salute-umana\/integratori-alimentari\/mix-di-funghi-liposomiali-1-complesso-mico-immunitario-liposomiale-kopie\/","title":{"rendered":"Complesso immunitario micosomale liposomale"},"content":{"rendered":"<p><strong><span style=\"font-weight: 400;\">NGD Care \u2013 <strong>Il <\/strong><\/span>complesso immunitario liposomale mico <\/strong>\u00e8 una potente miscela di quattro funghi medicinali: <strong style=\"font-weight: 400;\">Agaricus blazei Murill, Maitake (Grifola frondosa), Shiitake (Lentinula edodes)<\/strong> e <strong style=\"font-weight: 400;\">Coriolus versicolor (Coda di tacchino).<\/strong> Questi funghi hanno una lunga tradizione nella fitoterapia e una crescente base scientifica. I loro principali componenti attivi sono polisaccaridi e \u03b2-glucani che modulano il sistema immunitario innato e adattativo tramite recettori come Dectin-1, TLR e vie del complemento. Formulandoli liposomali, gli estratti vengono meglio protetti e assorbiti, cosa particolarmente importante per le persone con un sistema digestivo fragile.   <\/p>\n<p>Il Myco Immune Complex supporta una risposta immunitaria equilibrata: pu\u00f2 modulare sia risposte immunitarie ipoattive che iperattive, ed \u00e8 quindi spesso utilizzato per <strong>ridurre la resistenza, recuperare dopo una malattia, aumentare la suscettibilit\u00e0 alle infezioni <\/strong>e come componente di supporto nelle<strong> traiettorie oncologiche o croniche<\/strong> (sempre in consultazione con il professionista). Inoltre, i funghi contribuiscono alla vitalit\u00e0, alla protezione antiossidante e al supporto della funzionalit\u00e0 epatica e intestinale. <\/p>\n<p>Combinando diversi funghi, si raggruppano diversi meccanismi d&#8217;azione, risultando in un ampio, ma allo stesso tempo relativamente lieve e fisiologico supporto del sistema immunitario. La matrice liposomale rende questa formula adatta all&#8217;uso a lungo termine e per pazienti sensibili che sono meno tollerati da dosi elevate di prodotti a base di funghi crudi. <\/p>\n<p data-start=\"14463\" data-end=\"14479\">\n","protected":false},"excerpt":{"rendered":"<p class=\"p3\">Il Complesso Immunitario Micosomale Liposomale combina quattro funghi medicinali per supportare il sistema immunitario, il recupero e la vitalit\u00e0. La forma liposomale aumenta l&#8217;assorbimento e la biodisponibilit\u00e0. <\/p>\n","protected":false},"featured_media":11001,"comment_status":"open","ping_status":"closed","template":"","meta":{"wds_primary_product_brand":0,"wds_primary_product_cat":21,"wds_primary_merken":0},"product_brand":[],"product_cat":[5357],"product_tag":[2276,5588,2278,2629,2036,2277,5586,5587,5359,2275,1865],"merken":[],"class_list":{"0":"post-10407","1":"product","2":"type-product","3":"status-publish","4":"has-post-thumbnail","6":"product_cat-integratori-alimentari","7":"product_tag-agaricus-it","8":"product_tag-beta-glucani","9":"product_tag-coriolus-it","10":"product_tag-cura-ngd","11":"product_tag-liposomiale","12":"product_tag-maitake-it","13":"product_tag-miscela-di-funghi","14":"product_tag-myco-immune","15":"product_tag-ngd-cura-salute-umana","16":"product_tag-shiitake-it","17":"product_tag-sistema-immunitario","18":"infinite-scroll-item","19":"sales-flash-overlay","20":"woocommerce-text-align-center","21":"woocommerce-image-align-center","22":"do-quantity-buttons","24":"first","25":"instock","26":"featured","27":"taxable","28":"shipping-taxable","29":"purchasable","30":"product-type-simple"},"_links":{"self":[{"href":"https:\/\/www.ngdcare.nl\/it\/wp-json\/wp\/v2\/product\/10407","targetHints":{"allow":["GET"]}}],"collection":[{"href":"https:\/\/www.ngdcare.nl\/it\/wp-json\/wp\/v2\/product"}],"about":[{"href":"https:\/\/www.ngdcare.nl\/it\/wp-json\/wp\/v2\/types\/product"}],"replies":[{"embeddable":true,"href":"https:\/\/www.ngdcare.nl\/it\/wp-json\/wp\/v2\/comments?post=10407"}],"wp:featuredmedia":[{"embeddable":true,"href":"https:\/\/www.ngdcare.nl\/it\/wp-json\/wp\/v2\/media\/11001"}],"wp:attachment":[{"href":"https:\/\/www.ngdcare.nl\/it\/wp-json\/wp\/v2\/media?parent=10407"}],"wp:term":[{"taxonomy":"product_brand","embeddable":true,"href":"https:\/\/www.ngdcare.nl\/it\/wp-json\/wp\/v2\/product_brand?post=10407"},{"taxonomy":"product_cat","embeddable":true,"href":"https:\/\/www.ngdcare.nl\/it\/wp-json\/wp\/v2\/product_cat?post=10407"},{"taxonomy":"product_tag","embeddable":true,"href":"https:\/\/www.ngdcare.nl\/it\/wp-json\/wp\/v2\/product_tag?post=10407"},{"taxonomy":"merken","embeddable":true,"href":"https:\/\/www.ngdcare.nl\/it\/wp-json\/wp\/v2\/merken?post=10407"}],"curies":[{"name":"wp","href":"https:\/\/api.w.org\/{rel}","templated":true}]}}