{"id":10468,"date":"2025-11-16T15:11:48","date_gmt":"2025-11-16T14:11:48","guid":{"rendered":"https:\/\/www.ngdcare.nl\/?post_type=product&#038;p=10468"},"modified":"2025-11-24T12:41:44","modified_gmt":"2025-11-24T11:41:44","slug":"liposomale-vitamina-c-vitamina-c-liposomiale-kopie","status":"publish","type":"product","link":"https:\/\/www.ngdcare.nl\/it\/product\/integratori-alimentari\/liposomale-vitamina-c-vitamina-c-liposomiale-kopie\/","title":{"rendered":"Vitamina C liposomale"},"content":{"rendered":"<p style=\"font-weight: 400;\"><strong>La vitamina C<\/strong> \u00e8 un antiossidante essenziale che svolge un ruolo importante nel <strong>sistema immunitario<\/strong>, <strong>nella produzione di collagene<\/strong>, nel <strong>metabolismo energetico<\/strong> e <strong>nella protezione dallo stress ossidativo<\/strong>. La maggior parte delle forme di vitamina C si degrada rapidamente nel tratto gastrointestinale, limitando l&#8217;assorbimento e potendo causare fastidi addominali a dosi elevate. NGD Care quindi utilizza una forma liposomale, in cui la vitamina C \u00e8 racchiusa nei fosfolipidi. Di conseguenza, viene assorbita pi\u00f9 direttamente attraverso la linfa ed \u00e8 meglio tollerata dagli intestini sensibili.   <\/p>\n<p style=\"font-weight: 400;\">La vitamina C liposomale supporta il sistema immunitario sia in situazioni acute che preventive. Grazie all&#8217;elevata assorbimento, raggiunge pi\u00f9 rapidamente le cellule che dipendono da un sufficiente ascorbato, come le cellule immunitarie, le cellule epatiche, i fibroblasti e il tessuto cerebrale. La vitamina C \u00e8 inoltre necessaria per la sintesi del collagene, che contribuisce alla riparazione della pelle, alla solidit\u00e0 della parete vascolare e alla salute del tessuto connettivo.  <\/p>\n<p style=\"font-weight: 400;\">Poich\u00e9 la vitamina C \u00e8 coinvolta in centinaia di processi biochimici, la richiesta di ascorbato \u00e8 particolarmente alta durante stress, infezioni, stress cronico o periodi di recupero. La forma liposomale consente di raggiungere un&#8217;elevata biodisponibilit\u00e0 con dosi basse o moderate, senza il rischio di disturbi gastrointestinali che si verificano con la vitamina C ordinaria. Questo integratore pu\u00f2 essere usato in sicurezza quotidianamente e si inserisce perfettamente nei protocolli integrativi.  <\/p>\n","protected":false},"excerpt":{"rendered":"<p style=\"font-weight: 400;\">La vitamina C liposomale di NGD Care offre un&#8217;assorbimento molto elevata, supporta il sistema immunitario, aiuta a ridurre lo stress ossidativo e favorisce la produzione di collagene. Delicato per lo stomaco e l&#8217;intestino. <\/p>\n","protected":false},"featured_media":10912,"comment_status":"open","ping_status":"closed","template":"","meta":[],"product_brand":[],"product_cat":[5357],"product_tag":[2282,3973,2629,5360,5404,2036,5359,5405,5406],"merken":[],"class_list":{"0":"post-10468","1":"product","2":"type-product","3":"status-publish","4":"has-post-thumbnail","6":"product_cat-integratori-alimentari","7":"product_tag-antiossidante","8":"product_tag-collagene-it","9":"product_tag-cura-ngd","10":"product_tag-immunita","11":"product_tag-integratori-umani","12":"product_tag-liposomiale","13":"product_tag-ngd-cura-salute-umana","14":"product_tag-stress-ossidativo","15":"product_tag-vitamina-c","16":"infinite-scroll-item","17":"sales-flash-overlay","18":"woocommerce-text-align-center","19":"woocommerce-image-align-center","20":"do-quantity-buttons","22":"first","23":"instock","24":"taxable","25":"shipping-taxable","26":"purchasable","27":"product-type-simple"},"_links":{"self":[{"href":"https:\/\/www.ngdcare.nl\/it\/wp-json\/wp\/v2\/product\/10468","targetHints":{"allow":["GET"]}}],"collection":[{"href":"https:\/\/www.ngdcare.nl\/it\/wp-json\/wp\/v2\/product"}],"about":[{"href":"https:\/\/www.ngdcare.nl\/it\/wp-json\/wp\/v2\/types\/product"}],"replies":[{"embeddable":true,"href":"https:\/\/www.ngdcare.nl\/it\/wp-json\/wp\/v2\/comments?post=10468"}],"wp:featuredmedia":[{"embeddable":true,"href":"https:\/\/www.ngdcare.nl\/it\/wp-json\/wp\/v2\/media\/10912"}],"wp:attachment":[{"href":"https:\/\/www.ngdcare.nl\/it\/wp-json\/wp\/v2\/media?parent=10468"}],"wp:term":[{"taxonomy":"product_brand","embeddable":true,"href":"https:\/\/www.ngdcare.nl\/it\/wp-json\/wp\/v2\/product_brand?post=10468"},{"taxonomy":"product_cat","embeddable":true,"href":"https:\/\/www.ngdcare.nl\/it\/wp-json\/wp\/v2\/product_cat?post=10468"},{"taxonomy":"product_tag","embeddable":true,"href":"https:\/\/www.ngdcare.nl\/it\/wp-json\/wp\/v2\/product_tag?post=10468"},{"taxonomy":"merken","embeddable":true,"href":"https:\/\/www.ngdcare.nl\/it\/wp-json\/wp\/v2\/merken?post=10468"}],"curies":[{"name":"wp","href":"https:\/\/api.w.org\/{rel}","templated":true}]}}