{"id":10550,"date":"2025-11-16T22:09:48","date_gmt":"2025-11-16T21:09:48","guid":{"rendered":"https:\/\/www.ngdcare.nl\/?post_type=product&#038;p=10550"},"modified":"2025-11-24T14:46:20","modified_gmt":"2025-11-24T13:46:20","slug":"enzyme-mix-2-detergente-per-biofilm-kopie","status":"publish","type":"product","link":"https:\/\/www.ngdcare.nl\/it\/product\/salute-umana\/integratori-alimentari\/enzyme-mix-2-detergente-per-biofilm-kopie\/","title":{"rendered":"Bilanciamento del biofilm"},"content":{"rendered":"<p data-start=\"15990\" data-end=\"17309\"><strong>NGD Care Biofilm Balance<\/strong> \u00e8 un complesso enzimatico sviluppato per disturbare i biofilm patogeni nel tratto gastrointestinale in modo mirato. Un biofilm maturo \u00e8 costituito da una matrice protettiva di polisaccaridi, proteine, lipidi, mucine e DNA microbico. Questa matrice rende batteri, lieviti e strutture parassite meno sensibili alle cellule immunitarie, all&#8217;ossigeno, alle fluttuazioni del pH e agli interventi antimicrobici. La combinazione di enzimi nel Biofilm Balance \u00e8 specificamente pensata per rompere questi strati della matrice, cos\u00ec che i microrganismi patogeni diventino pi\u00f9 accessibili al sistema immunitario e a terapie aggiuntive.   <\/p>\n<p data-start=\"1314\" data-end=\"1915\">La formula contiene <strong>amilasi<\/strong> e altri enzimi polisaccaridici per scomporre la matrice di zucchero extracellulare (EPS). <strong>La proteasi<\/strong> prende di mira le strutture proteiche, incluse lectine e proteine di adesione che i batteri necessitano per attaccarsi alla mucosa intestinale. <strong>La lipasi<\/strong> supporta la dissoluzione dei componenti ricchi di grasso del biofilm, che forniscono tra le altre cose le propriet\u00e0 idrorepellenti e protettive della matrice.<\/p>\n<p data-start=\"1917\" data-end=\"2469\"><strong>La N-acetilcisteina<\/strong> (NAC) potenzia questo processo allentando i legami disolfuro nello strato muco e nelle strutture del biofilm, rendendo la matrice meno viscosa e permettendo agli enzimi di penetrare meglio. Il NAC ha anche un effetto antiossidante e mucolitico ed \u00e8 descritto in letteratura come una delle sostanze pi\u00f9 efficaci contro i biofilm batterici e fungini, specialmente in combinazione con le proteasi. La combinazione di attivit\u00e0 enzimatica e NAC crea un <strong data-start=\"2378\" data-end=\"2406\">attacco multidimensionale<\/strong> sui biofilm: meccanicamente, enzimaticamente, chimicamente e strutturalmente.  <\/p>\n<p data-start=\"2471\" data-end=\"3056\">Biofilm Balance \u00e8 pensato come supporto specializzato all&#8217;interno delle traiettorie intestinali integrative, ad esempio in caso di disbiosi persistente, infezioni ricorrenti, infiammazione di basso grado, lamentele simili a SIBO o stagnazione del progresso nelle fasi 1 e 2 di un protocollo intestinale. Poich\u00e9 la degradazione dei biofilm pu\u00f2 stimolare temporaneamente la disintossicazione e l&#8217;attivazione immunitaria, questo prodotto viene tipicamente utilizzato in dosaggi accuratamente costruite. La sinergia degli enzimi con la NAC rende questa formula potente, ma anche ben controllabile e adatta alla guida terapeutica nella pratica umana.  <\/p>\n","protected":false},"excerpt":{"rendered":"<p class=\"p3\">Biofilm Balance \u00e8 un complesso enzimatico intensivo con amilasi, proteasi, lipasi e NAC. Sviluppato specificamente per degradare i biofilm patogeni nel tratto gastrointestinale e supportare la riparazione del microbioma. <\/p>\n","protected":false},"featured_media":11057,"comment_status":"open","ping_status":"closed","template":"","meta":{"wds_primary_product_brand":0,"wds_primary_product_cat":16,"wds_primary_merken":0},"product_brand":[],"product_cat":[5357],"product_tag":[4112,2282,2629,2295,4117,2693,4120,4119,4118,4114,4084,4116,4505,5404,4111,5680,4110,3027,5359,5683,4113,2294,4115,1869,1865,5682],"merken":[2756],"class_list":{"0":"post-10550","1":"product","2":"type-product","3":"status-publish","4":"has-post-thumbnail","6":"product_cat-integratori-alimentari","7":"product_tag-amilasi","8":"product_tag-antiossidante","9":"product_tag-cura-ngd","10":"product_tag-detox-it","11":"product_tag-di-digestione-delle-proteine","12":"product_tag-digestione","13":"product_tag-digestione-it","14":"product_tag-digestione-dei-carboidrati","15":"product_tag-digestione-dei-grassi","16":"product_tag-disintossicazione","17":"product_tag-enzimi","18":"product_tag-enzimi-digestivi","19":"product_tag-enzimi-digestivi-it","20":"product_tag-integratori-umani","21":"product_tag-lipasi","22":"product_tag-miscela-di-enzimi-2","23":"product_tag-n-acetilcisteina","24":"product_tag-nac-it","25":"product_tag-ngd-cura-salute-umana","26":"product_tag-pasti-abbondanti","27":"product_tag-proteasi","28":"product_tag-protezione-cellulare","29":"product_tag-protezione-del-fegato","30":"product_tag-salute-dellintestino","31":"product_tag-sistema-immunitario","32":"product_tag-supporto-al-pancreas","33":"merken-ngdcare","34":"infinite-scroll-item","35":"sales-flash-overlay","36":"woocommerce-text-align-center","37":"woocommerce-image-align-center","38":"do-quantity-buttons","40":"first","41":"instock","42":"taxable","43":"shipping-taxable","44":"purchasable","45":"product-type-simple"},"_links":{"self":[{"href":"https:\/\/www.ngdcare.nl\/it\/wp-json\/wp\/v2\/product\/10550","targetHints":{"allow":["GET"]}}],"collection":[{"href":"https:\/\/www.ngdcare.nl\/it\/wp-json\/wp\/v2\/product"}],"about":[{"href":"https:\/\/www.ngdcare.nl\/it\/wp-json\/wp\/v2\/types\/product"}],"replies":[{"embeddable":true,"href":"https:\/\/www.ngdcare.nl\/it\/wp-json\/wp\/v2\/comments?post=10550"}],"wp:featuredmedia":[{"embeddable":true,"href":"https:\/\/www.ngdcare.nl\/it\/wp-json\/wp\/v2\/media\/11057"}],"wp:attachment":[{"href":"https:\/\/www.ngdcare.nl\/it\/wp-json\/wp\/v2\/media?parent=10550"}],"wp:term":[{"taxonomy":"product_brand","embeddable":true,"href":"https:\/\/www.ngdcare.nl\/it\/wp-json\/wp\/v2\/product_brand?post=10550"},{"taxonomy":"product_cat","embeddable":true,"href":"https:\/\/www.ngdcare.nl\/it\/wp-json\/wp\/v2\/product_cat?post=10550"},{"taxonomy":"product_tag","embeddable":true,"href":"https:\/\/www.ngdcare.nl\/it\/wp-json\/wp\/v2\/product_tag?post=10550"},{"taxonomy":"merken","embeddable":true,"href":"https:\/\/www.ngdcare.nl\/it\/wp-json\/wp\/v2\/merken?post=10550"}],"curies":[{"name":"wp","href":"https:\/\/api.w.org\/{rel}","templated":true}]}}