{"id":10627,"date":"2025-11-17T11:38:08","date_gmt":"2025-11-17T10:38:08","guid":{"rendered":"https:\/\/www.ngdcare.nl\/?post_type=product&#038;p=10627"},"modified":"2025-11-24T15:27:15","modified_gmt":"2025-11-24T14:27:15","slug":"olio-di-cbd-liposomiale-olio-di-cbd-liposomiale-kopie","status":"publish","type":"product","link":"https:\/\/www.ngdcare.nl\/it\/product\/salute-umana\/integratori-alimentari\/olio-di-cbd-liposomiale-olio-di-cbd-liposomiale-kopie\/","title":{"rendered":"Olio di CBD liposomale"},"content":{"rendered":"<p style=\"font-weight: 400;\"><strong>Il CBD<\/strong> (cannabidiolo) \u00e8 un cannabinoide non psicoattivo che sostiene il sistema endocannabinoide (ECS), il sistema coinvolto nello stress, nell&#8217;esperienza del dolore, nell&#8217;umore, nell&#8217;equilibrio infiammatorio e nella regolazione del sonno. <strong>L&#8217;olio di CBD NGD Care<\/strong> contiene un <strong>estratto a spettro completo<\/strong> con terpeni e cannabinoidi naturali, senza intossicazione. Inoltre, dispone di un trattamento lipfacial unico che garantisce un&#8217;assorbibilit\u00e0 particolarmente elevata e stabile nel tessuto. Il CBD agisce tramite la modulazione delle vie CB1\/CB2, TRPV1, serotonina (5-HT1A) e equilibrio GABA, tra gli altri.  <\/p>\n<p style=\"font-weight: 400;\">L&#8217;olio \u00e8 adatto per stress, tensione, problemi di sonno, dolori, sensibilit\u00e0 all&#8217;infiammazione e sovrastimolazione. Se usato in modo costante, il CBD pu\u00f2 aiutare a ristabilire l&#8217;equilibrio dell&#8217;ECS, con effetti sul riposo, sulla tensione muscolare, sull&#8217;umore e sulla percezione del dolore. <\/p>\n<p style=\"font-weight: 400;\">Il prodotto \u00e8 offerto in concentrazioni moderate e facili da dosare ed \u00e8 adatto all&#8217;uso quotidiano. Contiene &lt;lo 0,05% di THC e rispetta gli standard UE. <\/p>\n","protected":false},"excerpt":{"rendered":"<div>\n<p class=\"p3\">L&#8217;olio di CBD liposomale a spettro completo supporta il rilassamento, il sistema nervoso, la regolazione del dolore e l&#8217;equilibrio dello stress tramite il sistema endocannabinoide.<\/p>\n<\/div>\n","protected":false},"featured_media":11826,"comment_status":"open","ping_status":"closed","template":"","meta":{"wds_primary_product_brand":0,"wds_primary_product_cat":187,"wds_primary_merken":0},"product_brand":[],"product_cat":[5357],"product_tag":[2288,2281,4428,2114,5759,3971,5758,5760,5761,2036,4427,5359,3110,4422,4423,4425,4426,4424,2112],"merken":[2756],"class_list":{"0":"post-10627","1":"product","2":"type-product","3":"status-publish","4":"has-post-thumbnail","6":"product_cat-integratori-alimentari","7":"product_tag-analgesico-it","8":"product_tag-antinfiammatorio","9":"product_tag-calmante-it","10":"product_tag-cancro","11":"product_tag-cannabinoidi","12":"product_tag-cbd-it","13":"product_tag-dolore","14":"product_tag-dormire","15":"product_tag-ecs","16":"product_tag-liposomiale","17":"product_tag-migliora-il-sonno","18":"product_tag-ngd-cura-salute-umana","19":"product_tag-olio-di-cbd","20":"product_tag-olio-di-cbd-a-spettro-completo","21":"product_tag-olio-di-cbd-al-4","22":"product_tag-riduce-lansia","23":"product_tag-riduce-lansia-it","24":"product_tag-riduzione-dello-stress-it","25":"product_tag-stress-it","26":"merken-ngdcare","27":"infinite-scroll-item","28":"sales-flash-overlay","29":"woocommerce-text-align-center","30":"woocommerce-image-align-center","31":"do-quantity-buttons","33":"first","34":"instock","35":"taxable","36":"shipping-taxable","37":"purchasable","38":"product-type-variable"},"_links":{"self":[{"href":"https:\/\/www.ngdcare.nl\/it\/wp-json\/wp\/v2\/product\/10627","targetHints":{"allow":["GET"]}}],"collection":[{"href":"https:\/\/www.ngdcare.nl\/it\/wp-json\/wp\/v2\/product"}],"about":[{"href":"https:\/\/www.ngdcare.nl\/it\/wp-json\/wp\/v2\/types\/product"}],"replies":[{"embeddable":true,"href":"https:\/\/www.ngdcare.nl\/it\/wp-json\/wp\/v2\/comments?post=10627"}],"wp:featuredmedia":[{"embeddable":true,"href":"https:\/\/www.ngdcare.nl\/it\/wp-json\/wp\/v2\/media\/11826"}],"wp:attachment":[{"href":"https:\/\/www.ngdcare.nl\/it\/wp-json\/wp\/v2\/media?parent=10627"}],"wp:term":[{"taxonomy":"product_brand","embeddable":true,"href":"https:\/\/www.ngdcare.nl\/it\/wp-json\/wp\/v2\/product_brand?post=10627"},{"taxonomy":"product_cat","embeddable":true,"href":"https:\/\/www.ngdcare.nl\/it\/wp-json\/wp\/v2\/product_cat?post=10627"},{"taxonomy":"product_tag","embeddable":true,"href":"https:\/\/www.ngdcare.nl\/it\/wp-json\/wp\/v2\/product_tag?post=10627"},{"taxonomy":"merken","embeddable":true,"href":"https:\/\/www.ngdcare.nl\/it\/wp-json\/wp\/v2\/merken?post=10627"}],"curies":[{"name":"wp","href":"https:\/\/api.w.org\/{rel}","templated":true}]}}