{"id":11701,"date":"2025-11-29T12:42:47","date_gmt":"2025-11-29T11:42:47","guid":{"rendered":"https:\/\/www.ngdcare.nl\/product\/senza-categoria\/coenzima-liposomale-q10\/"},"modified":"2026-04-19T22:05:58","modified_gmt":"2026-04-19T20:05:58","slug":"coenzima-liposomale-q10","status":"publish","type":"product","link":"https:\/\/www.ngdcare.nl\/it\/product\/integratori-ortomolecolari\/coenzima-liposomale-q10\/","title":{"rendered":"Coenzima liposomale Q10"},"content":{"rendered":"<div class=\"group\/line flex border-l-[3px] border-l-transparent\" data-diff-type=\"normal\" data-diff-line=\"1\">\n<div>\n<div class=\"standard-markdown grid-cols-1 grid [&amp;_&gt;_*]:min-w-0 gap-3\">\n<p class=\"font-claude-response-body break-words whitespace-normal leading-[1.7]\"><span style=\"font-size: inherit;\"><strong>NGD Care Coenzima Q10<\/strong> \u00e8 indispensabile per la produzione di ATP, l&#8217;energia di ogni cellula. Gli organi con elevato fabbisogno energetico, come cuore, cervello, fegato e muscoli, dipendono relativamente molto da una sufficiente disponibilit\u00e0 di Q10. Con l&#8217;et\u00e0, la produzione endogena diminuisce. L&#8217;uso prolungato di farmaci (come statine, FANS o prednisone), le malattie croniche, l&#8217;esercizio fisico intensivo e il carico tossico possono anch&#8217;essi abbassare il livello del Q10.   <\/span><\/p>\n<\/div>\n<\/div>\n<div>\n<div class=\"standard-markdown grid-cols-1 grid [&amp;_&gt;_*]:min-w-0 gap-3\">\n<p class=\"font-claude-response-body break-words whitespace-normal leading-[1.7]\">NGD Care sceglie consapevolmente l&#8217;ubichinone: la forma precursore stabile del coenzima Q10. L&#8217;ubiquinolo \u00e8 la forma intracellulare attiva, ma \u00e8 chimicamente meno stabile e pi\u00f9 suscettibile all&#8217;ossidazione nell&#8217;integratore stesso. L&#8217;ubichinone viene convertito in ubichinolo nella cellula tramite cofattori fisiologici, tra cui NAD+ e glutatione. La cellula regola questa conversione da sola.   <\/p>\n<\/div>\n<\/div>\n<div>\n<div class=\"standard-markdown grid-cols-1 grid [&amp;_&gt;_*]:min-w-0 gap-3\">\n<p class=\"font-claude-response-body break-words whitespace-normal leading-[1.7]\">Grazie alla formulazione liposomale, l&#8217;assorbimento \u00e8 significativamente migliore rispetto agli integratori convenzionali Q10. I dati di ricerca suggeriscono fino all&#8217;8\u00d7 una biodisponibilit\u00e0 superiore rispetto all&#8217;ubiquinone standard. I globuli di grasso proteggono il principio attivo dalla degradazione del tratto gastrointestinale e allo stesso tempo supportano la struttura della membrana cellulare.  <\/p>\n<\/div>\n<\/div>\n<div>\n<div class=\"standard-markdown grid-cols-1 grid [&amp;_&gt;_*]:min-w-0 gap-3\">\n<p class=\"font-claude-response-body break-words whitespace-normal leading-[1.7]\">Nei cani, Q10 \u00e8 stata studiata soprattutto nel contesto del supporto cardiaco. Il miocardio ha una delle densit\u00e0 mitocondriali pi\u00f9 elevate di tutti gli organi ed \u00e8 quindi fortemente dipendente da una disponibilit\u00e0 adeguata di Q10. Il coenzima Q10 \u00e8 utilizzato in cani con soffi cardiaci o problemi iniziali alla valvola mitrale (MVD) come complemento al trattamento veterinario, ma anche in animali anziani con perdita di energia, nel recupero dopo anestesia o uso prolungato di farmaci, nel recupero muscolare di cani attivi o da lavoro e nel supporto neurologico e epatico in condizioni croniche.  <\/p>\n<p>Il coenzima Q10 fa parte del <a href=\"https:\/\/www.ngdcare.nl\/it\/product\/protocolli\/protocollo-per-la-vecchiaia\/\">nostro protocollo di invecchiamento<\/a> e funziona in sinergia con <a href=\"https:\/\/www.ngdcare.nl\/it\/product\/farmacia-per-animali-naturali\/liposomiale\/nad-resveratrolo-ed-ergotioneina-supporto-liposomiale-per-la-longevita\/\">il supporto alla longevit\u00e0<\/a> (NAD+) e <a href=\"https:\/\/www.ngdcare.nl\/it\/product\/integratori-ortomolecolari\/glutatione-liposomale\/\">il glutatione<\/a>.<\/p>\n<\/div>\n<\/div>\n<div>\n<div class=\"standard-markdown grid-cols-1 grid [&amp;_&gt;_*]:min-w-0 gap-3\">\n<p class=\"font-claude-response-body break-words whitespace-normal leading-[1.7]\">Ti piacerebbe leggere di pi\u00f9 su come funziona, la letteratura e il background clinico? Poi leggi il lungo blog: <a href=\"https:\/\/www.ngdcare.nl\/it\/blog-it\/coenzima-q10-in-cani-e-gatti\/\">Coenzima Q10 in cani e gatti.<\/a> <\/p>\n<\/div>\n<\/div>\n<\/div>\n","protected":false},"excerpt":{"rendered":"<p>NGD Care Coenzima Q10 contiene 160 mg di Ubichinone liposomale e ha un&#8217;assorbimento massima. Essenziale per la produzione di energia, la salute del cuore, i mitocondri e il recupero.<\/p>\n","protected":false},"featured_media":17624,"comment_status":"open","ping_status":"closed","template":"","meta":[],"product_brand":[],"product_cat":[1850],"product_tag":[2282,1851,6158,6160,2629,2049,1853,3526,2036,6122,6126,6219],"merken":[],"class_list":{"0":"post-11701","1":"product","2":"type-product","3":"status-publish","4":"has-post-thumbnail","6":"product_cat-integratori-ortomolecolari","7":"product_tag-antiossidante","8":"product_tag-cane","9":"product_tag-coq10","10":"product_tag-cuore","11":"product_tag-cura-ngd","12":"product_tag-energia","13":"product_tag-gatto","14":"product_tag-invecchiamento","15":"product_tag-liposomiale","16":"product_tag-mitocondri-2","17":"product_tag-persona","18":"product_tag-ubiquinone","19":"infinite-scroll-item","20":"sales-flash-overlay","21":"woocommerce-text-align-center","22":"woocommerce-image-align-center","23":"do-quantity-buttons","25":"first","26":"instock","27":"taxable","28":"shipping-taxable","29":"purchasable","30":"product-type-simple"},"_links":{"self":[{"href":"https:\/\/www.ngdcare.nl\/it\/wp-json\/wp\/v2\/product\/11701","targetHints":{"allow":["GET"]}}],"collection":[{"href":"https:\/\/www.ngdcare.nl\/it\/wp-json\/wp\/v2\/product"}],"about":[{"href":"https:\/\/www.ngdcare.nl\/it\/wp-json\/wp\/v2\/types\/product"}],"replies":[{"embeddable":true,"href":"https:\/\/www.ngdcare.nl\/it\/wp-json\/wp\/v2\/comments?post=11701"}],"wp:featuredmedia":[{"embeddable":true,"href":"https:\/\/www.ngdcare.nl\/it\/wp-json\/wp\/v2\/media\/17624"}],"wp:attachment":[{"href":"https:\/\/www.ngdcare.nl\/it\/wp-json\/wp\/v2\/media?parent=11701"}],"wp:term":[{"taxonomy":"product_brand","embeddable":true,"href":"https:\/\/www.ngdcare.nl\/it\/wp-json\/wp\/v2\/product_brand?post=11701"},{"taxonomy":"product_cat","embeddable":true,"href":"https:\/\/www.ngdcare.nl\/it\/wp-json\/wp\/v2\/product_cat?post=11701"},{"taxonomy":"product_tag","embeddable":true,"href":"https:\/\/www.ngdcare.nl\/it\/wp-json\/wp\/v2\/product_tag?post=11701"},{"taxonomy":"merken","embeddable":true,"href":"https:\/\/www.ngdcare.nl\/it\/wp-json\/wp\/v2\/merken?post=11701"}],"curies":[{"name":"wp","href":"https:\/\/api.w.org\/{rel}","templated":true}]}}