{"id":11751,"date":"2025-11-15T22:17:51","date_gmt":"2025-11-15T21:17:51","guid":{"rendered":"https:\/\/www.ngdcare.nl\/product\/senza-categoria\/glutatione-liposomale-2\/"},"modified":"2025-12-01T20:44:47","modified_gmt":"2025-12-01T19:44:47","slug":"glutatione-liposomale-2","status":"publish","type":"product","link":"https:\/\/www.ngdcare.nl\/it\/product\/integratori-alimentari\/glutatione-liposomale-2\/","title":{"rendered":"Glutatione liposomale"},"content":{"rendered":"<p data-start=\"1353\" data-end=\"1697\"><strong>Il glutatione<\/strong> \u00e8 l&#8217;antiossidante intracellulare pi\u00f9 abbondante ed essenziale per la neutralizzazione dei radicali liberi, la protezione delle cellule e il supporto del sistema naturale di disintossicazione (disintossicazione di fase II). Il livello di glutatione diminuisce sotto l&#8217;influenza di stress, tossine, farmaci, invecchiamento e intenso sforzo fisico. <\/p>\n<p data-start=\"1699\" data-end=\"1901\"><strong>NGD Care Liposomal Glutation<\/strong> \u00e8 formulato in una matrice liposomale di alta qualit\u00e0, che lo mantiene attivamente protetto nel tratto gastrointestinale ed \u00e8 assorbito con un&#8217;efficienza molto pi\u00f9 elevata.<\/p>\n<p data-start=\"1903\" data-end=\"1951\">Il nostro glutatione liposomale umano supporta:<\/p>\n<ul>\n<li data-start=\"1954\" data-end=\"2000\">La rimozione naturale delle sostanze indesiderate<\/li>\n<li data-start=\"2003\" data-end=\"2054\">La protezione delle cellule dallo stress ossidativo<\/li>\n<li data-start=\"2057\" data-end=\"2087\">Equilibrio del sistema immunitario<\/li>\n<li data-start=\"2090\" data-end=\"2140\">Recupero dopo malattia, carico pesante o tossicit\u00e0<\/li>\n<li data-start=\"2143\" data-end=\"2179\">Funzione epatica (coniugazione di stadio II)<\/li>\n<\/ul>\n<p data-start=\"2181\" data-end=\"2319\">Questa formula \u00e8 adatta all&#8217;uso quotidiano e si inserisce nei piani di trattamento integrativi, inclusi interventi sullo stile di vita e nutrizionali.<\/p>\n","protected":false},"excerpt":{"rendered":"<p data-start=\"719\" data-end=\"1021\">Il glutatione liposomale di NGD Care contiene glutatione ridotto (GSH) in un complesso liposomale puro per un assorbimento ottimale. Il glutatione \u00e8 uno degli antiossidanti endogeni pi\u00f9 importanti e svolge un ruolo centrale nella disintossicazione, nell&#8217;equilibrio immunitario e nella protezione cellulare. Questa formula \u00e8 stata sviluppata per la massima biodisponibilit\u00e0 e uso quotidiano.  <\/p>\n","protected":false},"featured_media":11754,"comment_status":"open","ping_status":"closed","template":"","meta":[],"product_brand":[],"product_cat":[5357],"product_tag":[5843,2629,2295,6117,6128,5404,2036,6197,1865,5405],"merken":[2756],"class_list":{"0":"post-11751","1":"product","2":"type-product","3":"status-publish","4":"has-post-thumbnail","6":"product_cat-integratori-alimentari","7":"product_tag-antiossidanti","8":"product_tag-cura-ngd","9":"product_tag-detox-it","10":"product_tag-glutatione","11":"product_tag-gsh","12":"product_tag-integratori-umani","13":"product_tag-liposomiale","14":"product_tag-salute-epatica","15":"product_tag-sistema-immunitario","16":"product_tag-stress-ossidativo","17":"merken-ngdcare","18":"infinite-scroll-item","19":"sales-flash-overlay","20":"woocommerce-text-align-center","21":"woocommerce-image-align-center","22":"do-quantity-buttons","24":"first","25":"instock","26":"taxable","27":"shipping-taxable","28":"purchasable","29":"product-type-simple"},"_links":{"self":[{"href":"https:\/\/www.ngdcare.nl\/it\/wp-json\/wp\/v2\/product\/11751","targetHints":{"allow":["GET"]}}],"collection":[{"href":"https:\/\/www.ngdcare.nl\/it\/wp-json\/wp\/v2\/product"}],"about":[{"href":"https:\/\/www.ngdcare.nl\/it\/wp-json\/wp\/v2\/types\/product"}],"replies":[{"embeddable":true,"href":"https:\/\/www.ngdcare.nl\/it\/wp-json\/wp\/v2\/comments?post=11751"}],"wp:featuredmedia":[{"embeddable":true,"href":"https:\/\/www.ngdcare.nl\/it\/wp-json\/wp\/v2\/media\/11754"}],"wp:attachment":[{"href":"https:\/\/www.ngdcare.nl\/it\/wp-json\/wp\/v2\/media?parent=11751"}],"wp:term":[{"taxonomy":"product_brand","embeddable":true,"href":"https:\/\/www.ngdcare.nl\/it\/wp-json\/wp\/v2\/product_brand?post=11751"},{"taxonomy":"product_cat","embeddable":true,"href":"https:\/\/www.ngdcare.nl\/it\/wp-json\/wp\/v2\/product_cat?post=11751"},{"taxonomy":"product_tag","embeddable":true,"href":"https:\/\/www.ngdcare.nl\/it\/wp-json\/wp\/v2\/product_tag?post=11751"},{"taxonomy":"merken","embeddable":true,"href":"https:\/\/www.ngdcare.nl\/it\/wp-json\/wp\/v2\/merken?post=11751"}],"curies":[{"name":"wp","href":"https:\/\/api.w.org\/{rel}","templated":true}]}}