{"id":11773,"date":"2025-11-17T10:52:41","date_gmt":"2025-11-17T09:52:41","guid":{"rendered":"https:\/\/www.ngdcare.nl\/product\/senza-categoria\/supporto-lipsomale-relax\/"},"modified":"2025-12-01T17:09:38","modified_gmt":"2025-12-01T16:09:38","slug":"supporto-lipsomale-relax","status":"publish","type":"product","link":"https:\/\/www.ngdcare.nl\/it\/product\/salute-umana\/integratori-alimentari\/supporto-lipsomale-relax\/","title":{"rendered":"Supporto Lipsomale Relax"},"content":{"rendered":"<p data-start=\"901\" data-end=\"1066\"><strong>Relax Support<\/strong> \u00e8 stato sviluppato per persone che soffrono di stress, sensibilit\u00e0 agli stimoli, tensione, sovraccarico mentale o difficolt\u00e0 a rilassarsi e addormentarsi. La formula contiene quattro ingredienti sinergici: <strong>bisglicinato di magnesio, L-teanina, L-triptofano <\/strong>e<strong> vitamina B6<\/strong>. <\/p>\n<p data-start=\"901\" data-end=\"1066\">Il bisglicinato di magnesio \u00e8 una forma altamente assorbibile che nutre il sistema nervoso, abbassa il tono muscolare e supporta oltre 300 processi enzimatici, inclusa la regolazione dello stress.<\/p>\n<p data-start=\"901\" data-end=\"1066\">La L-teanina favorisce onde alfa nel cervello, che forniscono rilassamento senza sonnolenza e un flusso di pensieri pi\u00f9 calmo.<\/p>\n<p data-start=\"901\" data-end=\"1066\">La L-triptofano \u00e8 il precursore naturale della serotonina e della melatonina e favorisce la qualit\u00e0 dell&#8217;umore, del riposo e del sonno.<\/p>\n<p data-start=\"901\" data-end=\"1066\">La vitamina B6 aiuta nella conversione del triptofano in serotonina e contribuisce a un equilibrio equilibrato dei neurotrasmettitori.<\/p>\n<p data-start=\"901\" data-end=\"1066\">Questa formula funziona sia durante il giorno (riposo, concentrazione, minore reattivit\u00e0 allo stress) sia la sera (sonno e sonno migliori). Relax Support \u00e8 lieve, sicuro per l&#8217;uso quotidiano e pu\u00f2 essere ben combinato con adattogeni, NAC, magnesio e supporti intestinali in vie integrative orientate alla regolazione dell&#8217;asse dello stress, all&#8217;equilibrio HPA\/HPT e all&#8217;asse intestino-cervello. <\/p>\n","protected":false},"excerpt":{"rendered":"<p>Relax Support combina bisglicinato di magnesio, L-teanina, L-triptofano e vitamina B6 per supportare il rilassamento, l&#8217;equilibrio dello stress, l&#8217;elaborazione degli stimoli e la qualit\u00e0 del sonno.<\/p>\n","protected":false},"featured_media":11745,"comment_status":"open","ping_status":"closed","template":"","meta":{"wds_primary_product_brand":0,"wds_primary_product_cat":0,"wds_primary_merken":0},"product_brand":[],"product_cat":[5357],"product_tag":[2041,6063,6059,6069,2044,2629,6071,2036,6072,6068,2456,3404,2112,6061,6065,6066],"merken":[2756],"class_list":{"0":"post-11773","1":"product","2":"type-product","3":"status-publish","4":"has-post-thumbnail","6":"product_cat-integratori-alimentari","7":"product_tag-b6-it","8":"product_tag-bisglicinato-di-magnesio","9":"product_tag-cane-da-rilassamento","10":"product_tag-cofattore-serotonina","11":"product_tag-comportamento","12":"product_tag-cura-ngd","13":"product_tag-dormire-2","14":"product_tag-liposomiale","15":"product_tag-neurotrasmettitori-cofattori","16":"product_tag-p-5-p","17":"product_tag-riposo","18":"product_tag-sistema-nervoso-it","19":"product_tag-stress-it","20":"product_tag-supporto-al-sonno","21":"product_tag-teanina","22":"product_tag-triptofano","23":"merken-ngdcare","24":"infinite-scroll-item","25":"sales-flash-overlay","26":"woocommerce-text-align-center","27":"woocommerce-image-align-center","28":"do-quantity-buttons","30":"first","31":"instock","32":"taxable","33":"shipping-taxable","34":"purchasable","35":"product-type-simple"},"_links":{"self":[{"href":"https:\/\/www.ngdcare.nl\/it\/wp-json\/wp\/v2\/product\/11773","targetHints":{"allow":["GET"]}}],"collection":[{"href":"https:\/\/www.ngdcare.nl\/it\/wp-json\/wp\/v2\/product"}],"about":[{"href":"https:\/\/www.ngdcare.nl\/it\/wp-json\/wp\/v2\/types\/product"}],"replies":[{"embeddable":true,"href":"https:\/\/www.ngdcare.nl\/it\/wp-json\/wp\/v2\/comments?post=11773"}],"wp:featuredmedia":[{"embeddable":true,"href":"https:\/\/www.ngdcare.nl\/it\/wp-json\/wp\/v2\/media\/11745"}],"wp:attachment":[{"href":"https:\/\/www.ngdcare.nl\/it\/wp-json\/wp\/v2\/media?parent=11773"}],"wp:term":[{"taxonomy":"product_brand","embeddable":true,"href":"https:\/\/www.ngdcare.nl\/it\/wp-json\/wp\/v2\/product_brand?post=11773"},{"taxonomy":"product_cat","embeddable":true,"href":"https:\/\/www.ngdcare.nl\/it\/wp-json\/wp\/v2\/product_cat?post=11773"},{"taxonomy":"product_tag","embeddable":true,"href":"https:\/\/www.ngdcare.nl\/it\/wp-json\/wp\/v2\/product_tag?post=11773"},{"taxonomy":"merken","embeddable":true,"href":"https:\/\/www.ngdcare.nl\/it\/wp-json\/wp\/v2\/merken?post=11773"}],"curies":[{"name":"wp","href":"https:\/\/api.w.org\/{rel}","templated":true}]}}