{"id":11793,"date":"2025-11-15T21:27:01","date_gmt":"2025-11-15T20:27:01","guid":{"rendered":"https:\/\/www.ngdcare.nl\/product\/senza-categoria\/coenzima-liposomale-q10-2\/"},"modified":"2025-12-01T20:47:18","modified_gmt":"2025-12-01T19:47:18","slug":"coenzima-liposomale-q10-2","status":"publish","type":"product","link":"https:\/\/www.ngdcare.nl\/it\/product\/salute-umana\/integratori-alimentari\/coenzima-liposomale-q10-2\/","title":{"rendered":"Coenzima liposomale Q10"},"content":{"rendered":"<p class=\"p1\">Il <strong>coenzima Q10<\/strong> \u00e8 una sostanza potente che svolge un ruolo chiave nei mitocondri: le fabbriche energetiche delle nostre cellule. Questo Q10 liposomale contiene 160 mg di ubichinone per capsula ed \u00e8 racchiuso in fosfolipidi di alta qualit\u00e0 per una biodisponibilit\u00e0 notevolmente migliorata. <\/p>\n<p class=\"p1\">Con l&#8217;et\u00e0 o l&#8217;aumento dello stress, i livelli di Coenzima Q10 diminuiscono e l&#8217;efficienza dei mitocondri diminuisce. Questo pu\u00f2 portare a stanchezza, problemi di recupero e maggiore sensibilit\u00e0 allo stress ossidativo. Questa formula \u00e8 adatta a chiunque desideri un supporto extra per energia, riparazione e protezione cellulare, ed \u00e8 spesso utilizzata per stanchezza, carico sportivo, situazioni di stress o durante l&#8217;invecchiamento naturale. La forma liposomale rende l&#8217;assorbimento 3\u20135 volte pi\u00f9 efficiente rispetto al Q10 standard, quindi dosi pi\u00f9 basse continuano a garantire un effetto potente. Funziona in sinergia con vitamine del gruppo B, NAD+, magnesio e omega, inserendosi in un approccio integrativo pi\u00f9 ampio.    <\/p>\n","protected":false},"excerpt":{"rendered":"<p class=\"p1\"><strong>Il coenzima liposomale Q10<\/strong> supporta il metabolismo energetico, la vitalit\u00e0 e la naturale capacit\u00e0 rigenerativa. La tecnica liposomale consente di assorbire l&#8217;ubichinone in modo ottimale e di essere immediatamente disponibile alle cellule. Ideale per affaticamento, carichi intensi, invecchiamento e supporto mitocondriale aggiuntivo.  <\/p>\n<p>.<\/p>\n","protected":false},"featured_media":11795,"comment_status":"open","ping_status":"closed","template":"","meta":{"wds_primary_product_brand":0,"wds_primary_product_cat":0,"wds_primary_merken":0},"product_brand":[],"product_cat":[5357],"product_tag":[2282,6158,2629,2049,6215,6216,5404,2036,5624,5359,6219],"merken":[2756],"class_list":{"0":"post-11793","1":"product","2":"type-product","3":"status-publish","4":"has-post-thumbnail","6":"product_cat-integratori-alimentari","7":"product_tag-antiossidante","8":"product_tag-coq10","9":"product_tag-cura-ngd","10":"product_tag-energia","11":"product_tag-energia-della-cella","12":"product_tag-fatica","13":"product_tag-integratori-umani","14":"product_tag-liposomiale","15":"product_tag-mitocondri","16":"product_tag-ngd-cura-salute-umana","17":"product_tag-ubiquinone","18":"merken-ngdcare","19":"infinite-scroll-item","20":"sales-flash-overlay","21":"woocommerce-text-align-center","22":"woocommerce-image-align-center","23":"do-quantity-buttons","25":"first","26":"instock","27":"taxable","28":"shipping-taxable","29":"purchasable","30":"product-type-simple"},"_links":{"self":[{"href":"https:\/\/www.ngdcare.nl\/it\/wp-json\/wp\/v2\/product\/11793","targetHints":{"allow":["GET"]}}],"collection":[{"href":"https:\/\/www.ngdcare.nl\/it\/wp-json\/wp\/v2\/product"}],"about":[{"href":"https:\/\/www.ngdcare.nl\/it\/wp-json\/wp\/v2\/types\/product"}],"replies":[{"embeddable":true,"href":"https:\/\/www.ngdcare.nl\/it\/wp-json\/wp\/v2\/comments?post=11793"}],"wp:featuredmedia":[{"embeddable":true,"href":"https:\/\/www.ngdcare.nl\/it\/wp-json\/wp\/v2\/media\/11795"}],"wp:attachment":[{"href":"https:\/\/www.ngdcare.nl\/it\/wp-json\/wp\/v2\/media?parent=11793"}],"wp:term":[{"taxonomy":"product_brand","embeddable":true,"href":"https:\/\/www.ngdcare.nl\/it\/wp-json\/wp\/v2\/product_brand?post=11793"},{"taxonomy":"product_cat","embeddable":true,"href":"https:\/\/www.ngdcare.nl\/it\/wp-json\/wp\/v2\/product_cat?post=11793"},{"taxonomy":"product_tag","embeddable":true,"href":"https:\/\/www.ngdcare.nl\/it\/wp-json\/wp\/v2\/product_tag?post=11793"},{"taxonomy":"merken","embeddable":true,"href":"https:\/\/www.ngdcare.nl\/it\/wp-json\/wp\/v2\/merken?post=11793"}],"curies":[{"name":"wp","href":"https:\/\/api.w.org\/{rel}","templated":true}]}}